{"id":1050,"date":"2019-04-11T15:24:22","date_gmt":"2019-04-11T15:24:22","guid":{"rendered":"http:\/\/klangfestivalen.no\/?page_id=1050"},"modified":"2019-05-25T17:49:11","modified_gmt":"2019-05-25T17:49:11","slug":"program-2019","status":"publish","type":"page","link":"https:\/\/klangfestivalen.no\/?page_id=1050","title":{"rendered":"Program 2019"},"content":{"rendered":"<p><strong><br \/>\nTORSDAG 15. AUGUST<\/strong><\/p>\n<p><strong>kl 19:00 S\u00e5 stilt som berre vinden snur<br \/>\n<\/strong>Salmekveld med Edvard Hoem, Henning Sommerro, Randi Anita Dale, Klangkoret<br \/>\nledet av Gunn Sissel Bakken H\u00e5seth, publikum.<\/p>\n<p><strong><br \/>\nFREDAG 16. AUGUST<\/strong><\/p>\n<p><strong>kl\u00a0<\/strong><strong>18:00 \u00c5pning\/Nye Nord<\/strong><br \/>\nFr\u00e6nas varaordf\u00f8rer Jan Arve Dyrnes \u00e5pner festivalen.<br \/>\nBerit Opheim, Karl Seglem, elever fra Fr\u00e6na kulturskule, Sigurd Hole, Tore Sandbakken,<br \/>\nny tradisjonsmusikk, kaffe og kjeks.<\/p>\n<p><strong>kl 19:30 Kveldskonsert<\/strong><br \/>\nAnn Helen Moen, Atle Sponberg og Henning Sommerro, med Andr\u00e9 Roligheten,<br \/>\nMartin Casal, \u00c5sbj\u00f8rg Ryeng.<\/p>\n<p><strong><br \/>\nL\u00d8RDAG 17. AUGUST<\/strong><\/p>\n<p><strong>kl 15:00 Hustadvika<br \/>\n<\/strong>Kaf\u00e9konsert p\u00e5 Grendahuset med Arild Hammer\u00f8, Endre Ruset, Hayden Powell<br \/>\nog splitter nye sanger om oppvekst p\u00e5 Romsdalskysten. Lunsj og lave skuldre.<br \/>\n<strong>NB Lunsj kontant\/vipps. <\/strong><\/p>\n<p><strong>kl 17:00 Roaldsnes Fem og Ryeng\/Casal<br \/>\n<\/strong>Jazzmannfolkstjernerekke m\u00f8ter tangoduo til verkstedkonsert. Kort kaffepause f\u00f8r<\/p>\n<p><strong>kl 18:30 Edvard Hoem 70\/50<br \/>\n<\/strong>Ann Helen Moen, Henning Sommerro og festivalens artister feirer Edvard Hoems dobbeltjubileum.<\/p>\n<p><strong><br \/>\nS\u00d8NDAG 18. AUGUST<\/strong><\/p>\n<p><strong>kl 12:00 Konsertgudstjeneste <\/strong>B\u00e5de konsert og gudstjeneste, p\u00e5 jazzm\u00e5ten.<br \/>\nAndr\u00e9 Roligheten, Dag-Filip Roaldsnes, Hayden Powell, Tore Sandbakken,<br \/>\nTrygve Fiske, K\u00e5re Nordstoga, Klangkoret ledet av Gunn Sissel Bakken H\u00e5seth.<br \/>\nSokneprest Finn Ove Kaldhorn er liturg. Gratis.<\/p>\n<p><strong>kl 13:00 Kirkekaffe\/Lunsj NB kontant\/vipps<\/strong><\/p>\n<p><strong>kl 14:00 Draumkvedet<br \/>\n<\/strong>Berit Opheim, Karl Seglem, K\u00e5re Nordstoga.<\/p>\n<p>&nbsp;<\/p>\n","protected":false},"excerpt":{"rendered":"<p>TORSDAG 15. AUGUST kl 19:00 S\u00e5 stilt som berre vinden snur Salmekveld med [&hellip;]<\/p>\n","protected":false},"author":1,"featured_media":0,"parent":0,"menu_order":0,"comment_status":"closed","ping_status":"closed","template":"","meta":{"footnotes":""},"class_list":["post-1050","page","type-page","status-publish","hentry"],"_links":{"self":[{"href":"https:\/\/klangfestivalen.no\/index.php?rest_route=\/wp\/v2\/pages\/1050","targetHints":{"allow":["GET"]}}],"collection":[{"href":"https:\/\/klangfestivalen.no\/index.php?rest_route=\/wp\/v2\/pages"}],"about":[{"href":"https:\/\/klangfestivalen.no\/index.php?rest_route=\/wp\/v2\/types\/page"}],"author":[{"embeddable":true,"href":"https:\/\/klangfestivalen.no\/index.php?rest_route=\/wp\/v2\/users\/1"}],"replies":[{"embeddable":true,"href":"https:\/\/klangfestivalen.no\/index.php?rest_route=%2Fwp%2Fv2%2Fcomments&post=1050"}],"version-history":[{"count":5,"href":"https:\/\/klangfestivalen.no\/index.php?rest_route=\/wp\/v2\/pages\/1050\/revisions"}],"predecessor-version":[{"id":1082,"href":"https:\/\/klangfestivalen.no\/index.php?rest_route=\/wp\/v2\/pages\/1050\/revisions\/1082"}],"wp:attachment":[{"href":"https:\/\/klangfestivalen.no\/index.php?rest_route=%2Fwp%2Fv2%2Fmedia&parent=1050"}],"curies":[{"name":"wp","href":"https:\/\/api.w.org\/{rel}","templated":true}]}}