{"id":1123,"date":"2019-09-06T07:32:24","date_gmt":"2019-09-06T07:32:24","guid":{"rendered":"http:\/\/klangfestivalen.no\/?page_id=1123"},"modified":"2024-01-12T21:16:36","modified_gmt":"2024-01-12T21:16:36","slug":"klangturneen-2019","status":"publish","type":"page","link":"https:\/\/klangfestivalen.no\/?page_id=1123","title":{"rendered":"Klangturn\u00e9en 2019"},"content":{"rendered":"<p><a href=\"https:\/\/klangfestivalen.no\/wp-content\/uploads\/2019\/09\/edvard_hoem_paal_audestad_.jpeg\"><img loading=\"lazy\" decoding=\"async\" class=\"alignnone size-medium wp-image-1379\" src=\"https:\/\/klangfestivalen.no\/wp-content\/uploads\/2019\/09\/edvard_hoem_paal_audestad_-300x200.jpeg\" alt=\"edvard_hoem_paal_audestad_\" width=\"300\" height=\"200\" srcset=\"https:\/\/klangfestivalen.no\/wp-content\/uploads\/2019\/09\/edvard_hoem_paal_audestad_-300x200.jpeg 300w, https:\/\/klangfestivalen.no\/wp-content\/uploads\/2019\/09\/edvard_hoem_paal_audestad_-768x512.jpeg 768w, https:\/\/klangfestivalen.no\/wp-content\/uploads\/2019\/09\/edvard_hoem_paal_audestad_-1024x683.jpeg 1024w\" sizes=\"auto, (max-width: 300px) 100vw, 300px\" \/><\/a><\/p>\n<h2>Edvard Hoem 70\/50!<\/h2>\n<p>&nbsp;<\/p>\n<p>I 2019 fylte <strong>Edvard Hoem<\/strong> sytti \u00e5r, og markerte samtidig at det varr femti \u00e5r siden han debuterte som forfatter. Da var det p\u00e5 sin plass med en turn\u00e9 i hjemfylket M\u00f8re og Romsdal!<\/p>\n<p>Klangturn\u00e9en <strong>\u00abEdvard Hoem 70\/50\u00bb<\/strong> bes\u00f8kte \u00e5tte kirker i M\u00f8re og Romsdal i perioden 12-20. september 2019. Med seg p\u00e5 turn\u00e9en hadde Edvard komponist, sanger, arrang\u00f8r og mange\u00e5rig makker <strong>Henning Sommerro<\/strong>, jazzpianist <strong>Dag-Filip Roaldsnes<\/strong> og sanger <strong>Hilde Brunsvik<\/strong>. Sammen framf\u00f8rte de tekster, sanger og salmer fra hele Edvards store produksjon gjennom femti \u00e5r.<\/p>\n<p><strong>Turn\u00e9datoer<br \/>\n<\/strong>12.09 kl 1900: Ulstein kyrkje<br \/>\n13.09 kl 1900: Vigra kyrkje<br \/>\n15.09 kl 1900: Spjelkavik kyrkje<br \/>\n16.09 kl 1900: Frei kyrkje<br \/>\n17.09 kl 1800: R\u00f8bekk kyrkje<br \/>\n18.09 kl 1900: Bud kyrkje<br \/>\n19.09 kl 1900: Rindal kyrkje<br \/>\n20.09 kl 1800: R\u00f8dven stavkyrkje<\/p>\n","protected":false},"excerpt":{"rendered":"<p>Edvard Hoem 70\/50! &nbsp; I 2019 fylte Edvard Hoem sytti \u00e5r, og markerte [&hellip;]<\/p>\n","protected":false},"author":1,"featured_media":0,"parent":0,"menu_order":0,"comment_status":"closed","ping_status":"closed","template":"","meta":{"footnotes":""},"class_list":["post-1123","page","type-page","status-publish","hentry"],"_links":{"self":[{"href":"https:\/\/klangfestivalen.no\/index.php?rest_route=\/wp\/v2\/pages\/1123","targetHints":{"allow":["GET"]}}],"collection":[{"href":"https:\/\/klangfestivalen.no\/index.php?rest_route=\/wp\/v2\/pages"}],"about":[{"href":"https:\/\/klangfestivalen.no\/index.php?rest_route=\/wp\/v2\/types\/page"}],"author":[{"embeddable":true,"href":"https:\/\/klangfestivalen.no\/index.php?rest_route=\/wp\/v2\/users\/1"}],"replies":[{"embeddable":true,"href":"https:\/\/klangfestivalen.no\/index.php?rest_route=%2Fwp%2Fv2%2Fcomments&post=1123"}],"version-history":[{"count":14,"href":"https:\/\/klangfestivalen.no\/index.php?rest_route=\/wp\/v2\/pages\/1123\/revisions"}],"predecessor-version":[{"id":2057,"href":"https:\/\/klangfestivalen.no\/index.php?rest_route=\/wp\/v2\/pages\/1123\/revisions\/2057"}],"wp:attachment":[{"href":"https:\/\/klangfestivalen.no\/index.php?rest_route=%2Fwp%2Fv2%2Fmedia&parent=1123"}],"curies":[{"name":"wp","href":"https:\/\/api.w.org\/{rel}","templated":true}]}}