{"id":1271,"date":"2021-05-02T12:14:27","date_gmt":"2021-05-02T12:14:27","guid":{"rendered":"https:\/\/klangfestivalen.no\/?page_id=1271"},"modified":"2023-12-03T19:46:05","modified_gmt":"2023-12-03T19:46:05","slug":"klangfestivalen-2019","status":"publish","type":"page","link":"https:\/\/klangfestivalen.no\/?page_id=1271","title":{"rendered":"Klangfestivalen 2019"},"content":{"rendered":"<p style=\"text-align: center;\"><a href=\"https:\/\/klangfestivalen.no\/wp-content\/uploads\/2023\/12\/thumb_IMG_2807_1024.jpg\"><img loading=\"lazy\" decoding=\"async\" class=\"alignnone size-medium wp-image-1938\" src=\"https:\/\/klangfestivalen.no\/wp-content\/uploads\/2023\/12\/thumb_IMG_2807_1024-300x225.jpg\" alt=\"thumb_IMG_2807_1024\" width=\"300\" height=\"225\" srcset=\"https:\/\/klangfestivalen.no\/wp-content\/uploads\/2023\/12\/thumb_IMG_2807_1024-300x225.jpg 300w, https:\/\/klangfestivalen.no\/wp-content\/uploads\/2023\/12\/thumb_IMG_2807_1024-768x576.jpg 768w, https:\/\/klangfestivalen.no\/wp-content\/uploads\/2023\/12\/thumb_IMG_2807_1024.jpg 1024w\" sizes=\"auto, (max-width: 300px) 100vw, 300px\" \/><\/a><\/p>\n<p>Den sjette Klangfestivalen 15-18 august markerte Edvard Hoems doble jubileum, 70 \u00e5r i verden og 50 \u00e5r som forfatter, med to konserter. Jazzmannfolkstjernerekka Roaldsnes Fem kom for fjerde gang, et lite mirakel, og trollmannen Henning Sommerro for femte gang, ogs\u00e5 et mirakel. Duoen Casal\/Ryeng f\u00f8lger opp fjor\u00e5rets inspirerende tangokonsert, Arild Hammer\u00f8 og Endre Ruset framf\u00f8rte svingende ny musikkpoesi p\u00e5 Grendahuset. Magiker Karl Seglem fortsatte sitt viktige arbeid med neste generasjon musikere, Ann Helen Moen og Berit Opheim framf\u00f8rte enest\u00e5ende vokalmusikk i hver sin sjanger og K\u00e5re Nordstoga satte seg p\u00e5 orgelkrakken enda en gang. Dessuten hadde kirka f\u00e5tt flunkende nytt flygel!<\/p>\n<p>Se <a href=\"https:\/\/klangfestivalen.no\/?page_id=1054\">program<\/a> og <a href=\"https:\/\/klangfestivalen.no\/?page_id=1054\">artistliste<\/a>\u00a0her.<\/p>\n<p style=\"text-align: center;\"><a href=\"https:\/\/klangfestivalen.no\/wp-content\/uploads\/2023\/12\/IMG_2618.jpg\"><img loading=\"lazy\" decoding=\"async\" class=\"alignnone size-medium wp-image-1940\" src=\"https:\/\/klangfestivalen.no\/wp-content\/uploads\/2023\/12\/IMG_2618-225x300.jpg\" alt=\"IMG_2618\" width=\"225\" height=\"300\" srcset=\"https:\/\/klangfestivalen.no\/wp-content\/uploads\/2023\/12\/IMG_2618-225x300.jpg 225w, https:\/\/klangfestivalen.no\/wp-content\/uploads\/2023\/12\/IMG_2618-768x1024.jpg 768w\" sizes=\"auto, (max-width: 225px) 100vw, 225px\" \/><\/a><\/p>\n<p style=\"text-align: center;\"><a href=\"https:\/\/klangfestivalen.no\/wp-content\/uploads\/2023\/12\/IMG_2780.jpg\"><img loading=\"lazy\" decoding=\"async\" class=\"alignnone size-medium wp-image-1947\" src=\"https:\/\/klangfestivalen.no\/wp-content\/uploads\/2023\/12\/IMG_2780-225x300.jpg\" alt=\"IMG_2780\" width=\"225\" height=\"300\" srcset=\"https:\/\/klangfestivalen.no\/wp-content\/uploads\/2023\/12\/IMG_2780-225x300.jpg 225w, https:\/\/klangfestivalen.no\/wp-content\/uploads\/2023\/12\/IMG_2780-768x1024.jpg 768w\" sizes=\"auto, (max-width: 225px) 100vw, 225px\" \/><\/a><\/p>\n<p style=\"text-align: center;\"><a href=\"https:\/\/klangfestivalen.no\/wp-content\/uploads\/2023\/12\/IMG_2744.jpg\"><img loading=\"lazy\" decoding=\"async\" class=\"alignnone size-medium wp-image-1946\" src=\"https:\/\/klangfestivalen.no\/wp-content\/uploads\/2023\/12\/IMG_2744-225x300.jpg\" alt=\"IMG_2744\" width=\"225\" height=\"300\" srcset=\"https:\/\/klangfestivalen.no\/wp-content\/uploads\/2023\/12\/IMG_2744-225x300.jpg 225w, https:\/\/klangfestivalen.no\/wp-content\/uploads\/2023\/12\/IMG_2744-768x1024.jpg 768w\" sizes=\"auto, (max-width: 225px) 100vw, 225px\" \/><\/a><\/p>\n<p style=\"text-align: center;\"><a href=\"https:\/\/klangfestivalen.no\/wp-content\/uploads\/2023\/12\/IMG_2610.jpg\"><img loading=\"lazy\" decoding=\"async\" class=\"alignnone size-medium wp-image-1941\" src=\"https:\/\/klangfestivalen.no\/wp-content\/uploads\/2023\/12\/IMG_2610-225x300.jpg\" alt=\"IMG_2610\" width=\"225\" height=\"300\" srcset=\"https:\/\/klangfestivalen.no\/wp-content\/uploads\/2023\/12\/IMG_2610-225x300.jpg 225w, https:\/\/klangfestivalen.no\/wp-content\/uploads\/2023\/12\/IMG_2610-768x1024.jpg 768w\" sizes=\"auto, (max-width: 225px) 100vw, 225px\" \/><\/a><\/p>\n<p style=\"text-align: center;\"><a href=\"https:\/\/klangfestivalen.no\/wp-content\/uploads\/2021\/05\/IMG_2716.jpg\"><img loading=\"lazy\" decoding=\"async\" class=\"alignnone size-medium wp-image-1949\" src=\"https:\/\/klangfestivalen.no\/wp-content\/uploads\/2021\/05\/IMG_2716-225x300.jpg\" alt=\"IMG_2716\" width=\"225\" height=\"300\" srcset=\"https:\/\/klangfestivalen.no\/wp-content\/uploads\/2021\/05\/IMG_2716-225x300.jpg 225w, https:\/\/klangfestivalen.no\/wp-content\/uploads\/2021\/05\/IMG_2716-768x1024.jpg 768w\" sizes=\"auto, (max-width: 225px) 100vw, 225px\" \/><\/a><\/p>\n<p style=\"text-align: center;\"><a href=\"https:\/\/klangfestivalen.no\/wp-content\/uploads\/2021\/05\/IMG_2708.jpg\"><img loading=\"lazy\" decoding=\"async\" class=\"alignnone size-medium wp-image-1950\" src=\"https:\/\/klangfestivalen.no\/wp-content\/uploads\/2021\/05\/IMG_2708-225x300.jpg\" alt=\"IMG_2708\" width=\"225\" height=\"300\" srcset=\"https:\/\/klangfestivalen.no\/wp-content\/uploads\/2021\/05\/IMG_2708-225x300.jpg 225w, https:\/\/klangfestivalen.no\/wp-content\/uploads\/2021\/05\/IMG_2708-768x1024.jpg 768w\" sizes=\"auto, (max-width: 225px) 100vw, 225px\" \/><\/a><\/p>\n","protected":false},"excerpt":{"rendered":"<p>Den sjette Klangfestivalen 15-18 august markerte Edvard Hoems doble jubileum, 70 \u00e5r i [&hellip;]<\/p>\n","protected":false},"author":1,"featured_media":0,"parent":0,"menu_order":0,"comment_status":"closed","ping_status":"closed","template":"","meta":{"footnotes":""},"class_list":["post-1271","page","type-page","status-publish","hentry"],"_links":{"self":[{"href":"https:\/\/klangfestivalen.no\/index.php?rest_route=\/wp\/v2\/pages\/1271","targetHints":{"allow":["GET"]}}],"collection":[{"href":"https:\/\/klangfestivalen.no\/index.php?rest_route=\/wp\/v2\/pages"}],"about":[{"href":"https:\/\/klangfestivalen.no\/index.php?rest_route=\/wp\/v2\/types\/page"}],"author":[{"embeddable":true,"href":"https:\/\/klangfestivalen.no\/index.php?rest_route=\/wp\/v2\/users\/1"}],"replies":[{"embeddable":true,"href":"https:\/\/klangfestivalen.no\/index.php?rest_route=%2Fwp%2Fv2%2Fcomments&post=1271"}],"version-history":[{"count":7,"href":"https:\/\/klangfestivalen.no\/index.php?rest_route=\/wp\/v2\/pages\/1271\/revisions"}],"predecessor-version":[{"id":1966,"href":"https:\/\/klangfestivalen.no\/index.php?rest_route=\/wp\/v2\/pages\/1271\/revisions\/1966"}],"wp:attachment":[{"href":"https:\/\/klangfestivalen.no\/index.php?rest_route=%2Fwp%2Fv2%2Fmedia&parent=1271"}],"curies":[{"name":"wp","href":"https:\/\/api.w.org\/{rel}","templated":true}]}}