{"id":1273,"date":"2021-05-02T12:15:27","date_gmt":"2021-05-02T12:15:27","guid":{"rendered":"https:\/\/klangfestivalen.no\/?page_id=1273"},"modified":"2023-12-03T19:48:53","modified_gmt":"2023-12-03T19:48:53","slug":"klangfestivalen-2020","status":"publish","type":"page","link":"https:\/\/klangfestivalen.no\/?page_id=1273","title":{"rendered":"Klangfestivalen 2020"},"content":{"rendered":"<p style=\"text-align: center;\"><a href=\"https:\/\/klangfestivalen.no\/wp-content\/uploads\/2023\/12\/klangfestival.jpg\"><img loading=\"lazy\" decoding=\"async\" class=\"alignnone size-medium wp-image-1954\" src=\"https:\/\/klangfestivalen.no\/wp-content\/uploads\/2023\/12\/klangfestival-300x200.jpg\" alt=\"klangfestival\" width=\"300\" height=\"200\" srcset=\"https:\/\/klangfestivalen.no\/wp-content\/uploads\/2023\/12\/klangfestival-300x200.jpg 300w, https:\/\/klangfestivalen.no\/wp-content\/uploads\/2023\/12\/klangfestival.jpg 750w\" sizes=\"auto, (max-width: 300px) 100vw, 300px\" \/><\/a><\/p>\n<p>Den sjuende Klangfestivalen 14-16 august sto i pandemiens tegn, og vi oppdaget noen fordeler med \u00e5 v\u00e6re en liten festival i et stort rom. For eksempel at meter\u2019n er relativt lett \u00e5 gjennomf\u00f8re, at man kan ta av munnbindet n\u00e5r man skal drikke kaffe, at det alltid finnes et krypinn et sted hvor en musiker kan skifte.<\/p>\n<p>Vi nedskalerte og reduserte det ene og det andre, men kunne gjennomf\u00f8re! Ikke et vondt ord om str\u00f8mmekonserter, men det er n\u00e5 fint med lukter, lydb\u00f8lger, kropper, klangrom, andre folk.<\/p>\n<p>Som p\u00e5 alle Klangfestivaler var det musikere som har spilt her noen eller mange ganger f\u00f8r, og musikere som kom for f\u00f8rste gang, som Berit Opheim, Karl Seglem og Dag-Filip Roaldsnes, og K\u00e5re Opheim, Marja Mortensson og Budapestkoret.<\/p>\n<p>Se <a href=\"https:\/\/klangfestivalen.no\/?page_id=1164\">program<\/a> og <a href=\"https:\/\/klangfestivalen.no\/?page_id=1164\">artistliste<\/a>\u00a0her.<\/p>\n<p style=\"text-align: center;\"><a href=\"https:\/\/klangfestivalen.no\/wp-content\/uploads\/2023\/12\/ellen.jpg\"><img loading=\"lazy\" decoding=\"async\" class=\"alignnone size-medium wp-image-1955\" src=\"https:\/\/klangfestivalen.no\/wp-content\/uploads\/2023\/12\/ellen-200x300.jpg\" alt=\"ellen\" width=\"200\" height=\"300\" srcset=\"https:\/\/klangfestivalen.no\/wp-content\/uploads\/2023\/12\/ellen-200x300.jpg 200w, https:\/\/klangfestivalen.no\/wp-content\/uploads\/2023\/12\/ellen-768x1152.jpg 768w, https:\/\/klangfestivalen.no\/wp-content\/uploads\/2023\/12\/ellen-682x1024.jpg 682w, https:\/\/klangfestivalen.no\/wp-content\/uploads\/2023\/12\/ellen.jpg 853w\" sizes=\"auto, (max-width: 200px) 100vw, 200px\" \/><\/a><\/p>\n<p style=\"text-align: center;\"><a href=\"https:\/\/klangfestivalen.no\/wp-content\/uploads\/2023\/12\/hannah.jpg\"><img loading=\"lazy\" decoding=\"async\" class=\"alignnone size-medium wp-image-1956\" src=\"https:\/\/klangfestivalen.no\/wp-content\/uploads\/2023\/12\/hannah-200x300.jpg\" alt=\"hannah\" width=\"200\" height=\"300\" srcset=\"https:\/\/klangfestivalen.no\/wp-content\/uploads\/2023\/12\/hannah-200x300.jpg 200w, https:\/\/klangfestivalen.no\/wp-content\/uploads\/2023\/12\/hannah-768x1152.jpg 768w, https:\/\/klangfestivalen.no\/wp-content\/uploads\/2023\/12\/hannah-682x1024.jpg 682w, https:\/\/klangfestivalen.no\/wp-content\/uploads\/2023\/12\/hannah.jpg 853w\" sizes=\"auto, (max-width: 200px) 100vw, 200px\" \/><\/a><\/p>\n<p style=\"text-align: center;\"><a href=\"https:\/\/klangfestivalen.no\/wp-content\/uploads\/2023\/12\/karlseglem_.jpg\"><img loading=\"lazy\" decoding=\"async\" class=\"alignnone size-medium wp-image-1957\" src=\"https:\/\/klangfestivalen.no\/wp-content\/uploads\/2023\/12\/karlseglem_-200x300.jpg\" alt=\"karlseglem_\" width=\"200\" height=\"300\" srcset=\"https:\/\/klangfestivalen.no\/wp-content\/uploads\/2023\/12\/karlseglem_-200x300.jpg 200w, https:\/\/klangfestivalen.no\/wp-content\/uploads\/2023\/12\/karlseglem_-768x1152.jpg 768w, https:\/\/klangfestivalen.no\/wp-content\/uploads\/2023\/12\/karlseglem_-682x1024.jpg 682w, https:\/\/klangfestivalen.no\/wp-content\/uploads\/2023\/12\/karlseglem_.jpg 853w\" sizes=\"auto, (max-width: 200px) 100vw, 200px\" \/><\/a><\/p>\n<p style=\"text-align: center;\"><a href=\"https:\/\/klangfestivalen.no\/wp-content\/uploads\/2023\/12\/marja_daniel.jpg\"><img loading=\"lazy\" decoding=\"async\" class=\"alignnone size-medium wp-image-1958\" src=\"https:\/\/klangfestivalen.no\/wp-content\/uploads\/2023\/12\/marja_daniel-200x300.jpg\" alt=\"marja_daniel\" width=\"200\" height=\"300\" srcset=\"https:\/\/klangfestivalen.no\/wp-content\/uploads\/2023\/12\/marja_daniel-200x300.jpg 200w, https:\/\/klangfestivalen.no\/wp-content\/uploads\/2023\/12\/marja_daniel-768x1152.jpg 768w, https:\/\/klangfestivalen.no\/wp-content\/uploads\/2023\/12\/marja_daniel-683x1024.jpg 683w, https:\/\/klangfestivalen.no\/wp-content\/uploads\/2023\/12\/marja_daniel.jpg 1152w\" sizes=\"auto, (max-width: 200px) 100vw, 200px\" \/><\/a><\/p>\n<p style=\"text-align: center;\"><a href=\"https:\/\/klangfestivalen.no\/wp-content\/uploads\/2023\/12\/trommis.jpg\"><img loading=\"lazy\" decoding=\"async\" class=\"alignnone size-medium wp-image-1959\" src=\"https:\/\/klangfestivalen.no\/wp-content\/uploads\/2023\/12\/trommis-200x300.jpg\" alt=\"trommis\" width=\"200\" height=\"300\" srcset=\"https:\/\/klangfestivalen.no\/wp-content\/uploads\/2023\/12\/trommis-200x300.jpg 200w, https:\/\/klangfestivalen.no\/wp-content\/uploads\/2023\/12\/trommis-768x1152.jpg 768w, https:\/\/klangfestivalen.no\/wp-content\/uploads\/2023\/12\/trommis-682x1024.jpg 682w, https:\/\/klangfestivalen.no\/wp-content\/uploads\/2023\/12\/trommis.jpg 853w\" sizes=\"auto, (max-width: 200px) 100vw, 200px\" \/><\/a><\/p>\n<p style=\"text-align: center;\"><a href=\"https:\/\/klangfestivalen.no\/wp-content\/uploads\/2023\/12\/hilde2.jpg\"><img loading=\"lazy\" decoding=\"async\" class=\"alignnone size-medium wp-image-1961\" src=\"https:\/\/klangfestivalen.no\/wp-content\/uploads\/2023\/12\/hilde2-200x300.jpg\" alt=\"hilde2\" width=\"200\" height=\"300\" srcset=\"https:\/\/klangfestivalen.no\/wp-content\/uploads\/2023\/12\/hilde2-200x300.jpg 200w, https:\/\/klangfestivalen.no\/wp-content\/uploads\/2023\/12\/hilde2-768x1152.jpg 768w, https:\/\/klangfestivalen.no\/wp-content\/uploads\/2023\/12\/hilde2-682x1024.jpg 682w, https:\/\/klangfestivalen.no\/wp-content\/uploads\/2023\/12\/hilde2.jpg 853w\" sizes=\"auto, (max-width: 200px) 100vw, 200px\" \/><\/a><\/p>\n","protected":false},"excerpt":{"rendered":"<p>Den sjuende Klangfestivalen 14-16 august sto i pandemiens tegn, og vi oppdaget noen [&hellip;]<\/p>\n","protected":false},"author":1,"featured_media":0,"parent":0,"menu_order":0,"comment_status":"closed","ping_status":"closed","template":"","meta":{"footnotes":""},"class_list":["post-1273","page","type-page","status-publish","hentry"],"_links":{"self":[{"href":"https:\/\/klangfestivalen.no\/index.php?rest_route=\/wp\/v2\/pages\/1273","targetHints":{"allow":["GET"]}}],"collection":[{"href":"https:\/\/klangfestivalen.no\/index.php?rest_route=\/wp\/v2\/pages"}],"about":[{"href":"https:\/\/klangfestivalen.no\/index.php?rest_route=\/wp\/v2\/types\/page"}],"author":[{"embeddable":true,"href":"https:\/\/klangfestivalen.no\/index.php?rest_route=\/wp\/v2\/users\/1"}],"replies":[{"embeddable":true,"href":"https:\/\/klangfestivalen.no\/index.php?rest_route=%2Fwp%2Fv2%2Fcomments&post=1273"}],"version-history":[{"count":6,"href":"https:\/\/klangfestivalen.no\/index.php?rest_route=\/wp\/v2\/pages\/1273\/revisions"}],"predecessor-version":[{"id":1967,"href":"https:\/\/klangfestivalen.no\/index.php?rest_route=\/wp\/v2\/pages\/1273\/revisions\/1967"}],"wp:attachment":[{"href":"https:\/\/klangfestivalen.no\/index.php?rest_route=%2Fwp%2Fv2%2Fmedia&parent=1273"}],"curies":[{"name":"wp","href":"https:\/\/api.w.org\/{rel}","templated":true}]}}