{"id":1363,"date":"2021-09-06T19:01:58","date_gmt":"2021-09-06T19:01:58","guid":{"rendered":"https:\/\/klangfestivalen.no\/?page_id=1363"},"modified":"2024-01-12T21:12:53","modified_gmt":"2024-01-12T21:12:53","slug":"klangturneen-2021","status":"publish","type":"page","link":"https:\/\/klangfestivalen.no\/?page_id=1363","title":{"rendered":"Klangturneen 2021"},"content":{"rendered":"<h1><a href=\"https:\/\/klangfestivalen.no\/wp-content\/uploads\/2021\/09\/Bilde-16.09.2019-19-52-13-copy.jpg\"><img loading=\"lazy\" decoding=\"async\" class=\"alignnone size-medium wp-image-1365\" src=\"https:\/\/klangfestivalen.no\/wp-content\/uploads\/2021\/09\/Bilde-16.09.2019-19-52-13-copy-300x185.jpg\" alt=\"Bilde 16.09.2019, 19 52 13 copy\" width=\"300\" height=\"185\" srcset=\"https:\/\/klangfestivalen.no\/wp-content\/uploads\/2021\/09\/Bilde-16.09.2019-19-52-13-copy-300x185.jpg 300w, https:\/\/klangfestivalen.no\/wp-content\/uploads\/2021\/09\/Bilde-16.09.2019-19-52-13-copy-768x473.jpg 768w, https:\/\/klangfestivalen.no\/wp-content\/uploads\/2021\/09\/Bilde-16.09.2019-19-52-13-copy-1024x631.jpg 1024w, https:\/\/klangfestivalen.no\/wp-content\/uploads\/2021\/09\/Bilde-16.09.2019-19-52-13-copy.jpg 2009w\" sizes=\"auto, (max-width: 300px) 100vw, 300px\" \/><br \/>\n<\/a><strong>Hoem\/Sommerro til scenen!<\/strong><\/h1>\n<p>Samarbeidet mellom <strong>Edvard Hoem<\/strong> og <strong>Henning Sommerro<\/strong> begynte i 1974, da Henning ringte Edvard og spurte om han kunne skrive musikk til diktet \u00abDe er trygge til jul i Sauda\u00bb, p\u00e5 trykk i VG denne sommeren. L\u00e5ta ble en hit, og begynnelsen p\u00e5 et samarbeid som har vart i over f\u00f8rti \u00e5r, med sanger og salmer, og en rekke teater- og operaoppsetninger, flere med handling fra Romsdalstraktene.<\/p>\n<p>I denne konserten fikk vi h\u00f8re Edvard Hoem og Henning Sommerro framf\u00f8re og fortelle om kjente og mindre kjente sanger fra sin store teatermusikalske katalog. Med seg p\u00e5 scenen hadde de <strong>Dag-Filip Roaldsnes<\/strong> (piano), <strong>Hilde Brunsvik<\/strong> (sang) og <strong>Randi Anita Dale<\/strong> (kornett).<\/p>\n<p>Konserten hadde premiere under \u00e5rets Klangfestival. Budstikkas journalist omtalte konserten som \u00abrikt krydret\u00bb og et h\u00f8ydepunkt.<\/p>\n<p><strong>Turnedatoer<\/strong><br \/>\n26. september kl 18: R\u00f8bekk kirke<br \/>\n27. september kl 18: Spjelkavik kirke<br \/>\n28. september kl 18: Stangvik kirke<br \/>\n29. september kl 18: Vestnes kirke<\/p>\n<p>&nbsp;<\/p>\n","protected":false},"excerpt":{"rendered":"<p>Hoem\/Sommerro til scenen! Samarbeidet mellom Edvard Hoem og Henning Sommerro begynte i 1974, [&hellip;]<\/p>\n","protected":false},"author":1,"featured_media":0,"parent":0,"menu_order":0,"comment_status":"closed","ping_status":"closed","template":"","meta":{"footnotes":""},"class_list":["post-1363","page","type-page","status-publish","hentry"],"_links":{"self":[{"href":"https:\/\/klangfestivalen.no\/index.php?rest_route=\/wp\/v2\/pages\/1363","targetHints":{"allow":["GET"]}}],"collection":[{"href":"https:\/\/klangfestivalen.no\/index.php?rest_route=\/wp\/v2\/pages"}],"about":[{"href":"https:\/\/klangfestivalen.no\/index.php?rest_route=\/wp\/v2\/types\/page"}],"author":[{"embeddable":true,"href":"https:\/\/klangfestivalen.no\/index.php?rest_route=\/wp\/v2\/users\/1"}],"replies":[{"embeddable":true,"href":"https:\/\/klangfestivalen.no\/index.php?rest_route=%2Fwp%2Fv2%2Fcomments&post=1363"}],"version-history":[{"count":12,"href":"https:\/\/klangfestivalen.no\/index.php?rest_route=\/wp\/v2\/pages\/1363\/revisions"}],"predecessor-version":[{"id":2052,"href":"https:\/\/klangfestivalen.no\/index.php?rest_route=\/wp\/v2\/pages\/1363\/revisions\/2052"}],"wp:attachment":[{"href":"https:\/\/klangfestivalen.no\/index.php?rest_route=%2Fwp%2Fv2%2Fmedia&parent=1363"}],"curies":[{"name":"wp","href":"https:\/\/api.w.org\/{rel}","templated":true}]}}