{"id":1503,"date":"2022-05-03T08:54:41","date_gmt":"2022-05-03T08:54:41","guid":{"rendered":"https:\/\/klangfestivalen.no\/?page_id=1503"},"modified":"2023-12-03T19:57:23","modified_gmt":"2023-12-03T19:57:23","slug":"klangfestivalen-2021","status":"publish","type":"page","link":"https:\/\/klangfestivalen.no\/?page_id=1503","title":{"rendered":"Klangfestivalen 2021"},"content":{"rendered":"<p>Den \u00e5ttende Klangfestivalen 27-29. august hadde masse godv\u00e6r, og for andre \u00e5r p\u00e5 rad \u00f8nsket vi velkommen til festival i pandemiens tid, hvem hadde vel trodd det! Denne gangen syntes b\u00e5de arrang\u00f8rer, musikere og publikum at vi kunne b\u00e5de det ene og det andre om konserter og smittevernregler fra A til \u00c5.<\/p>\n<p>Bj\u00f8rn-Petter T\u00f8sse bl\u00e5ste oss av banen med trekkspillet sitt. K\u00e5re Nordstoga spilte nykomponerte og nyskapende orgelpreludier. Edvard Hoem og Jorun Marie Kvernberg tok oss inn i felemakar Lars Hoems verden, Karl Seglem tok oss inn i Karl Seglems verden, og Beate Mordal sjarmerte oss i senk med de fineste sangene og lydh\u00f8r makker Martin Bredin.<\/p>\n<p>Se <a href=\"https:\/\/klangfestivalen.no\/?page_id=1251\">program og artistliste<\/a>\u00a0her.<\/p>\n<p style=\"text-align: center;\"><a href=\"https:\/\/klangfestivalen.no\/wp-content\/uploads\/2023\/12\/Hans-Olav-Solli-e1701633230229.jpg\"><img loading=\"lazy\" decoding=\"async\" class=\"alignnone size-medium wp-image-1972\" src=\"https:\/\/klangfestivalen.no\/wp-content\/uploads\/2023\/12\/Hans-Olav-Solli-e1701633230229-225x300.jpg\" alt=\"Hans-Olav Solli\" width=\"225\" height=\"300\" srcset=\"https:\/\/klangfestivalen.no\/wp-content\/uploads\/2023\/12\/Hans-Olav-Solli-e1701633230229-225x300.jpg 225w, https:\/\/klangfestivalen.no\/wp-content\/uploads\/2023\/12\/Hans-Olav-Solli-e1701633230229.jpg 480w\" sizes=\"auto, (max-width: 225px) 100vw, 225px\" \/><\/a><\/p>\n<p style=\"text-align: center;\"><a href=\"https:\/\/klangfestivalen.no\/wp-content\/uploads\/2023\/12\/Felemakaren-e1701633247162.jpg\"><img loading=\"lazy\" decoding=\"async\" class=\"alignnone size-medium wp-image-1971\" src=\"https:\/\/klangfestivalen.no\/wp-content\/uploads\/2023\/12\/Felemakaren-e1701633247162-225x300.jpg\" alt=\"Felemakaren\" width=\"225\" height=\"300\" srcset=\"https:\/\/klangfestivalen.no\/wp-content\/uploads\/2023\/12\/Felemakaren-e1701633247162-225x300.jpg 225w, https:\/\/klangfestivalen.no\/wp-content\/uploads\/2023\/12\/Felemakaren-e1701633247162.jpg 480w\" sizes=\"auto, (max-width: 225px) 100vw, 225px\" \/><\/a><\/p>\n<p style=\"text-align: center;\"><a href=\"https:\/\/klangfestivalen.no\/wp-content\/uploads\/2023\/12\/Dag-Filip-Roaldsnes2-e1701633259380.jpg\"><img loading=\"lazy\" decoding=\"async\" class=\"alignnone size-medium wp-image-1970\" src=\"https:\/\/klangfestivalen.no\/wp-content\/uploads\/2023\/12\/Dag-Filip-Roaldsnes2-e1701633259380-225x300.jpg\" alt=\"Dag-Filip Roaldsnes2\" width=\"225\" height=\"300\" srcset=\"https:\/\/klangfestivalen.no\/wp-content\/uploads\/2023\/12\/Dag-Filip-Roaldsnes2-e1701633259380-225x300.jpg 225w, https:\/\/klangfestivalen.no\/wp-content\/uploads\/2023\/12\/Dag-Filip-Roaldsnes2-e1701633259380.jpg 480w\" sizes=\"auto, (max-width: 225px) 100vw, 225px\" \/><\/a><\/p>\n<p style=\"text-align: center;\"><a href=\"https:\/\/klangfestivalen.no\/wp-content\/uploads\/2023\/12\/Bj\u00f8rn-Petter-T\u00f8sse-e1701633271748.jpg\"><img loading=\"lazy\" decoding=\"async\" class=\"alignnone size-medium wp-image-1969\" src=\"https:\/\/klangfestivalen.no\/wp-content\/uploads\/2023\/12\/Bj\u00f8rn-Petter-T\u00f8sse-e1701633271748-225x300.jpg\" alt=\"Bj\u00f8rn-Petter T\u00f8sse\" width=\"225\" height=\"300\" srcset=\"https:\/\/klangfestivalen.no\/wp-content\/uploads\/2023\/12\/Bj\u00f8rn-Petter-T\u00f8sse-e1701633271748-225x300.jpg 225w, https:\/\/klangfestivalen.no\/wp-content\/uploads\/2023\/12\/Bj\u00f8rn-Petter-T\u00f8sse-e1701633271748.jpg 480w\" sizes=\"auto, (max-width: 225px) 100vw, 225px\" \/><\/a><\/p>\n<p style=\"text-align: center;\"><a href=\"https:\/\/klangfestivalen.no\/wp-content\/uploads\/2023\/12\/Ka\u030are-Nordstoga-takker-e1701633219175.jpg\"><img loading=\"lazy\" decoding=\"async\" class=\"alignnone size-medium wp-image-1973\" src=\"https:\/\/klangfestivalen.no\/wp-content\/uploads\/2023\/12\/Ka\u030are-Nordstoga-takker-e1701633219175-225x300.jpg\" alt=\"Ka\u030are Nordstoga takker\" width=\"225\" height=\"300\" srcset=\"https:\/\/klangfestivalen.no\/wp-content\/uploads\/2023\/12\/Ka\u030are-Nordstoga-takker-e1701633219175-225x300.jpg 225w, https:\/\/klangfestivalen.no\/wp-content\/uploads\/2023\/12\/Ka\u030are-Nordstoga-takker-e1701633219175.jpg 480w\" sizes=\"auto, (max-width: 225px) 100vw, 225px\" \/><\/a><\/p>\n<p style=\"text-align: center;\"><a href=\"https:\/\/klangfestivalen.no\/wp-content\/uploads\/2023\/12\/Beate-Mordal2-e1701633283500.jpg\"><img loading=\"lazy\" decoding=\"async\" class=\"alignnone size-medium wp-image-1968\" src=\"https:\/\/klangfestivalen.no\/wp-content\/uploads\/2023\/12\/Beate-Mordal2-e1701633283500-225x300.jpg\" alt=\"Beate Mordal2\" width=\"225\" height=\"300\" srcset=\"https:\/\/klangfestivalen.no\/wp-content\/uploads\/2023\/12\/Beate-Mordal2-e1701633283500-225x300.jpg 225w, https:\/\/klangfestivalen.no\/wp-content\/uploads\/2023\/12\/Beate-Mordal2-e1701633283500.jpg 480w\" sizes=\"auto, (max-width: 225px) 100vw, 225px\" \/><\/a><\/p>\n","protected":false},"excerpt":{"rendered":"<p>Den \u00e5ttende Klangfestivalen 27-29. august hadde masse godv\u00e6r, og for andre \u00e5r p\u00e5 [&hellip;]<\/p>\n","protected":false},"author":1,"featured_media":0,"parent":0,"menu_order":0,"comment_status":"closed","ping_status":"closed","template":"","meta":{"footnotes":""},"class_list":["post-1503","page","type-page","status-publish","hentry"],"_links":{"self":[{"href":"https:\/\/klangfestivalen.no\/index.php?rest_route=\/wp\/v2\/pages\/1503","targetHints":{"allow":["GET"]}}],"collection":[{"href":"https:\/\/klangfestivalen.no\/index.php?rest_route=\/wp\/v2\/pages"}],"about":[{"href":"https:\/\/klangfestivalen.no\/index.php?rest_route=\/wp\/v2\/types\/page"}],"author":[{"embeddable":true,"href":"https:\/\/klangfestivalen.no\/index.php?rest_route=\/wp\/v2\/users\/1"}],"replies":[{"embeddable":true,"href":"https:\/\/klangfestivalen.no\/index.php?rest_route=%2Fwp%2Fv2%2Fcomments&post=1503"}],"version-history":[{"count":6,"href":"https:\/\/klangfestivalen.no\/index.php?rest_route=\/wp\/v2\/pages\/1503\/revisions"}],"predecessor-version":[{"id":1976,"href":"https:\/\/klangfestivalen.no\/index.php?rest_route=\/wp\/v2\/pages\/1503\/revisions\/1976"}],"wp:attachment":[{"href":"https:\/\/klangfestivalen.no\/index.php?rest_route=%2Fwp%2Fv2%2Fmedia&parent=1503"}],"curies":[{"name":"wp","href":"https:\/\/api.w.org\/{rel}","templated":true}]}}