{"id":1604,"date":"2023-04-29T20:15:56","date_gmt":"2023-04-29T20:15:56","guid":{"rendered":"https:\/\/klangfestivalen.no\/?page_id=1604"},"modified":"2023-08-25T08:22:33","modified_gmt":"2023-08-25T08:22:33","slug":"program-2023","status":"publish","type":"page","link":"https:\/\/klangfestivalen.no\/?page_id=1604","title":{"rendered":"Program 2023"},"content":{"rendered":"<h3><strong><br \/>\nFREDAG 25. AUGUST<\/strong><\/h3>\n<p><strong><br \/>\nkl 1800: \u00c5pning \/ \u00c5pningskonsert<br \/>\n<\/strong><strong>Hilde Brunsvik <\/strong>og<strong> Karl Seglem <\/strong>\u00e5pner festivalen.<\/p>\n<p><strong>Jorun Marie Kvernberg \/ Elever fra Hustadvika kulturskule<br \/>\n<\/strong>Hvert \u00e5r siden Klangfestivalen startet i 2014 har n\u00e5v\u00e6rende eller tidligere elever fra Hustadvika (tidligere Fr\u00e6na) kulturskule st\u00e5tt p\u00e5 festivalscenen. M\u00f8tet mellom erfarne musikere, musikk-elever og publikum er en viktig tr\u00e5d i festivalveven. Folkemusiker Jorun Marie Kvernberg leder \u00e5rets elevensemble.<\/p>\n<p><em>Jorun Marie Kvernberg: fele, hardingfele, sang<\/em><br \/>\n<em>Elever fra Hustadvika kulturskule<\/em><\/p>\n<p><strong>KINDA Trio<br \/>\n<\/strong>Trioen bes\u00f8kte Klangfestivalen for f\u00f8rste gang i fjor, med en hum\u00f8rfylt og leken Grendahus-konsert for barn i alle aldre. De tre musikerne har en mangfoldig bakgrunn fra Serbia, Polen og Aserbajdsjan i tillegg til Norge, og blander uredd folketonetradisjoner fra mange kanter av Europa med et bredt klassisk repertoar, alt framf\u00f8rt med livlig formidlingsevne.<br \/>\n<em><br \/>\nJasmina Zivic: fl\u00f8yte<br \/>\nAnna\u00a0<em>Ostachowska: bratsj, fiolin<\/em><br \/>\nZhala<em>\u00a0Aliyeva:\u00a0<\/em>cello<\/em><\/p>\n<p><strong>kl 2000:\u00a0Tore Sandbakken trio <em>Imperfect Solitude<br \/>\n<\/em><\/strong>Tore Sandbakken er vel etablert som perkusjonist\u00a0og festivalprodusent gjennom mange \u00e5r. Etter n\u00e6rmere f\u00f8rti utgivelser med andre artister, kom endelig album, ensemble og turne i eget navn, et prosjekt som har duppet under overflaten i lang tid.<\/p>\n<p>Om utgivelsen sier Tore: \u00abIn My Solitude\u00bb sa Duke Ellington \u2013 det er den positive ensomheten som kan v\u00e6re en fantastisk kreativ sf\u00e6re \u00e5 oppholde seg i. &laquo;Kun Gud er perfekt&raquo;, sa kunstnere f\u00f8r i tida. Det er nettopp i det ikke-perfekte du finner den st\u00f8rste skj\u00f8nnheten. Derfor er Imperfect Solitude det nye albumets navn.<\/p>\n<p>Albumet er et resultat av det langvarige samarbeidet med pianist Dag-Filip Roaldsnes og saksofonist Hanna Paulsberg, og\u00a0ble utgitt v\u00e5ren 2023.<em><br \/>\n<\/em><\/p>\n<p><em>Tore Sandbakken: perkusjon<\/em><br \/>\n<em> Dag-Filip Roaldsnes: flygel<\/em><br \/>\n<em> Hanna Paulsberg: tenorsaksofon<\/em><\/p>\n<div><\/div>\n<h3><\/h3>\n<p>&nbsp;<\/p>\n<h3><strong>L\u00d8RDAG 26. AUGUST<\/strong><\/h3>\n<p><strong><br \/>\nkl 1600: Ine Hoem \/ Trygve Fiske<br \/>\n<\/strong>Sanger og l\u00e5tskriver Ine Hoem er en anerkjent stemme i visejazzpop-feltet, i eget navn og i mange samarbeid, blant annet med far Edvard Hoem. Trygve Fiske er en etterspurt jazzbassist og komponist, senest bejublet jazzstipendiat med urframf\u00f8ring av bestillingsverket <em>Sanger til SeRa<\/em>\u00a0p\u00e5 \u00e5rets Moldejazz. Sammen gj\u00f8r de en sjelden duokonsert p\u00e5 \u00e5rets Klangfestival.<\/p>\n<p><em>Ine Hoem: vokal<\/em><br \/>\n<em>Trygve Fiske: bass<\/em><\/p>\n<p><strong>kl 1700:\u00a0Edvard Hoem<br \/>\n<\/strong>Stort forfatterskap, raus formidler, fri dressur. Edvard Hoem leser for f\u00f8rste gang fra den nye romanen\u00a0<em>Husjomfru,<\/em>\u00a0som kommer til h\u00f8sten.<\/p>\n<p><strong>kl 1900:\u00a0Karl Seglems\u00a0MYTEVEGAR<em><br \/>\n<\/em><\/strong>Karl Seglem er et tilsynelatende bunnl\u00f8st oppkomme av dypt original og nyskapende musikk, alltid i bevegelse og samtidig umiskjennelig seg selv. I de siste \u00e5rene har Karl ogs\u00e5 markert seg som poet, og i sine nyeste diktsamlinger m\u00e5lb\u00e6rer han en sterk bevissthet om b\u00e5ndene mellom menneskene og kloden vi lever p\u00e5, og om skadene vi for\u00e5rsaker.<\/p>\n<p>Verket <em>Mytevegar<\/em> henter inspirasjon fra den norr\u00f8ne myten om Balders d\u00f8d, som her settes inn i et \u00f8ko-filosofisk klima-perspektiv der Karls poesi ogs\u00e5 er en b\u00e6rende stemme. Verket samler\u00a0tr\u00e5der fra\u00a0mange \u00e5rs\u00a0kunstnerisk arbeid,\u00a0 som albumet\u00a0 <em>Nunatak<\/em> (2018) og\u00a0den siste diktsamlingen <em>Djup redsle. Djup ro<\/em>. (2022).<\/p>\n<p><em>Mytevegar<\/em> urframf\u00f8res p\u00e5 Oslo Jazzfestival i august, og f\u00e5r sin helt unike versjon p\u00e5 \u00e5rets Klangfestival, med et bredt sammensatt ensemble.<\/p>\n<p><em>Karl Seglem: tenorsaksofon, bukkehorn, stemme<\/em><br \/>\n<em>Alf Magne Hillestad: perkusjon,\u00a0elektronika<br \/>\n<\/em><em>Dag-Filip Roaldsnes: flygel<\/em><br \/>\n<em>Hayden Powell: trompet<br \/>\nHilde Brunsvik: vokal<br \/>\nMorten Barrikmo: bassklarinett<\/em><br \/>\n<em>Tore Sandbakken: perkusjon<br \/>\nTrygve Fiske: bass<br \/>\n<em>Zhala<em>\u00a0Aliyeva:\u00a0<\/em>cello<\/em><br \/>\n<\/em><\/p>\n<h3><\/h3>\n<h3><strong><br \/>\nS\u00d8NDAG 27. AUGUST<\/strong><\/h3>\n<p><strong><br \/>\nkl 1200:\u00a0Konsertgudstjeneste<br \/>\n<\/strong>Komponist og organist Knut Anders Vestad leder \u00e5rets konsertgudstjeneste &#8211; b\u00e5de konsert og gudstjeneste, med de fineste salmene, mye musikk, interessante bibeltekster og lystenning.<\/p>\n<p><em>Knut Anders Vestad: flygel, orgel, komposisjoner<\/em><br \/>\n<em>KINDA Trio: fl\u00f8yte, bratsj, cello<\/em><br \/>\n<em>Klangkoret ledet av kantor Gunn Sissel Bakken H\u00e5seth<br \/>\nSokneprest Bj\u00f8rg Myhre: liturg<\/em><br \/>\n<em>Publikum: sang<\/em><\/p>\n<p><strong>kl 1300: Lunsj<\/strong><strong><br \/>\n<\/strong>Festivalmat, kaffe, kjeks. Vipps.<\/p>\n<p><strong>kl 1400:\u00a0Dag-Filip Roaldsnes sekstett<br \/>\n<\/strong>Dag-Filip har spilt p\u00e5 samtlige festivaler siden 2014, og alle festivalens turneer, som leder for husbandet Roaldsnes Tre, Fire og Fem, som komponist og kapellmester, arrang\u00f8r og akkompagnat\u00f8r. Han har v\u00e6rt avgj\u00f8rende i utviklingen av festivalens identitet og profil, ikke minst konsertgudstjenesten, og jobbet med temaet &laquo;salmer som standardl\u00e5ter&raquo; i ulike formater og\u00a0konserter over flere \u00e5r.<\/p>\n<p>I \u00e5r avslutter han\u00a0festivalen med\u00a0ensemble i eget navn, og musikk som samler tr\u00e5der og ser framover, med umiskjennelig Roaldsnes-signatur.<\/p>\n<p>Dette sier Dag-Filip om konserten og festivalen:<br \/>\n<em>August, dei ti siste \u00e5ra av livet mitt, har eg reist til V\u00e5g\u00f8y kyrkje. Det har blitt ein tradisjon. Eller institusjon?<\/em><\/p>\n<p><em>Eg er ikkje heilt sikker.\u00a0Veit berre at eg likar \u00e5 sj\u00e5 tilbake. At eg gjekk seks \u00e5r p\u00e5 Norges musikkh\u00f8gskule.\u00a0At det forma meg.\u00a0<\/em><em>Og at eg kom heim til Klangfestivalen, og det forl\u00f8ste noko i meg? Eg skal ikkje vere bastant. Men at eg kom heim til Klangfestivalen, det er eg sikker p\u00e5.<\/em><\/p>\n<p><em>N\u00e5r du veks opp i kyrkja, og farmor og farfar spelte piano p\u00e5 bedehuset, da har du r\u00f8ttene dine i den tradisjonen. &laquo;<\/em><em>Kyrie Eleison&raquo;. &laquo;Salige visshet&raquo;. &laquo;Med Jesus vil eg fara&raquo;. Dette er musikk som eg kjenner p\u00e5 innsida.\u00a0<\/em><\/p>\n<p><em>Men verda er st\u00f8rre enn bedehuset p\u00e5 Valder\u00f8ya. Ten Sing bevegelsen kom. Gospel. Men for meg var det jazz som betydde noko.\u00a0<\/em><em>Korleis det blei slik, er ei\u00a0anna\u00a0historie. Men poenget mitt her, er at alle desse ulike impulsane fr\u00e5 mi livsverd fekk flyte saman\u00a0<\/em><em>p\u00e5 Klangfestivalen. Festivalen opna ei d\u00f8r for meg, gav meg moglegheit til \u00e5 utforske korleis desse impulsane kunne finne kvarandre.\u00a0<\/em><em>Gi meining til kvarandre.<\/em><\/p>\n<p><em>Thelonious Monk spelte &laquo;Salige visshet&raquo; p\u00e5 vekkelsesm\u00f8te i USA.\u00a0<\/em><em>&laquo;Med Jesus vil eg fara&raquo; er ein folketone fr\u00e5 Sunnm\u00f8re.\u00a0<\/em><em>Eg framf\u00f8rte ein ny komposisjon under Klangfestivalen, og K\u00e5re Nordstoga gjorde meg oppmerksom p\u00e5 at eg hadde spelt\u00a0<\/em><em>siste linja fr\u00e5 salmen &laquo;Alltid freidig&raquo;.<\/em><\/p>\n<p><em>Musikken flyter. Oppst\u00e5r i eit blaff. For s\u00e5 \u00e5 forsvinne.\u00a0<\/em><\/p>\n<p><em>Til s\u00f8ndagens konsert har eg plukka ut l\u00e5ter som har blitt laga og f\u00e5tt si urframf\u00f8ring p\u00e5 Klangfestivalen. Eg har s\u00e5 lat dei f\u00e5 st\u00e5 saman med salmar, og andre l\u00e5tar som eg f\u00f8ler snakkar saman.\u00a0<\/em><em>Komposisjonar som rommer ulike impulsar. Vi kan kategoriserer det som jazz, folkemusikk, kunstmusikk. Det viktige er a<\/em><em>t desse tonane blir spelt. At denne klangen f\u00e5r vere, her i V\u00e5g\u00f8y kyrkje under Klangfestivalen 2023.<\/em><\/p>\n<p><em>Dag-Filip Roaldsnes: flygel, komposisjoner, arrangementer<br \/>\nHayden Powell: trompet<br \/>\nJorun Marie Kvernberg: fele, hardingfele<br \/>\nMorten Barrikmo: bassklarinett<br \/>\nTore Sandbakken: perkusjon<br \/>\nTrygve Fiske: bass<\/em><\/p>\n","protected":false},"excerpt":{"rendered":"<p>FREDAG 25. AUGUST kl 1800: \u00c5pning \/ \u00c5pningskonsert Hilde Brunsvik og Karl Seglem [&hellip;]<\/p>\n","protected":false},"author":1,"featured_media":0,"parent":0,"menu_order":0,"comment_status":"closed","ping_status":"closed","template":"","meta":{"footnotes":""},"class_list":["post-1604","page","type-page","status-publish","hentry"],"_links":{"self":[{"href":"https:\/\/klangfestivalen.no\/index.php?rest_route=\/wp\/v2\/pages\/1604","targetHints":{"allow":["GET"]}}],"collection":[{"href":"https:\/\/klangfestivalen.no\/index.php?rest_route=\/wp\/v2\/pages"}],"about":[{"href":"https:\/\/klangfestivalen.no\/index.php?rest_route=\/wp\/v2\/types\/page"}],"author":[{"embeddable":true,"href":"https:\/\/klangfestivalen.no\/index.php?rest_route=\/wp\/v2\/users\/1"}],"replies":[{"embeddable":true,"href":"https:\/\/klangfestivalen.no\/index.php?rest_route=%2Fwp%2Fv2%2Fcomments&post=1604"}],"version-history":[{"count":119,"href":"https:\/\/klangfestivalen.no\/index.php?rest_route=\/wp\/v2\/pages\/1604\/revisions"}],"predecessor-version":[{"id":1844,"href":"https:\/\/klangfestivalen.no\/index.php?rest_route=\/wp\/v2\/pages\/1604\/revisions\/1844"}],"wp:attachment":[{"href":"https:\/\/klangfestivalen.no\/index.php?rest_route=%2Fwp%2Fv2%2Fmedia&parent=1604"}],"curies":[{"name":"wp","href":"https:\/\/api.w.org\/{rel}","templated":true}]}}