{"id":1977,"date":"2023-12-03T20:14:15","date_gmt":"2023-12-03T20:14:15","guid":{"rendered":"https:\/\/klangfestivalen.no\/?page_id=1977"},"modified":"2024-01-12T21:23:16","modified_gmt":"2024-01-12T21:23:16","slug":"klangfestivalen-2022","status":"publish","type":"page","link":"https:\/\/klangfestivalen.no\/?page_id=1977","title":{"rendered":"Klangfestivalen 2022"},"content":{"rendered":"<p style=\"text-align: center;\"><a href=\"https:\/\/klangfestivalen.no\/?page_id=1434\" target=\"_blank\"><img loading=\"lazy\" decoding=\"async\" class=\"alignnone size-medium wp-image-1988\" src=\"https:\/\/klangfestivalen.no\/wp-content\/uploads\/2023\/12\/IMG_5593-e1701634182858-300x225.jpg\" alt=\"IMG_5593\" width=\"300\" height=\"225\" srcset=\"https:\/\/klangfestivalen.no\/wp-content\/uploads\/2023\/12\/IMG_5593-e1701634182858-300x225.jpg 300w, https:\/\/klangfestivalen.no\/wp-content\/uploads\/2023\/12\/IMG_5593-e1701634182858.jpg 640w\" sizes=\"auto, (max-width: 300px) 100vw, 300px\" \/><\/a><\/p>\n<p>Etter to pandemi-\u00e5r med mange restriksjoner og regler, var det befriende med en helt vanlig, koronafri festival 26.-28. august, uten munnbind, meter&#8217;n og antibak.<\/p>\n<p>Harald F\u00f8rde stemte flygelet som bare han kan, for niende \u00e5r p\u00e5 rad, KINDA trio sjarmerte barn i alle aldre i senk p\u00e5 Grendahuset, Jorun Marie Kvernberg og ensemblet Perleskum sjarmerte alle i senk med sitt Vinje-program, Karl Seglem ledet ensemble og publikum ut i djup redsle og djup ro, elevene fra kulturskulen ga oss en uforglemmelig stund, Miriam Ven\u00e5s var souldiva med tr\u00f8kk.<\/p>\n<p>Se <a href=\"https:\/\/klangfestivalen.no\/?page_id=1434\">program<\/a> og <a href=\"https:\/\/klangfestivalen.no\/?page_id=1388\">artistliste<\/a> her.<\/p>\n<p>&nbsp;<\/p>\n<p style=\"text-align: center;\"><a href=\"https:\/\/klangfestivalen.no\/wp-content\/uploads\/2023\/12\/IMG_5484-e1701634197891.jpg\"><img loading=\"lazy\" decoding=\"async\" class=\"alignnone size-medium wp-image-1987\" src=\"https:\/\/klangfestivalen.no\/wp-content\/uploads\/2023\/12\/IMG_5484-e1701634197891-225x300.jpg\" alt=\"IMG_5484\" width=\"225\" height=\"300\" srcset=\"https:\/\/klangfestivalen.no\/wp-content\/uploads\/2023\/12\/IMG_5484-e1701634197891-225x300.jpg 225w, https:\/\/klangfestivalen.no\/wp-content\/uploads\/2023\/12\/IMG_5484-e1701634197891.jpg 480w\" sizes=\"auto, (max-width: 225px) 100vw, 225px\" \/><\/a><\/p>\n<p style=\"text-align: center;\"><a href=\"https:\/\/klangfestivalen.no\/wp-content\/uploads\/2023\/12\/IMG_5542-e1701634018601.jpg\"><img loading=\"lazy\" decoding=\"async\" class=\"alignnone size-medium wp-image-1984\" src=\"https:\/\/klangfestivalen.no\/wp-content\/uploads\/2023\/12\/IMG_5542-e1701634018601-225x300.jpg\" alt=\"IMG_5542\" width=\"225\" height=\"300\" srcset=\"https:\/\/klangfestivalen.no\/wp-content\/uploads\/2023\/12\/IMG_5542-e1701634018601-225x300.jpg 225w, https:\/\/klangfestivalen.no\/wp-content\/uploads\/2023\/12\/IMG_5542-e1701634018601.jpg 480w\" sizes=\"auto, (max-width: 225px) 100vw, 225px\" \/><\/a><\/p>\n<p style=\"text-align: center;\"><a href=\"https:\/\/klangfestivalen.no\/wp-content\/uploads\/2023\/12\/IMG_5558-e1701634057700.jpg\"><img loading=\"lazy\" decoding=\"async\" class=\"alignnone size-medium wp-image-1981\" src=\"https:\/\/klangfestivalen.no\/wp-content\/uploads\/2023\/12\/IMG_5558-e1701634057700-300x225.jpg\" alt=\"IMG_5558\" width=\"300\" height=\"225\" srcset=\"https:\/\/klangfestivalen.no\/wp-content\/uploads\/2023\/12\/IMG_5558-e1701634057700-300x225.jpg 300w, https:\/\/klangfestivalen.no\/wp-content\/uploads\/2023\/12\/IMG_5558-e1701634057700.jpg 640w\" sizes=\"auto, (max-width: 300px) 100vw, 300px\" \/><\/a><\/p>\n<p style=\"text-align: center;\"><a href=\"https:\/\/klangfestivalen.no\/wp-content\/uploads\/2023\/12\/IMG_5538-e1701634043950.jpg\"><img loading=\"lazy\" decoding=\"async\" class=\"alignnone size-medium wp-image-1982\" src=\"https:\/\/klangfestivalen.no\/wp-content\/uploads\/2023\/12\/IMG_5538-e1701634043950-225x300.jpg\" alt=\"IMG_5538\" width=\"225\" height=\"300\" srcset=\"https:\/\/klangfestivalen.no\/wp-content\/uploads\/2023\/12\/IMG_5538-e1701634043950-225x300.jpg 225w, https:\/\/klangfestivalen.no\/wp-content\/uploads\/2023\/12\/IMG_5538-e1701634043950.jpg 480w\" sizes=\"auto, (max-width: 225px) 100vw, 225px\" \/><\/a><\/p>\n<p style=\"text-align: center;\"><a href=\"https:\/\/klangfestivalen.no\/wp-content\/uploads\/2023\/12\/IMG_5607-e1701634005385.jpg\"><img loading=\"lazy\" decoding=\"async\" class=\"alignnone size-medium wp-image-1985\" src=\"https:\/\/klangfestivalen.no\/wp-content\/uploads\/2023\/12\/IMG_5607-e1701634005385-225x300.jpg\" alt=\"IMG_5607\" width=\"225\" height=\"300\" srcset=\"https:\/\/klangfestivalen.no\/wp-content\/uploads\/2023\/12\/IMG_5607-e1701634005385-225x300.jpg 225w, https:\/\/klangfestivalen.no\/wp-content\/uploads\/2023\/12\/IMG_5607-e1701634005385.jpg 480w\" sizes=\"auto, (max-width: 225px) 100vw, 225px\" \/><\/a><\/p>\n<p style=\"text-align: center;\"><a href=\"https:\/\/klangfestivalen.no\/wp-content\/uploads\/2023\/12\/IMG_5618-e1701634030451.jpg\"><img loading=\"lazy\" decoding=\"async\" class=\"alignnone size-medium wp-image-1983\" src=\"https:\/\/klangfestivalen.no\/wp-content\/uploads\/2023\/12\/IMG_5618-e1701634030451-225x300.jpg\" alt=\"IMG_5618\" width=\"225\" height=\"300\" srcset=\"https:\/\/klangfestivalen.no\/wp-content\/uploads\/2023\/12\/IMG_5618-e1701634030451-225x300.jpg 225w, https:\/\/klangfestivalen.no\/wp-content\/uploads\/2023\/12\/IMG_5618-e1701634030451.jpg 480w\" sizes=\"auto, (max-width: 225px) 100vw, 225px\" \/><\/a><\/p>\n","protected":false},"excerpt":{"rendered":"<p>Etter to pandemi-\u00e5r med mange restriksjoner og regler, var det befriende med en [&hellip;]<\/p>\n","protected":false},"author":1,"featured_media":0,"parent":0,"menu_order":0,"comment_status":"closed","ping_status":"closed","template":"","meta":{"footnotes":""},"class_list":["post-1977","page","type-page","status-publish","hentry"],"_links":{"self":[{"href":"https:\/\/klangfestivalen.no\/index.php?rest_route=\/wp\/v2\/pages\/1977","targetHints":{"allow":["GET"]}}],"collection":[{"href":"https:\/\/klangfestivalen.no\/index.php?rest_route=\/wp\/v2\/pages"}],"about":[{"href":"https:\/\/klangfestivalen.no\/index.php?rest_route=\/wp\/v2\/types\/page"}],"author":[{"embeddable":true,"href":"https:\/\/klangfestivalen.no\/index.php?rest_route=\/wp\/v2\/users\/1"}],"replies":[{"embeddable":true,"href":"https:\/\/klangfestivalen.no\/index.php?rest_route=%2Fwp%2Fv2%2Fcomments&post=1977"}],"version-history":[{"count":8,"href":"https:\/\/klangfestivalen.no\/index.php?rest_route=\/wp\/v2\/pages\/1977\/revisions"}],"predecessor-version":[{"id":2059,"href":"https:\/\/klangfestivalen.no\/index.php?rest_route=\/wp\/v2\/pages\/1977\/revisions\/2059"}],"wp:attachment":[{"href":"https:\/\/klangfestivalen.no\/index.php?rest_route=%2Fwp%2Fv2%2Fmedia&parent=1977"}],"curies":[{"name":"wp","href":"https:\/\/api.w.org\/{rel}","templated":true}]}}