{"id":1990,"date":"2023-12-03T20:36:12","date_gmt":"2023-12-03T20:36:12","guid":{"rendered":"https:\/\/klangfestivalen.no\/?page_id=1990"},"modified":"2025-06-07T07:53:34","modified_gmt":"2025-06-07T05:53:34","slug":"klangfestivalen-2023","status":"publish","type":"page","link":"https:\/\/klangfestivalen.no\/?page_id=1990","title":{"rendered":"Klangfestivalen 2023"},"content":{"rendered":"<p style=\"text-align: center;\"><a href=\"https:\/\/klangfestivalen.no\/wp-content\/uploads\/2023\/12\/IMG_3766.jpeg\"><img loading=\"lazy\" decoding=\"async\" class=\"alignnone size-medium wp-image-1994\" src=\"https:\/\/klangfestivalen.no\/wp-content\/uploads\/2023\/12\/IMG_3766-300x230.jpeg\" alt=\"IMG_3766\" width=\"300\" height=\"230\" srcset=\"https:\/\/klangfestivalen.no\/wp-content\/uploads\/2023\/12\/IMG_3766-300x230.jpeg 300w, https:\/\/klangfestivalen.no\/wp-content\/uploads\/2023\/12\/IMG_3766.jpeg 627w\" sizes=\"auto, (max-width: 300px) 100vw, 300px\" \/><\/a><\/p>\n<p>Den tiende festivalen 25.-27. august var ogs\u00e5 den siste med Hilde Brunsvik som festivalsjef. Etter ti festivaler og fire turn\u00e9er var det tid for oppsummeringer og avslutninger. En lang rekke dedikerte, inspirerende musikere har st\u00e5tt p\u00e5 festivalscenen gjennom disse ti \u00e5rene, blant dem Karl Seglem, Tore Sandbakken, Edvard Hoem og, f\u00f8rst og sist, Dag-Filip Roaldsnes, som p\u00e5 hvert sitt vis har satt avgj\u00f8rende preg p\u00e5 festivalen.<\/p>\n<p>Det ble tre dager med skinnende musikkopplevelser, mye glede og en god dose vemod.<\/p>\n<p>Se <a href=\"https:\/\/klangfestivalen.no\/?page_id=1604\">program<\/a> og <a href=\"https:\/\/klangfestivalen.no\/?page_id=1600\">artistliste<\/a> her.<\/p>\n<p style=\"text-align: center;\"><a href=\"https:\/\/klangfestivalen.no\/wp-content\/uploads\/2023\/12\/IMG_6256-e1701635543768.jpg\"><img loading=\"lazy\" decoding=\"async\" class=\"alignnone size-medium wp-image-1998\" src=\"https:\/\/klangfestivalen.no\/wp-content\/uploads\/2023\/12\/IMG_6256-e1701635543768-225x300.jpg\" alt=\"IMG_6256\" width=\"225\" height=\"300\" srcset=\"https:\/\/klangfestivalen.no\/wp-content\/uploads\/2023\/12\/IMG_6256-e1701635543768-225x300.jpg 225w, https:\/\/klangfestivalen.no\/wp-content\/uploads\/2023\/12\/IMG_6256-e1701635543768.jpg 480w\" sizes=\"auto, (max-width: 225px) 100vw, 225px\" \/><\/a><\/p>\n<p style=\"text-align: center;\"><a href=\"https:\/\/klangfestivalen.no\/wp-content\/uploads\/2023\/12\/IMG_6264-e1701635701625.jpg\"><img loading=\"lazy\" decoding=\"async\" class=\"alignnone size-medium wp-image-2000\" src=\"https:\/\/klangfestivalen.no\/wp-content\/uploads\/2023\/12\/IMG_6264-e1701635701625-225x300.jpg\" alt=\"IMG_6264\" width=\"225\" height=\"300\" srcset=\"https:\/\/klangfestivalen.no\/wp-content\/uploads\/2023\/12\/IMG_6264-e1701635701625-225x300.jpg 225w, https:\/\/klangfestivalen.no\/wp-content\/uploads\/2023\/12\/IMG_6264-e1701635701625.jpg 480w\" sizes=\"auto, (max-width: 225px) 100vw, 225px\" \/><\/a><\/p>\n<p style=\"text-align: center;\"><a href=\"https:\/\/klangfestivalen.no\/wp-content\/uploads\/2023\/12\/IMG_6240-e1701635557877.jpg\"><img loading=\"lazy\" decoding=\"async\" class=\"alignnone size-medium wp-image-1997\" src=\"https:\/\/klangfestivalen.no\/wp-content\/uploads\/2023\/12\/IMG_6240-e1701635557877-225x300.jpg\" alt=\"IMG_6240\" width=\"225\" height=\"300\" srcset=\"https:\/\/klangfestivalen.no\/wp-content\/uploads\/2023\/12\/IMG_6240-e1701635557877-225x300.jpg 225w, https:\/\/klangfestivalen.no\/wp-content\/uploads\/2023\/12\/IMG_6240-e1701635557877.jpg 480w\" sizes=\"auto, (max-width: 225px) 100vw, 225px\" \/><\/a><\/p>\n<p style=\"text-align: center;\"><a href=\"https:\/\/klangfestivalen.no\/wp-content\/uploads\/2023\/12\/IMG_3606.jpeg\"><img loading=\"lazy\" decoding=\"async\" class=\"alignnone size-medium wp-image-1995\" src=\"https:\/\/klangfestivalen.no\/wp-content\/uploads\/2023\/12\/IMG_3606-285x300.jpeg\" alt=\"IMG_3606\" width=\"285\" height=\"300\" srcset=\"https:\/\/klangfestivalen.no\/wp-content\/uploads\/2023\/12\/IMG_3606-285x300.jpeg 285w, https:\/\/klangfestivalen.no\/wp-content\/uploads\/2023\/12\/IMG_3606.jpeg 480w\" sizes=\"auto, (max-width: 285px) 100vw, 285px\" \/><\/a><\/p>\n<p style=\"text-align: center;\"><a href=\"https:\/\/klangfestivalen.no\/wp-content\/uploads\/2023\/12\/IMG_3783.jpeg\"><img loading=\"lazy\" decoding=\"async\" class=\"alignnone size-medium wp-image-1993\" src=\"https:\/\/klangfestivalen.no\/wp-content\/uploads\/2023\/12\/IMG_3783-300x260.jpeg\" alt=\"IMG_3783\" width=\"300\" height=\"260\" srcset=\"https:\/\/klangfestivalen.no\/wp-content\/uploads\/2023\/12\/IMG_3783-300x260.jpeg 300w, https:\/\/klangfestivalen.no\/wp-content\/uploads\/2023\/12\/IMG_3783.jpeg 553w\" sizes=\"auto, (max-width: 300px) 100vw, 300px\" \/><\/a><\/p>\n","protected":false},"excerpt":{"rendered":"<p>Den tiende festivalen 25.-27. august var ogs\u00e5 den siste med Hilde Brunsvik som [&hellip;]<\/p>\n","protected":false},"author":1,"featured_media":0,"parent":0,"menu_order":0,"comment_status":"closed","ping_status":"closed","template":"","meta":{"footnotes":""},"class_list":["post-1990","page","type-page","status-publish","hentry"],"_links":{"self":[{"href":"https:\/\/klangfestivalen.no\/index.php?rest_route=\/wp\/v2\/pages\/1990","targetHints":{"allow":["GET"]}}],"collection":[{"href":"https:\/\/klangfestivalen.no\/index.php?rest_route=\/wp\/v2\/pages"}],"about":[{"href":"https:\/\/klangfestivalen.no\/index.php?rest_route=\/wp\/v2\/types\/page"}],"author":[{"embeddable":true,"href":"https:\/\/klangfestivalen.no\/index.php?rest_route=\/wp\/v2\/users\/1"}],"replies":[{"embeddable":true,"href":"https:\/\/klangfestivalen.no\/index.php?rest_route=%2Fwp%2Fv2%2Fcomments&post=1990"}],"version-history":[{"count":7,"href":"https:\/\/klangfestivalen.no\/index.php?rest_route=\/wp\/v2\/pages\/1990\/revisions"}],"predecessor-version":[{"id":2232,"href":"https:\/\/klangfestivalen.no\/index.php?rest_route=\/wp\/v2\/pages\/1990\/revisions\/2232"}],"wp:attachment":[{"href":"https:\/\/klangfestivalen.no\/index.php?rest_route=%2Fwp%2Fv2%2Fmedia&parent=1990"}],"curies":[{"name":"wp","href":"https:\/\/api.w.org\/{rel}","templated":true}]}}