{"id":2002,"date":"2023-12-11T20:16:36","date_gmt":"2023-12-11T20:16:36","guid":{"rendered":"https:\/\/klangfestivalen.no\/?page_id=2002"},"modified":"2025-06-09T06:43:45","modified_gmt":"2025-06-09T04:43:45","slug":"om-festivalen","status":"publish","type":"page","link":"https:\/\/klangfestivalen.no\/?page_id=2002","title":{"rendered":"Om festivalen"},"content":{"rendered":"<p>Klangfestivalen ble startet p\u00e5 ein inspirasjon og ein draum, om musikk og fellesskap i V\u00e5g\u00f8y kyrkjes fine klangrom. Tenk om det kunne vore ein festival her! Med folk fr\u00e5 alle kantar og sjangrar! Og berre akustisk musikk!<\/p>\n<p>Det kunne vore ein festival i V\u00e5g\u00f8y kyrkje. Med folk fr\u00e5 alle kantar og musikk tidleg og seint. Den f\u00f8rste Klangfestivalen gjekk av stabelen i august 2014 med mykje entusiasme og ellers fint lite \u2013 i alle fall ikkje erfaring eller \u00f8konomi \u2013 men med musikarar fr\u00e5 n\u00e6r og fjern, unge p\u00e5 veg ut i musikarlivet, eldre og etablerte med lang erfaring, publikum fr\u00e5 begge sider av fjellet. Til ein uerfaren festivalsjef si overrasking dukket b\u00e5de publikum og frivillige opp. Til saman vart vi ein festival!<\/p>\n<p>Etter kvart fekk vi meir erfaring, og grep om kva vi ville med festivalen. Vi ville invitere artistar til \u00e5 utforske klangane, medmusikarne og sjangerm\u00f8ta, i V\u00e5g\u00f8y kyrkjes spesielt fine klangrom, og invitere dem attende eit anna \u00e5r s\u00e5 vi kunne bli kjent med dei fr\u00e5 fleire kantar. Vi ville lage verkstad og m\u00f8teplass og leikeplass for musikarar og publikum, og presentere nytt og kjend, lokalt og nasjonalt, p\u00e5 tvers av sjangrar og andre b\u00e5sar. Vi ville ha eit kor. Vi ville ha unge musikkelevar p\u00e5 scena. Vi ville ha eigarskap og fellesskap i alt som skjedde, og korte avstandar mellom musikarar, publikum og oss som lager festival. Vi ville snekre heime det som kunne snekrast heime, trakte kaffe til dei som kom og \u00f8nske kvar og ein velkomen til konsert.<\/p>\n<p>Med ein Klangturn\u00e9 i M\u00f8re og Romsdal fylke ville vi pr\u00f8ve ut festivalen sine ideer om akustisk og sjangerkryssande musikk i fleire kyrkjerom, samarbeide med fleire kor og organistar, og kanskje inspirere folk rundt omkring i fylket til \u00e5 kome p\u00e5 festival i V\u00e5g\u00f8y kyrkje? Gjennom fire turnear og tjuefire konserter fr\u00e5 Ulsteinvik i s\u00f8r til Rindal i nord, fr\u00e5 utaskj\u00e6rs til innaskj\u00e6rs, spelte vi Hoem-sanger, Sommerro-musikk, Roaldsnes-komposisjonar, folkemusikk fr\u00e5 Romsdal og jazzen sine standardl\u00e5tar i god blanding.<\/p>\n<p>Ei lang rekkje musikarar, og nokon forfattarar, har st\u00e5tt p\u00e5 Klangfestivalen si scene \u2013 bl\u00e5sarar og strykarar, gitarister og pianistar, tubaistar og trombonistar, perkusjonistar og bassistar, organistar og koristar, trekkspelarar og dirigenter, sangarar i dei fleste sjangrar \u2013 dedikerte og begavede folk som har skapt liv og fellesskap i musikken.<\/p>\n<p>I festivalen sine ti f\u00f8rste \u00e5r 2014-2023 har desse st\u00e5tt p\u00e5 festivalscena: Andr\u00e9 Roligheten, Ann Helen Moen, Anna Adolfsson Vestad, Anna Ostachowska, Anne Kleivset, Arild Hammer\u00f8, Atle Sponberg, Beate Mordal, Berit Opheim, Betty Stjernen, Bitten Linge, Bj\u00f8rg Myhre, Bj\u00f8rn-Petter T\u00f8sse, Brit Bild\u00f8en, Budapestkoret, Christian Finn Risung, Dag-Filip Roaldsnes, Dagfinn Gr\u00f8nvik, Daniel Herskedal, Edvard Hoem, elever fra Hustadvika kulturskole, Ellen Andrea Wang, Ellen Brekken, Ellen Schi\u00f8tt, Endre Ruset, Finn Ove Kaldhol, Gabriel Fliflet, Gunn Sissel Bakken H\u00e5seth, Hanna Paulsberg, Hanne Marit Iversen, Hans Olav Solli, Hayden Powell, Helge Olav Ellingsen, Henning Sommerro, Henrik Ameln Hoem, Hilde Brunsvik, H\u00e5var Svergja, Ihne Sm\u00e5ge Hunnes, Ine Hoem, Jan Arve Dyrnes, \u00a0Jarle Sanden, Jasmina Zivic, Jorun Marie Kvernberg, Julie L\u00f8seth Bergset, J\u00f8rn Holme, Kari Johanne Kvernberg, Karl Seglem, Klangkoret, Knut Anders Vestad, K\u00e5re Nordstoga, K\u00e5re Opheim, Lars Andreas Haug, Malvin N\u00f8sen, Maria Vassli Gj\u00e6re, Marja Mortensson, Martin Bredin, Martin Casal, Miriam Ven\u00e5s, Morten Barrikmo, Nella Penjin, Niels Fredrik Dahl, Nj\u00e5l Sparbo, Ola Kvernberg, Olav Dag Hauge, Randi Anita Dale, Romsdalsstrykerne, Schola Sanctae Sunnivae, Sigurd Hole, Sigurd Widvey Haugen, Sinikka Langeland, Stefan Penjin, Tone Synn\u00f8ve \u00d8ygard Steinkopf, Tore Sandbakken, Tove Hen\u00f8en, Trygve Fiske, Unni Boksasp, Vegard Hasselg\u00e5rd, William Stavik, Zhala Aliyeva, \u00c5sbj\u00f8rg Ryeng.<\/p>\n","protected":false},"excerpt":{"rendered":"<p>Klangfestivalen ble startet p\u00e5 ein inspirasjon og ein draum, om musikk og fellesskap [&hellip;]<\/p>\n","protected":false},"author":1,"featured_media":0,"parent":0,"menu_order":0,"comment_status":"closed","ping_status":"closed","template":"","meta":{"footnotes":""},"class_list":["post-2002","page","type-page","status-publish","hentry"],"_links":{"self":[{"href":"https:\/\/klangfestivalen.no\/index.php?rest_route=\/wp\/v2\/pages\/2002","targetHints":{"allow":["GET"]}}],"collection":[{"href":"https:\/\/klangfestivalen.no\/index.php?rest_route=\/wp\/v2\/pages"}],"about":[{"href":"https:\/\/klangfestivalen.no\/index.php?rest_route=\/wp\/v2\/types\/page"}],"author":[{"embeddable":true,"href":"https:\/\/klangfestivalen.no\/index.php?rest_route=\/wp\/v2\/users\/1"}],"replies":[{"embeddable":true,"href":"https:\/\/klangfestivalen.no\/index.php?rest_route=%2Fwp%2Fv2%2Fcomments&post=2002"}],"version-history":[{"count":3,"href":"https:\/\/klangfestivalen.no\/index.php?rest_route=\/wp\/v2\/pages\/2002\/revisions"}],"predecessor-version":[{"id":2533,"href":"https:\/\/klangfestivalen.no\/index.php?rest_route=\/wp\/v2\/pages\/2002\/revisions\/2533"}],"wp:attachment":[{"href":"https:\/\/klangfestivalen.no\/index.php?rest_route=%2Fwp%2Fv2%2Fmedia&parent=2002"}],"curies":[{"name":"wp","href":"https:\/\/api.w.org\/{rel}","templated":true}]}}