{"id":2011,"date":"2024-01-01T16:58:27","date_gmt":"2024-01-01T16:58:27","guid":{"rendered":"https:\/\/klangfestivalen.no\/?page_id=2011"},"modified":"2026-02-28T07:34:45","modified_gmt":"2026-02-28T06:34:45","slug":"tidligere-festivaler-2","status":"publish","type":"page","link":"https:\/\/klangfestivalen.no\/?page_id=2011","title":{"rendered":"Tidlegare festivalar"},"content":{"rendered":"<p><a href=\"https:\/\/klangfestivalen.no\/wp-content\/uploads\/2023\/12\/Klangkoret-ute-e1701633203678.jpg\"><img loading=\"lazy\" decoding=\"async\" class=\"alignnone size-full wp-image-1974\" src=\"https:\/\/klangfestivalen.no\/wp-content\/uploads\/2023\/12\/Klangkoret-ute-e1701633203678.jpg\" alt=\"Klangkoret ute\" width=\"480\" height=\"640\" srcset=\"https:\/\/klangfestivalen.no\/wp-content\/uploads\/2023\/12\/Klangkoret-ute-e1701633203678.jpg 480w, https:\/\/klangfestivalen.no\/wp-content\/uploads\/2023\/12\/Klangkoret-ute-e1701633203678-225x300.jpg 225w\" sizes=\"auto, (max-width: 480px) 100vw, 480px\" \/><\/a><\/p>\n<p>Festivalen sitt eige Klangkor med dirigent Gunn Sissel Bakken H\u00e5seth sang p\u00e5 kyrkjebakken ein solfylt festivaldag i pandemi\u00e5ret 2021.<br \/>\nSj\u00e5 tidlegare festivalar her:<\/p>\n<p><a href=\"https:\/\/klangfestivalen.no\/?page_id=2745\">Klangfestivalen 2025<\/a><\/p>\n<p><a href=\"https:\/\/klangfestivalen.no\/?page_id=1990\">Klangfestivalen 2023<\/a><\/p>\n<p><a href=\"https:\/\/klangfestivalen.no\/?page_id=1977\">Klangfestivalen 2022<\/a><\/p>\n<p><a href=\"https:\/\/klangfestivalen.no\/?page_id=1503\">Klangfestivalen 2021<\/a><\/p>\n<p><a href=\"https:\/\/klangfestivalen.no\/?page_id=1273\">Klangfestivalen 2020<\/a><\/p>\n<p><a href=\"https:\/\/klangfestivalen.no\/?page_id=1271\">Klangfestivalen 2019<\/a><\/p>\n<p><a href=\"https:\/\/klangfestivalen.no\/?page_id=1091\">Klangfestivalen 2018<\/a><\/p>\n<p><a href=\"https:\/\/klangfestivalen.no\/?page_id=1006\">Klangfestivalen 2017<\/a><\/p>\n<p><a href=\"https:\/\/klangfestivalen.no\/?page_id=818\">Klangfestivalen 2016<\/a><\/p>\n<p><a href=\"https:\/\/klangfestivalen.no\/?page_id=606\">Klangfestivalen 2015<\/a><\/p>\n<p><a href=\"https:\/\/klangfestivalen.no\/?page_id=420\">Klangfestivalen 2014<\/a><\/p>\n","protected":false},"excerpt":{"rendered":"<p>Festivalen sitt eige Klangkor med dirigent Gunn Sissel Bakken H\u00e5seth sang p\u00e5 kyrkjebakken [&hellip;]<\/p>\n","protected":false},"author":1,"featured_media":0,"parent":0,"menu_order":0,"comment_status":"closed","ping_status":"closed","template":"","meta":{"footnotes":""},"class_list":["post-2011","page","type-page","status-publish","hentry"],"_links":{"self":[{"href":"https:\/\/klangfestivalen.no\/index.php?rest_route=\/wp\/v2\/pages\/2011","targetHints":{"allow":["GET"]}}],"collection":[{"href":"https:\/\/klangfestivalen.no\/index.php?rest_route=\/wp\/v2\/pages"}],"about":[{"href":"https:\/\/klangfestivalen.no\/index.php?rest_route=\/wp\/v2\/types\/page"}],"author":[{"embeddable":true,"href":"https:\/\/klangfestivalen.no\/index.php?rest_route=\/wp\/v2\/users\/1"}],"replies":[{"embeddable":true,"href":"https:\/\/klangfestivalen.no\/index.php?rest_route=%2Fwp%2Fv2%2Fcomments&post=2011"}],"version-history":[{"count":9,"href":"https:\/\/klangfestivalen.no\/index.php?rest_route=\/wp\/v2\/pages\/2011\/revisions"}],"predecessor-version":[{"id":2775,"href":"https:\/\/klangfestivalen.no\/index.php?rest_route=\/wp\/v2\/pages\/2011\/revisions\/2775"}],"wp:attachment":[{"href":"https:\/\/klangfestivalen.no\/index.php?rest_route=%2Fwp%2Fv2%2Fmedia&parent=2011"}],"curies":[{"name":"wp","href":"https:\/\/api.w.org\/{rel}","templated":true}]}}