{"id":2547,"date":"2025-06-09T06:50:19","date_gmt":"2025-06-09T04:50:19","guid":{"rendered":"https:\/\/klangfestivalen.no\/?page_id=2547"},"modified":"2026-04-18T07:06:51","modified_gmt":"2026-04-18T05:06:51","slug":"stottespelarar","status":"publish","type":"page","link":"https:\/\/klangfestivalen.no\/?page_id=2547","title":{"rendered":"St\u00f8ttespelarar"},"content":{"rendered":"\n<p class=\"has-text-align-center has-medium-font-size\">&nbsp;&nbsp;&nbsp; &nbsp;&nbsp;&nbsp;&nbsp;&nbsp;&nbsp;<strong>Takk til dei som gjer det mogleg for oss \u00e5 lage festival<\/strong>!<\/p>\n\n\n\n<p class=\"has-text-align-center has-medium-font-size\">&nbsp;&nbsp;&nbsp; &nbsp;&nbsp;&nbsp;&nbsp;&nbsp;<strong>S\u00e6rleg&nbsp;takk til stolt hovedsponsor for Klangfestivalen&nbsp;2026,  Sparebanken&nbsp;M\u00f8re, avdeling Hustadvika<\/strong><\/p>\n\n\n<div class=\"wp-block-image is-style-default\">\n<figure class=\"aligncenter size-full\"><a href=\"https:\/\/www.sbm.no\/\" target=\"_blank\" rel=\" noreferrer noopener\"><img loading=\"lazy\" decoding=\"async\" width=\"425\" height=\"131\" src=\"https:\/\/klangfestivalen.no\/wp-content\/uploads\/2025\/06\/image.png\" alt=\"\" class=\"wp-image-2616\" srcset=\"https:\/\/klangfestivalen.no\/wp-content\/uploads\/2025\/06\/image.png 425w, https:\/\/klangfestivalen.no\/wp-content\/uploads\/2025\/06\/image-300x92.png 300w\" sizes=\"auto, (max-width: 425px) 100vw, 425px\" \/><\/a><\/figure>\n<\/div>\n\n\n<p class=\"has-text-align-center has-medium-font-size\">&nbsp;&nbsp;&nbsp; &nbsp;&nbsp;&nbsp;<strong>Stor takk&nbsp;\u00f3g&nbsp;til alle \u00f8vrige&nbsp;sponsorar:<\/strong>&nbsp;<\/p>\n\n\n\n<p class=\"has-text-align-center has-medium-font-size\">Hustadvika kommune<br>Fr\u00e6na begravelsesbyr\u00e5 Hustadvika<br>V\u00e5g\u00f8y og Myrbostad sokner\u00e5d<br>Salmon Evolution<br>Coop Extra Hollingen<br><br><\/p>\n\n\n\n<p><\/p>\n\n\n\n<div class=\"wp-block-columns is-layout-flex wp-container-core-columns-is-layout-9d6595d7 wp-block-columns-is-layout-flex\">\n<div class=\"wp-block-column is-layout-flow wp-block-column-is-layout-flow\" style=\"flex-basis:33.33%\"><div class=\"wp-block-image\">\n<figure class=\"aligncenter size-full is-resized\"><a href=\"http:\/\/www.hustadvika.kommune.no\" target=\"_blank\" rel=\" noreferrer noopener\"><img loading=\"lazy\" decoding=\"async\" width=\"1920\" height=\"911\" src=\"https:\/\/klangfestivalen.no\/wp-content\/uploads\/2025\/06\/thumbnail_image002.png\" alt=\"\" class=\"wp-image-2662\" style=\"width:150px\" srcset=\"https:\/\/klangfestivalen.no\/wp-content\/uploads\/2025\/06\/thumbnail_image002.png 1920w, https:\/\/klangfestivalen.no\/wp-content\/uploads\/2025\/06\/thumbnail_image002-300x142.png 300w, https:\/\/klangfestivalen.no\/wp-content\/uploads\/2025\/06\/thumbnail_image002-1024x486.png 1024w, https:\/\/klangfestivalen.no\/wp-content\/uploads\/2025\/06\/thumbnail_image002-768x364.png 768w, https:\/\/klangfestivalen.no\/wp-content\/uploads\/2025\/06\/thumbnail_image002-1536x729.png 1536w\" sizes=\"auto, (max-width: 1920px) 100vw, 1920px\" \/><\/a><\/figure>\n<\/div><\/div>\n\n\n\n<div class=\"wp-block-column is-layout-flow wp-block-column-is-layout-flow\" style=\"flex-basis:33.33%\"><div class=\"wp-block-image\">\n<figure class=\"aligncenter size-full is-resized\"><a href=\"https:\/\/www.frenabegravelsesbyraa.no\/\" target=\"_blank\" rel=\" noreferrer noopener\"><img loading=\"lazy\" decoding=\"async\" width=\"346\" height=\"256\" src=\"https:\/\/klangfestivalen.no\/wp-content\/uploads\/2025\/06\/image-1.png\" alt=\"\" class=\"wp-image-2617\" style=\"width:150px\" srcset=\"https:\/\/klangfestivalen.no\/wp-content\/uploads\/2025\/06\/image-1.png 346w, https:\/\/klangfestivalen.no\/wp-content\/uploads\/2025\/06\/image-1-300x222.png 300w\" sizes=\"auto, (max-width: 346px) 100vw, 346px\" \/><\/a><\/figure>\n<\/div><\/div>\n\n\n\n<div class=\"wp-block-column is-layout-flow wp-block-column-is-layout-flow\" style=\"flex-basis:33.33%\"><div class=\"wp-block-image\">\n<figure class=\"aligncenter size-full is-resized\"><a href=\"https:\/\/kirkaihustadvika.no\/\" target=\"_blank\" rel=\" noreferrer noopener\"><img loading=\"lazy\" decoding=\"async\" width=\"617\" height=\"155\" src=\"https:\/\/klangfestivalen.no\/wp-content\/uploads\/2025\/06\/image-6.png\" alt=\"\" class=\"wp-image-2622\" style=\"width:150px\" srcset=\"https:\/\/klangfestivalen.no\/wp-content\/uploads\/2025\/06\/image-6.png 617w, https:\/\/klangfestivalen.no\/wp-content\/uploads\/2025\/06\/image-6-300x75.png 300w\" sizes=\"auto, (max-width: 617px) 100vw, 617px\" \/><\/a><\/figure>\n<\/div><\/div>\n<\/div>\n\n\n\n<div class=\"wp-block-columns is-layout-flex wp-container-core-columns-is-layout-9d6595d7 wp-block-columns-is-layout-flex\">\n<div class=\"wp-block-column is-layout-flow wp-block-column-is-layout-flow\"><\/div>\n\n\n\n<div class=\"wp-block-column is-layout-flow wp-block-column-is-layout-flow\"><div class=\"wp-block-image\">\n<figure class=\"aligncenter size-full is-resized\"><a href=\"https:\/\/salmonevolution.no\/\"><img loading=\"lazy\" decoding=\"async\" width=\"259\" height=\"109\" src=\"https:\/\/klangfestivalen.no\/wp-content\/uploads\/2025\/06\/salmon-evolution.jpg\" alt=\"\" class=\"wp-image-2640\" style=\"width:150px\"\/><\/a><\/figure>\n<\/div><\/div>\n\n\n\n<div class=\"wp-block-column is-layout-flow wp-block-column-is-layout-flow\"><div class=\"wp-block-image\">\n<figure class=\"aligncenter size-full\"><a href=\"https:\/\/www.coop.no\/butikker\/extra\/extra-hollingen-2809\" target=\"_blank\" rel=\" noreferrer noopener\"><img loading=\"lazy\" decoding=\"async\" width=\"197\" height=\"62\" src=\"https:\/\/klangfestivalen.no\/wp-content\/uploads\/2025\/08\/extra.png\" alt=\"\" class=\"wp-image-2725\"\/><\/a><\/figure>\n<\/div><\/div>\n\n\n\n<div class=\"wp-block-column is-layout-flow wp-block-column-is-layout-flow\"><\/div>\n<\/div>\n\n\n\n<div class=\"wp-block-columns is-layout-flex wp-container-core-columns-is-layout-9d6595d7 wp-block-columns-is-layout-flex\">\n<div class=\"wp-block-column is-layout-flow wp-block-column-is-layout-flow\"><\/div>\n\n\n\n<div class=\"wp-block-column is-layout-flow wp-block-column-is-layout-flow\"><\/div>\n\n\n\n<div class=\"wp-block-column is-layout-flow wp-block-column-is-layout-flow\"><\/div>\n\n\n\n<div class=\"wp-block-column is-layout-flow wp-block-column-is-layout-flow\"><\/div>\n<\/div>\n\n\n\n<p class=\"has-text-align-center has-medium-font-size\"><strong>Klangfestivalen 2026 takkar \u00f3g for godt samarbeid med<\/strong>:<\/p>\n\n\n\n<p class=\"has-text-align-center has-medium-font-size\">Circle of Art<br>Romsdalsmuseet<br>Aldeles<br>Bygdekinoen<br>Trondheimsolistene<\/p>\n\n\n\n<p><\/p>\n\n\n\n<div class=\"wp-block-columns is-layout-flex wp-container-core-columns-is-layout-9d6595d7 wp-block-columns-is-layout-flex\">\n<div class=\"wp-block-column is-layout-flow wp-block-column-is-layout-flow\"><div class=\"wp-block-image\">\n<figure class=\"aligncenter size-full is-resized\"><a href=\"https:\/\/www.moldekulturskole.no\/\" target=\"_blank\" rel=\" noreferrer noopener\"><img loading=\"lazy\" decoding=\"async\" width=\"600\" height=\"232\" src=\"https:\/\/klangfestivalen.no\/wp-content\/uploads\/2025\/06\/Circle-of-art.jpg\" alt=\"\" class=\"wp-image-2644\" style=\"width:250px\" srcset=\"https:\/\/klangfestivalen.no\/wp-content\/uploads\/2025\/06\/Circle-of-art.jpg 600w, https:\/\/klangfestivalen.no\/wp-content\/uploads\/2025\/06\/Circle-of-art-300x116.jpg 300w\" sizes=\"auto, (max-width: 600px) 100vw, 600px\" \/><\/a><\/figure>\n<\/div><\/div>\n\n\n\n<div class=\"wp-block-column is-layout-flow wp-block-column-is-layout-flow\"><div class=\"wp-block-image\">\n<figure class=\"aligncenter size-full is-resized\"><a href=\"https:\/\/www.romsdalsmuseet.no\/\" target=\"_blank\" rel=\" noreferrer noopener\"><img loading=\"lazy\" decoding=\"async\" width=\"346\" height=\"146\" src=\"https:\/\/klangfestivalen.no\/wp-content\/uploads\/2026\/04\/romsdalsmuseet.png\" alt=\"\" class=\"wp-image-2795\" style=\"width:200px\" srcset=\"https:\/\/klangfestivalen.no\/wp-content\/uploads\/2026\/04\/romsdalsmuseet.png 346w, https:\/\/klangfestivalen.no\/wp-content\/uploads\/2026\/04\/romsdalsmuseet-300x127.png 300w\" sizes=\"auto, (max-width: 346px) 100vw, 346px\" \/><\/a><\/figure>\n<\/div><\/div>\n\n\n\n<div class=\"wp-block-column is-layout-flow wp-block-column-is-layout-flow\"><div class=\"wp-block-image\">\n<figure class=\"aligncenter size-full is-resized\"><a href=\"http:\/\/www.aldeles.no\" target=\"_blank\" rel=\" noreferrer noopener\"><img loading=\"lazy\" decoding=\"async\" width=\"519\" height=\"163\" src=\"https:\/\/klangfestivalen.no\/wp-content\/uploads\/2026\/04\/aldeles.png\" alt=\"\" class=\"wp-image-2794\" style=\"width:200px\" srcset=\"https:\/\/klangfestivalen.no\/wp-content\/uploads\/2026\/04\/aldeles.png 519w, https:\/\/klangfestivalen.no\/wp-content\/uploads\/2026\/04\/aldeles-300x94.png 300w\" sizes=\"auto, (max-width: 519px) 100vw, 519px\" \/><\/a><\/figure>\n<\/div><\/div>\n\n\n\n<div class=\"wp-block-column is-layout-flow wp-block-column-is-layout-flow\"><div class=\"wp-block-image\">\n<figure class=\"aligncenter size-full is-resized\"><a href=\"https:\/\/www.bygdekinoen.no\/\"><img loading=\"lazy\" decoding=\"async\" width=\"634\" height=\"225\" src=\"https:\/\/klangfestivalen.no\/wp-content\/uploads\/2026\/04\/Bygdekinoen.png\" alt=\"\" class=\"wp-image-2796\" style=\"width:200px\" srcset=\"https:\/\/klangfestivalen.no\/wp-content\/uploads\/2026\/04\/Bygdekinoen.png 634w, https:\/\/klangfestivalen.no\/wp-content\/uploads\/2026\/04\/Bygdekinoen-300x106.png 300w\" sizes=\"auto, (max-width: 634px) 100vw, 634px\" \/><\/a><\/figure>\n<\/div><\/div>\n<\/div>\n\n\n\n<p><\/p>\n","protected":false},"excerpt":{"rendered":"<p>&nbsp;&nbsp;&nbsp; &nbsp;&nbsp;&nbsp;&nbsp;&nbsp;&nbsp;Takk til dei som gjer det mogleg for oss \u00e5 lage festival! [&hellip;]<\/p>\n","protected":false},"author":1,"featured_media":0,"parent":0,"menu_order":0,"comment_status":"closed","ping_status":"closed","template":"","meta":{"footnotes":""},"class_list":["post-2547","page","type-page","status-publish","hentry"],"_links":{"self":[{"href":"https:\/\/klangfestivalen.no\/index.php?rest_route=\/wp\/v2\/pages\/2547","targetHints":{"allow":["GET"]}}],"collection":[{"href":"https:\/\/klangfestivalen.no\/index.php?rest_route=\/wp\/v2\/pages"}],"about":[{"href":"https:\/\/klangfestivalen.no\/index.php?rest_route=\/wp\/v2\/types\/page"}],"author":[{"embeddable":true,"href":"https:\/\/klangfestivalen.no\/index.php?rest_route=\/wp\/v2\/users\/1"}],"replies":[{"embeddable":true,"href":"https:\/\/klangfestivalen.no\/index.php?rest_route=%2Fwp%2Fv2%2Fcomments&post=2547"}],"version-history":[{"count":42,"href":"https:\/\/klangfestivalen.no\/index.php?rest_route=\/wp\/v2\/pages\/2547\/revisions"}],"predecessor-version":[{"id":2812,"href":"https:\/\/klangfestivalen.no\/index.php?rest_route=\/wp\/v2\/pages\/2547\/revisions\/2812"}],"wp:attachment":[{"href":"https:\/\/klangfestivalen.no\/index.php?rest_route=%2Fwp%2Fv2%2Fmedia&parent=2547"}],"curies":[{"name":"wp","href":"https:\/\/api.w.org\/{rel}","templated":true}]}}