{"id":2745,"date":"2026-02-28T07:02:35","date_gmt":"2026-02-28T06:02:35","guid":{"rendered":"https:\/\/klangfestivalen.no\/?page_id=2745"},"modified":"2026-02-28T07:26:51","modified_gmt":"2026-02-28T06:26:51","slug":"klangfestivalen-2025","status":"publish","type":"page","link":"https:\/\/klangfestivalen.no\/?page_id=2745","title":{"rendered":"Klangfestivalen 2025"},"content":{"rendered":"\n<p>Klangfestivalen 2025 gjekk av stabelen 22.-24. august i V\u00e5g\u00f8y kyrkje. Her m\u00f8ttes musikarar p\u00e5 tvers av sjanger og alder til konserter for \u00e5 la seg inspirere og formidle musikk i det gode klangrommet i V\u00e5g\u00f8y. Unge songarar og musikarar fekk delta p\u00e5 festivalen saman med festivalens artistar.<\/p>\n\n\n\n<p>Festivalen retta seg til alle: unge og gamle, samfunnsengasjerte, musikk- og historieinteresserte \u2013 uavhengig av tru- og livssyn. Vi \u00f8nskte \u00e5 tilby eit program som fenga b\u00e5de i breidda og djupna \u2013 musikalsk s\u00e5 vel som til refleksjon over samfunnsaktuelle problemstillingar i v\u00e5r tid.<\/p>\n\n\n\n<p>Festivalen tok utgangspunkt i potensialet for god klang i V\u00e5g\u00f8y \u2013 og skaper og formidlar musikk i samspel mellom etablerte og unge ut\u00f8varar.<\/p>\n\n\n\n<p>P\u00e5 fredag var det opning med mellom anna innslag ved elevar som deltok i prosjektet Circle of Art. Etter dette var det konsert med den folkekj\u00e6re vinnaren av Stjernekamp Bj\u00f8rn Tomren fr\u00e5 Tomrefjord som saman med&nbsp; \u00c5se Britt Reme Jakobsen ga oss halvannen time med variert repertoir.<\/p>\n\n\n\n<p>P\u00e5 laurdag vart jubileet for frigjeringa av Noreg markert, med mellom anna urframf\u00f8ring av Fredose, eit verk om Fredose som sat som krigsfange i Bud under 2. verdskrig, r\u00f8mde og vart skutt og drepen. Musikk kombinert med resitasjon fr\u00e5 politirapporten. Fredsprolog ved Kjell Magne Bondevik.<\/p>\n\n\n\n<p>Laurdag kveld presenterte vi Tuva Halse quintet. Tuva Halse (25) er ein improviserande fiolinist og komponist fr\u00e5 Molde som har med seg fire spennande musikare p\u00e5 den norske jazzscena. Dei leverte eit ekspressivt uttrykk i eit kontrastfylt univers.<\/p>\n\n\n\n<p>Festivalen vart avslutta p\u00e5 s\u00f8ndag med konsertgudsteneste for h\u00e5p og fridom med Klangkoret, samtidsdans og ensemble fr\u00e5 Circle of Art\/elevar fr\u00e5 Landslinje for jazz, leia av Tuva Halse.<\/p>\n\n\n\n<p>Sj\u00e5&nbsp;<a href=\"https:\/\/klangfestivalen.no\/?page_id=2229\">programmet<\/a>&nbsp;og <a href=\"https:\/\/klangfestivalen.no\/?page_id=2234\" data-type=\"page\" data-id=\"2234\">arrangement<\/a> for meir informasjon.<\/p>\n\n\n\n<p>Knut Anders Vestad og Gunn Sissel Bakken H\u00e5seth har v\u00e6rt programkomit\u00e9 for denne festivalen.<\/p>\n\n\n\n<p><strong>Takk til dei som gjorde det mogleg \u00e5 arrangere Klangfestival i 2025: <\/strong><\/p>\n\n\n\n<p>Salmon Evolution<br>Hustadvika kommune<br>Fr\u00e6na begravelsesbyr\u00e5 Hustadvika<br>Classic Norway Hotels<br>M\u00f8re og Romsdal fylkeskommune<br>Sparebanken M\u00f8re<br>V\u00e5g\u00f8y og Myrbostad sokner\u00e5d<br>Varig Forsikring<br>Arne Gjendem<br>RIBI<br>Coop Extra Hollingen<\/p>\n\n\n\n<p><\/p>\n\n\n\n<p><\/p>\n","protected":false},"excerpt":{"rendered":"<p>Klangfestivalen 2025 gjekk av stabelen 22.-24. august i V\u00e5g\u00f8y kyrkje. Her m\u00f8ttes musikarar [&hellip;]<\/p>\n","protected":false},"author":1,"featured_media":0,"parent":0,"menu_order":0,"comment_status":"closed","ping_status":"closed","template":"","meta":{"footnotes":""},"class_list":["post-2745","page","type-page","status-publish","hentry"],"_links":{"self":[{"href":"https:\/\/klangfestivalen.no\/index.php?rest_route=\/wp\/v2\/pages\/2745","targetHints":{"allow":["GET"]}}],"collection":[{"href":"https:\/\/klangfestivalen.no\/index.php?rest_route=\/wp\/v2\/pages"}],"about":[{"href":"https:\/\/klangfestivalen.no\/index.php?rest_route=\/wp\/v2\/types\/page"}],"author":[{"embeddable":true,"href":"https:\/\/klangfestivalen.no\/index.php?rest_route=\/wp\/v2\/users\/1"}],"replies":[{"embeddable":true,"href":"https:\/\/klangfestivalen.no\/index.php?rest_route=%2Fwp%2Fv2%2Fcomments&post=2745"}],"version-history":[{"count":4,"href":"https:\/\/klangfestivalen.no\/index.php?rest_route=\/wp\/v2\/pages\/2745\/revisions"}],"predecessor-version":[{"id":2771,"href":"https:\/\/klangfestivalen.no\/index.php?rest_route=\/wp\/v2\/pages\/2745\/revisions\/2771"}],"wp:attachment":[{"href":"https:\/\/klangfestivalen.no\/index.php?rest_route=%2Fwp%2Fv2%2Fmedia&parent=2745"}],"curies":[{"name":"wp","href":"https:\/\/api.w.org\/{rel}","templated":true}]}}