{"id":606,"date":"2016-05-08T18:48:14","date_gmt":"2016-05-08T18:48:14","guid":{"rendered":"http:\/\/klangfestivalen.no\/?page_id=606"},"modified":"2016-05-13T20:21:23","modified_gmt":"2016-05-13T20:21:23","slug":"festivalen-2015","status":"publish","type":"page","link":"https:\/\/klangfestivalen.no\/?page_id=606","title":{"rendered":"Klangfestivalen 2015"},"content":{"rendered":"<p><a href=\"http:\/\/klangfestivalen.no\/wp-content\/uploads\/2016\/05\/Festivalen2015-1_.jpg\"><img loading=\"lazy\" decoding=\"async\" class=\"alignnone size-full wp-image-651\" src=\"http:\/\/klangfestivalen.no\/wp-content\/uploads\/2016\/05\/Festivalen2015-1_.jpg\" alt=\"Festivalen2015-1_\" width=\"800\" height=\"600\" srcset=\"https:\/\/klangfestivalen.no\/wp-content\/uploads\/2016\/05\/Festivalen2015-1_.jpg 800w, https:\/\/klangfestivalen.no\/wp-content\/uploads\/2016\/05\/Festivalen2015-1_-300x225.jpg 300w, https:\/\/klangfestivalen.no\/wp-content\/uploads\/2016\/05\/Festivalen2015-1_-768x576.jpg 768w\" sizes=\"auto, (max-width: 800px) 100vw, 800px\" \/><\/a><\/p>\n<p>Den andre Klangfestivalen ble arrangert 14-16 august 2015, som ogs\u00e5 var de f\u00f8rste virkelig varme sommerdagene i Fr\u00e6na, et slags mirakel. Publikum, artister og frivillige kunne ta av seg regnt\u00f8y og ullkl\u00e6r og drikke kaffe p\u00e5 kirkebakken, og etterp\u00e5 h\u00f8re all slags musikk i et kirkerom badet i sol.<\/p>\n<p>Karl Seglem, Hanna Paulsberg, Beate Mordal, K\u00e5re Nordstoga og Edvard Hoem sto p\u00e5 \u00e5rets artistliste, sammen med mange fler.<\/p>\n<p>Se <a href=\"http:\/\/klangfestivalen.no\/?page_id=69\">program<\/a> og <a href=\"http:\/\/klangfestivalen.no\/?page_id=83\">artistliste<\/a> her.<\/p>\n<p><a href=\"http:\/\/klangfestivalen.no\/wp-content\/uploads\/2016\/05\/Festivalen2015-2_.jpg\"><img loading=\"lazy\" decoding=\"async\" class=\"alignnone size-full wp-image-652\" src=\"http:\/\/klangfestivalen.no\/wp-content\/uploads\/2016\/05\/Festivalen2015-2_.jpg\" alt=\"Festivalen2015-2_\" width=\"800\" height=\"532\" srcset=\"https:\/\/klangfestivalen.no\/wp-content\/uploads\/2016\/05\/Festivalen2015-2_.jpg 800w, https:\/\/klangfestivalen.no\/wp-content\/uploads\/2016\/05\/Festivalen2015-2_-300x200.jpg 300w, https:\/\/klangfestivalen.no\/wp-content\/uploads\/2016\/05\/Festivalen2015-2_-768x511.jpg 768w\" sizes=\"auto, (max-width: 800px) 100vw, 800px\" \/><\/a><a href=\"http:\/\/klangfestivalen.no\/wp-content\/uploads\/2016\/05\/Festivalen2015-3_.jpg\"><img loading=\"lazy\" decoding=\"async\" class=\"alignnone size-large wp-image-653\" src=\"http:\/\/klangfestivalen.no\/wp-content\/uploads\/2016\/05\/Festivalen2015-3_-681x1024.jpg\" alt=\"Festivalen2015-3_\" width=\"681\" height=\"1024\" srcset=\"https:\/\/klangfestivalen.no\/wp-content\/uploads\/2016\/05\/Festivalen2015-3_-681x1024.jpg 681w, https:\/\/klangfestivalen.no\/wp-content\/uploads\/2016\/05\/Festivalen2015-3_-200x300.jpg 200w, https:\/\/klangfestivalen.no\/wp-content\/uploads\/2016\/05\/Festivalen2015-3_-768x1155.jpg 768w, https:\/\/klangfestivalen.no\/wp-content\/uploads\/2016\/05\/Festivalen2015-3_.jpg 800w\" sizes=\"auto, (max-width: 681px) 100vw, 681px\" \/><\/a><a href=\"http:\/\/klangfestivalen.no\/wp-content\/uploads\/2016\/05\/Festivalen2015-4_.jpg\"><img loading=\"lazy\" decoding=\"async\" class=\"alignnone size-full wp-image-654\" src=\"http:\/\/klangfestivalen.no\/wp-content\/uploads\/2016\/05\/Festivalen2015-4_.jpg\" alt=\"Festivalen2015-4_\" width=\"800\" height=\"532\" srcset=\"https:\/\/klangfestivalen.no\/wp-content\/uploads\/2016\/05\/Festivalen2015-4_.jpg 800w, https:\/\/klangfestivalen.no\/wp-content\/uploads\/2016\/05\/Festivalen2015-4_-300x200.jpg 300w, https:\/\/klangfestivalen.no\/wp-content\/uploads\/2016\/05\/Festivalen2015-4_-768x511.jpg 768w\" sizes=\"auto, (max-width: 800px) 100vw, 800px\" \/><\/a><a href=\"http:\/\/klangfestivalen.no\/wp-content\/uploads\/2016\/05\/Festivalen2015_5_.jpg\"><img loading=\"lazy\" decoding=\"async\" class=\"alignnone size-full wp-image-655\" src=\"http:\/\/klangfestivalen.no\/wp-content\/uploads\/2016\/05\/Festivalen2015_5_.jpg\" alt=\"Festivalen2015_5_\" width=\"800\" height=\"532\" srcset=\"https:\/\/klangfestivalen.no\/wp-content\/uploads\/2016\/05\/Festivalen2015_5_.jpg 800w, https:\/\/klangfestivalen.no\/wp-content\/uploads\/2016\/05\/Festivalen2015_5_-300x200.jpg 300w, https:\/\/klangfestivalen.no\/wp-content\/uploads\/2016\/05\/Festivalen2015_5_-768x511.jpg 768w\" sizes=\"auto, (max-width: 800px) 100vw, 800px\" \/><\/a><a href=\"http:\/\/klangfestivalen.no\/wp-content\/uploads\/2016\/05\/Festivalen2015_6_.jpg\"><img loading=\"lazy\" decoding=\"async\" class=\"alignnone size-large wp-image-656\" src=\"http:\/\/klangfestivalen.no\/wp-content\/uploads\/2016\/05\/Festivalen2015_6_-681x1024.jpg\" alt=\"Festivalen2015_6_\" width=\"681\" height=\"1024\" \/><\/a><a href=\"http:\/\/klangfestivalen.no\/wp-content\/uploads\/2016\/05\/Festivalen2015_7_.jpg\"><img loading=\"lazy\" decoding=\"async\" class=\"alignnone size-full wp-image-657\" src=\"http:\/\/klangfestivalen.no\/wp-content\/uploads\/2016\/05\/Festivalen2015_7_.jpg\" alt=\"Festivalen2015_7_\" width=\"800\" height=\"532\" srcset=\"https:\/\/klangfestivalen.no\/wp-content\/uploads\/2016\/05\/Festivalen2015_7_.jpg 800w, https:\/\/klangfestivalen.no\/wp-content\/uploads\/2016\/05\/Festivalen2015_7_-300x200.jpg 300w, https:\/\/klangfestivalen.no\/wp-content\/uploads\/2016\/05\/Festivalen2015_7_-768x511.jpg 768w\" sizes=\"auto, (max-width: 800px) 100vw, 800px\" \/><\/a><\/p>\n","protected":false},"excerpt":{"rendered":"<p>Den andre Klangfestivalen ble arrangert 14-16 august 2015, som ogs\u00e5 var de f\u00f8rste [&hellip;]<\/p>\n","protected":false},"author":1,"featured_media":0,"parent":0,"menu_order":0,"comment_status":"closed","ping_status":"closed","template":"","meta":{"footnotes":""},"class_list":["post-606","page","type-page","status-publish","hentry"],"_links":{"self":[{"href":"https:\/\/klangfestivalen.no\/index.php?rest_route=\/wp\/v2\/pages\/606","targetHints":{"allow":["GET"]}}],"collection":[{"href":"https:\/\/klangfestivalen.no\/index.php?rest_route=\/wp\/v2\/pages"}],"about":[{"href":"https:\/\/klangfestivalen.no\/index.php?rest_route=\/wp\/v2\/types\/page"}],"author":[{"embeddable":true,"href":"https:\/\/klangfestivalen.no\/index.php?rest_route=\/wp\/v2\/users\/1"}],"replies":[{"embeddable":true,"href":"https:\/\/klangfestivalen.no\/index.php?rest_route=%2Fwp%2Fv2%2Fcomments&post=606"}],"version-history":[{"count":8,"href":"https:\/\/klangfestivalen.no\/index.php?rest_route=\/wp\/v2\/pages\/606\/revisions"}],"predecessor-version":[{"id":687,"href":"https:\/\/klangfestivalen.no\/index.php?rest_route=\/wp\/v2\/pages\/606\/revisions\/687"}],"wp:attachment":[{"href":"https:\/\/klangfestivalen.no\/index.php?rest_route=%2Fwp%2Fv2%2Fmedia&parent=606"}],"curies":[{"name":"wp","href":"https:\/\/api.w.org\/{rel}","templated":true}]}}