{"id":671,"date":"2016-05-13T19:18:50","date_gmt":"2016-05-13T19:18:50","guid":{"rendered":"http:\/\/klangfestivalen.no\/?page_id=671"},"modified":"2016-05-13T20:25:54","modified_gmt":"2016-05-13T20:25:54","slug":"program-201","status":"publish","type":"page","link":"https:\/\/klangfestivalen.no\/?page_id=671","title":{"rendered":"Program 2014"},"content":{"rendered":"<h4><strong><br \/>\nFredag 8. august<\/strong><\/h4>\n<p><strong><br \/>\n18:00 \u00c5pning og k\u00e5seri<br \/>\n<\/strong>Bj\u00f8rn Austigard i fri utfoldelse om livet i V\u00e5g\u00f8y f\u00f8r og n\u00e5, ute om v\u00e6ret tillater. Gratis.<\/p>\n<p><strong>19:00 Elleve Hoemsalmer i Salmer 2013<br \/>\n<\/strong>Edvard Hoem forteller om egne salmer i den nye salmeboka. Publikum synger, akkom-pagnert av Knut Anders Vestad og Anna Adolfsson Vestad. Ann Helen Moen er solist med Sangkoret Fjelljom, Fr\u00e6nakoret och Canite, Martin Kosberg Bredin dirigerer.<\/p>\n<h4><strong><br \/>\nL\u00f8rdag 9. august<\/strong><\/h4>\n<p><strong><br \/>\n13:00 Mest klassisk<br \/>\n<\/strong>Ann Helen Moen, Anna Adolfsson Vestad, Brit Bild\u00f8en, Kari Johanne Kvernberg,<br \/>\nKarl Seglem, Knut Anders Vestad, Nj\u00e5l Sparbo, Stefan Penjin.<\/p>\n<p><strong>15:00 Litter\u00e6r vandring og mat mellom slagene<\/strong> (Bortehaugen)<strong><br \/>\n<\/strong>Vi vandrer med Edvard Hoem til Bortehaugen og h\u00f8rer fortellinger om barndommens landskap underveis. Vi satser p\u00e5 sol og augustvarme og m\u00e5ltid i det fri.<\/p>\n<p><strong>16:00 Avduking og utekonsert<\/strong> (Bortehaugen)<strong><br \/>\n<\/strong>Minnesteinen til felemaker Lars Hoem avdukes av Ivar Roger Hansen fra Ringve Museum. Jorun Marie Kvernberg spiller utekonsert p\u00e5 en Hoemfele og Henrik Hoem urframf\u00f8rer sangen om Lars Hoem, f\u00f8r vi vandrer tilbake til kirken.<\/p>\n<p><strong>18:00 Mest jazz<br \/>\n<\/strong>Betty Stjernen, Dag-Filip Roaldsnes, Henning Sommerro, Henrik Hoem, Hilde Brunsvik, Ine Hoem, Jorun Marie Kvernberg, Karl Seglem, Knut Anders Vestad, Tore Sandbakken.<\/p>\n<h4><strong><br \/>\nS\u00f8ndag 10. august<\/strong><\/h4>\n<p><strong><br \/>\n13:00 Orgelkonsert<br \/>\n<\/strong>K\u00e5re Nordstoga, domkantor i Oslo domkirke!<\/p>\n<p><strong>14:00 Bravurkonsert<br \/>\n<\/strong>Etter en kaffepause avslutter vi festivalen med perler, svisker og glansnumre.<\/p>\n","protected":false},"excerpt":{"rendered":"<p>Fredag 8. august 18:00 \u00c5pning og k\u00e5seri Bj\u00f8rn Austigard i fri utfoldelse om [&hellip;]<\/p>\n","protected":false},"author":1,"featured_media":0,"parent":0,"menu_order":0,"comment_status":"closed","ping_status":"closed","template":"","meta":{"footnotes":""},"class_list":["post-671","page","type-page","status-publish","hentry"],"_links":{"self":[{"href":"https:\/\/klangfestivalen.no\/index.php?rest_route=\/wp\/v2\/pages\/671","targetHints":{"allow":["GET"]}}],"collection":[{"href":"https:\/\/klangfestivalen.no\/index.php?rest_route=\/wp\/v2\/pages"}],"about":[{"href":"https:\/\/klangfestivalen.no\/index.php?rest_route=\/wp\/v2\/types\/page"}],"author":[{"embeddable":true,"href":"https:\/\/klangfestivalen.no\/index.php?rest_route=\/wp\/v2\/users\/1"}],"replies":[{"embeddable":true,"href":"https:\/\/klangfestivalen.no\/index.php?rest_route=%2Fwp%2Fv2%2Fcomments&post=671"}],"version-history":[{"count":14,"href":"https:\/\/klangfestivalen.no\/index.php?rest_route=\/wp\/v2\/pages\/671\/revisions"}],"predecessor-version":[{"id":691,"href":"https:\/\/klangfestivalen.no\/index.php?rest_route=\/wp\/v2\/pages\/671\/revisions\/691"}],"wp:attachment":[{"href":"https:\/\/klangfestivalen.no\/index.php?rest_route=%2Fwp%2Fv2%2Fmedia&parent=671"}],"curies":[{"name":"wp","href":"https:\/\/api.w.org\/{rel}","templated":true}]}}