{"id":69,"date":"2014-05-11T18:52:03","date_gmt":"2014-05-11T18:52:03","guid":{"rendered":"http:\/\/klangfestivalen.no\/?page_id=69"},"modified":"2016-05-13T20:33:55","modified_gmt":"2016-05-13T20:33:55","slug":"program","status":"publish","type":"page","link":"https:\/\/klangfestivalen.no\/?page_id=69","title":{"rendered":"Program 2015"},"content":{"rendered":"<h4><span style=\"color: #ffffff;\">\u00a0.<\/span><\/h4>\n<h4><strong>Fredag 14. august<\/strong><\/h4>\n<p class=\"p1\"><strong><br \/>\n18:00 \u00c5pning p\u00e5 kirkebakken<\/strong><br \/>\nFestivalsjefen drar det hele i gang, Knut Anders Vestad k\u00e5serer musikalsk, Karl Seglem byr p\u00e5 overraskelser,\u00a0kaffe i sol. Gratis.<\/p>\n<p class=\"p1\"><strong>19:00 Velkommen til Amerika!<\/strong><br \/>\nEdvard Hoem og K\u00e5re Nordstoga i nye landskap.<br \/>\nIne Hoem sl\u00e5r vokalt f\u00f8lge.<\/p>\n<p class=\"p1\"><span style=\"color: #ffffff;\">&#8211;<\/span><\/p>\n<h4><strong>L\u00f8rdag 15. august<\/strong><\/h4>\n<p class=\"p1\"><strong><br \/>\n13:00 Dobbelt opp<\/strong><br \/>\nNj\u00e5l Sparbo og Kari Johanne Kvernberg Dajani, m\u00f8rkt og russisk.<br \/>\nJorun Marie Kvernberg og Gabriel Fliflet, lyst og livlig.<\/p>\n<p class=\"p1\"><strong>14:30 Litter\u00e6r vandring<\/strong><br \/>\nEdvard Hoem tegner og forteller.<br \/>\nLunsj p\u00e5 Bortehaugen! NB Kontant.<\/p>\n<p class=\"p1\"><strong>16:30 Duetter og dueller<\/strong><br \/>\nMalvin N\u00f8sen, Beate Mordal, overraskelser.<\/p>\n<p class=\"p1\">18:00 Fiskesuppe! NB Kontant.<\/p>\n<p class=\"p1\"><strong>19:00 I Karls rike, bestillingsverk<\/strong><br \/>\nKarl Seglem leker med klanger, ord, toner, lyder, rytmer, instrumenter, sammen med Dag-Filip Roaldsnes, Gabriel Fliflet, Hilde Brunsvik, Jorun Marie Kvernberg, K\u00e5re Nordstoga, Nj\u00e5l Sparbo, Tore Sandbakken, Trygve Fiske og publikum. Urframf\u00f8ring.<\/p>\n<p class=\"p1\"><span style=\"color: #ffffff;\">.<\/span><\/p>\n<h4><strong>S\u00f8ndag 16. august<\/strong><\/h4>\n<p class=\"p1\"><strong><br \/>\n12:00 Konsertgudstjeneste p\u00e5 jazzm\u00e5ten<\/strong><br \/>\nDag-Filip Roaldsnes trio med Hanna Paulsberg,<br \/>\nKristian Finn Risung messer. Gratis.<\/p>\n<p class=\"p1\">13:00 Kirkekaffe! NB Kontant.<\/p>\n<p class=\"p1\"><strong>14:00 No stig v\u00e5r song<\/strong><br \/>\nPublikum synger sommersalmer akkompagnert av Hanna Paulsberg, Nj\u00e5l Sparbo, Knut Anders Vestad, bl\u00e5sere og lokalt kor ledet av Martin Bredin. Fullt tr\u00f8kk!<\/p>\n<h4><\/h4>\n<p>&nbsp;<\/p>\n<p><span style=\"color: #333333;\">\u00a0<\/span><\/p>\n","protected":false},"excerpt":{"rendered":"<p>\u00a0. Fredag 14. august 18:00 \u00c5pning p\u00e5 kirkebakken Festivalsjefen drar det hele i [&hellip;]<\/p>\n","protected":false},"author":1,"featured_media":0,"parent":0,"menu_order":0,"comment_status":"open","ping_status":"open","template":"","meta":{"footnotes":""},"class_list":["post-69","page","type-page","status-publish","hentry"],"_links":{"self":[{"href":"https:\/\/klangfestivalen.no\/index.php?rest_route=\/wp\/v2\/pages\/69","targetHints":{"allow":["GET"]}}],"collection":[{"href":"https:\/\/klangfestivalen.no\/index.php?rest_route=\/wp\/v2\/pages"}],"about":[{"href":"https:\/\/klangfestivalen.no\/index.php?rest_route=\/wp\/v2\/types\/page"}],"author":[{"embeddable":true,"href":"https:\/\/klangfestivalen.no\/index.php?rest_route=\/wp\/v2\/users\/1"}],"replies":[{"embeddable":true,"href":"https:\/\/klangfestivalen.no\/index.php?rest_route=%2Fwp%2Fv2%2Fcomments&post=69"}],"version-history":[{"count":85,"href":"https:\/\/klangfestivalen.no\/index.php?rest_route=\/wp\/v2\/pages\/69\/revisions"}],"predecessor-version":[{"id":695,"href":"https:\/\/klangfestivalen.no\/index.php?rest_route=\/wp\/v2\/pages\/69\/revisions\/695"}],"wp:attachment":[{"href":"https:\/\/klangfestivalen.no\/index.php?rest_route=%2Fwp%2Fv2%2Fmedia&parent=69"}],"curies":[{"name":"wp","href":"https:\/\/api.w.org\/{rel}","templated":true}]}}