{"id":715,"date":"2017-04-04T20:54:54","date_gmt":"2017-04-04T20:54:54","guid":{"rendered":"http:\/\/klangfestivalen.no\/?page_id=715"},"modified":"2017-07-24T17:45:58","modified_gmt":"2017-07-24T17:45:58","slug":"program-2017","status":"publish","type":"page","link":"https:\/\/klangfestivalen.no\/?page_id=715","title":{"rendered":"Program 2017"},"content":{"rendered":"<h3 class=\"p1\"><strong><br \/>\nTorsdag 10. august<\/strong><\/h3>\n<p>&nbsp;<\/p>\n<p class=\"p1\"><strong>1800 F\u00f8rkveld p\u00e5 Grendahuset: Edvard Hoem<br \/>\n<\/strong><strong>&laquo;Heimlandet. Barndom&raquo; og bedehusmusikken<\/strong><br \/>\nEdvard Hoem om barndommens landskap, i det gamle bedehuset som n\u00e5 er grendahus. Sangene er de samme som den gangen, en sangertrio fra Frelsesarmeen i Trondheim med Marit Selb\u00e6k i spissen synger, det samme gj\u00f8r publikum. Kaffe og vafler blir det ogs\u00e5 (kontant\/vipps).<br \/>\n<em>NB! Begrenset antall billetter.<\/em><\/p>\n<h3 class=\"p1\"><strong><br \/>\nFredag 11. august<\/strong><\/h3>\n<p>&nbsp;<\/p>\n<p class=\"p1\"><strong>1800 \u00c5pning p\u00e5 kirkebakken<\/strong><br \/>\nK\u00e5re Nordstoga og Sinikka Langeland om instrumentene sine, orgelet og kantelen. Vi drikker kaffe i pappkrus, h\u00f8rer p\u00e5 taler og musikk, og spiser kj\u00f8pekjeks. Gratis.<\/p>\n<p class=\"p1\"><strong>1900 Nordstoga \/ Langeland<\/strong><br \/>\nDomkantor K\u00e5re Nordstoga og folkemusiker Sinikka Langeland utforsker m\u00f8tepunktene mellom barokkens orgelmusikk og tradisjonsmusikken fra Finnskogen. Kort pause med p\u00e5t\u00e5r, f\u00f8r<\/p>\n<p class=\"p1\"><strong>2000 Hammer &amp; Hersk<\/strong><br \/>\nArild Hammer\u00f8 og Daniel Herskedal, en gitar og en tuba, lyriske melodier og forbl\u00e5ste toner, sangbare melodier og sprudlende overskudd. Sjanger? World folkjazz!<\/p>\n<h3><strong><br \/>\nL\u00f8rdag 12. august<\/strong><\/h3>\n<p>&nbsp;<\/p>\n<p class=\"p1\"><strong>1500 Kaf\u00e9konsert p\u00e5 Grendahuset:\u00a0Sinikka Langeland\u00a0<\/strong><br \/>\nKvederen og kantelespilleren p\u00e5 kloss hold, med den s\u00e6regne stemmen og den s\u00e6regne musikken fra Finnskogen. Og lunsj (kontant\/vipps)!\u00a0<em>NB! Begrenset antall billetter.<\/em><\/p>\n<p class=\"p1\"><strong>1700 Ellington! Roaldsnes Fem!\u00a0<\/strong><br \/>\nKlangfestivalens jazzmannfolkstjernelag spiller den sv\u00e6re amerikanske jazzkomponisten, etter verkstedmetoden. Andr\u00e9 Roligheten, Dag-Filip Roaldsnes, Hayden Powell, Tore Sandbakken, Trygve Fiske.<\/p>\n<p class=\"p1\"><strong>1800 Henning Sommerro \/ Schola Sanctae Sunnivae<br \/>\n<\/strong>Komponisten, artisten, organisten, improvisatoren, melodimakeren, trekkspilleren, sangeren osv Henning Sommerro, denne gangen med det gregorianske koret Schola Sanctae Sunnivae, gjester, og den musikken han egentlig driver med.<\/p>\n<h3><strong><br \/>\nS\u00f8ndag 13. august<\/strong><\/h3>\n<p>&nbsp;<\/p>\n<p class=\"p1\"><strong>1200 Konsertgudstjeneste<\/strong><br \/>\nB\u00e5de konsert og gudstjeneste, p\u00e5 jazzm\u00e5ten. Andr\u00e9 Roligheten, Dag-Filip Roaldsnes, Hayden Powell, Tore Sandbakken, Trygve Fiske spiller musikk av Dag-Filip Roaldsnes. Olav Dag Hauge og Maria Vassli Gj\u00e6re er liturger, Knut Anders Vestad sitter p\u00e5 orgelkrakken. Festivalkoret og publikum synger, ledet av Gunn Sissel Bakken H\u00e5seth. Gratis.<\/p>\n<p><strong>1300 Vi planter et Luthertre<\/strong><br \/>\n500 \u00e5r etter reformasjonen. Etterp\u00e5 er det kirkekaffe\/lunsj (kontant\/vipps).<\/p>\n<p class=\"p1\"><strong>1400 Schola Sanctae Sunnivae\u00a0<\/strong><br \/>\nDet s\u00e6regne gregorianske koret synger materiale fra det gamle Nidaros og arven fra middelalderen. Sanger knyttet til\u00a0Maria, Sankt Olav og den store Fingergullfesten veves sammen med folketoner, i kontraster og felles tradisjoner. Henning Sommerro\u00a0binder musikken sammen\u00a0med improvisasjoner p\u00e5 orgel, trekkspill og sang. En akustisk klangopplevelse utenom det vanlige!<\/p>\n","protected":false},"excerpt":{"rendered":"<p>Torsdag 10. august &nbsp; 1800 F\u00f8rkveld p\u00e5 Grendahuset: Edvard Hoem &laquo;Heimlandet. Barndom&raquo; og [&hellip;]<\/p>\n","protected":false},"author":1,"featured_media":0,"parent":0,"menu_order":0,"comment_status":"closed","ping_status":"closed","template":"","meta":{"footnotes":""},"class_list":["post-715","page","type-page","status-publish","hentry"],"_links":{"self":[{"href":"https:\/\/klangfestivalen.no\/index.php?rest_route=\/wp\/v2\/pages\/715","targetHints":{"allow":["GET"]}}],"collection":[{"href":"https:\/\/klangfestivalen.no\/index.php?rest_route=\/wp\/v2\/pages"}],"about":[{"href":"https:\/\/klangfestivalen.no\/index.php?rest_route=\/wp\/v2\/types\/page"}],"author":[{"embeddable":true,"href":"https:\/\/klangfestivalen.no\/index.php?rest_route=\/wp\/v2\/users\/1"}],"replies":[{"embeddable":true,"href":"https:\/\/klangfestivalen.no\/index.php?rest_route=%2Fwp%2Fv2%2Fcomments&post=715"}],"version-history":[{"count":35,"href":"https:\/\/klangfestivalen.no\/index.php?rest_route=\/wp\/v2\/pages\/715\/revisions"}],"predecessor-version":[{"id":882,"href":"https:\/\/klangfestivalen.no\/index.php?rest_route=\/wp\/v2\/pages\/715\/revisions\/882"}],"wp:attachment":[{"href":"https:\/\/klangfestivalen.no\/index.php?rest_route=%2Fwp%2Fv2%2Fmedia&parent=715"}],"curies":[{"name":"wp","href":"https:\/\/api.w.org\/{rel}","templated":true}]}}