{"id":728,"date":"2017-03-31T18:29:03","date_gmt":"2017-03-31T18:29:03","guid":{"rendered":"http:\/\/klangfestivalen.no\/?page_id=728"},"modified":"2017-07-24T18:00:21","modified_gmt":"2017-07-24T18:00:21","slug":"artister-2017","status":"publish","type":"page","link":"https:\/\/klangfestivalen.no\/?page_id=728","title":{"rendered":"Artister 2017"},"content":{"rendered":"<p><strong><a href=\"https:\/\/roligheten.com\/\" target=\"_blank\">Andr\u00e9 Roligheten<\/a><br \/>\n(f 1985) saksofonist, komponist, fra Skien<br \/>\n<\/strong>Andr\u00e9 har spilt saksofon siden han var \u00e5tte. Han har g\u00e5tt p\u00e5 jazzlinja i Trondheim og Oslo, spilt i band som Albatrosh (med Eyolf Dale), Team Hegdal, Trondheim Jazzorkester og Gard Nilssen\u2019s Acoustic Unity, og jobbet med Theo Bleckmann, Django Bates, Bugge Wesseltoft, Per Zanussi og Ola Kvernberg, for \u00e5 nevne noen. Andr\u00e9 spiller i inn- og utland og p\u00e5 plater, f\u00e5r priser, blir rost av kritikere og tatt i mot av publikum for sitt tighte, overraskende, varme og s\u00e6rpregede spill. Det er Andr\u00e9s andre \u00e5r p\u00e5 Klangfestivalen, i fjor holdt han publikum i \u00e5nde i fantasifullt samspill med makker Hayden Powell. I \u00e5r spiller han i jazzmannfolkbandet Roaldsnes Fem, p\u00e5 verkstedkonserten l\u00f8rdag kl 17, og konsertgudstjenesten s\u00f8ndag kl 12.<\/p>\n<p><strong><a href=\"http:\/\/www.sunnivae.com\/dirigent\" target=\"_blank\">Anne Kleivset<\/a><br \/>\n(f 1960) dirigent, sanger, fra Halsa<br \/>\n<\/strong>Anne har studert kirkemusikk og pedagogikk ved Tr\u00f8ndelag musikkonservatorium og gregoriansk sang ved NTNU, i tillegg til omfattende private studier innen gregoriansk sang i Frankrike, \u00d8sterrike og Nederland, og sangerutdannelse fra Complete Vocal Institute i K\u00f8benhavn. I 1992 startet hun det gregorianske koret Schola Sanctae Sunnivae, som hun har ledet siden. Foruten korets fem cd-er st\u00e5r hun bak en rekke konsertforestillinger og produksjoner som for eksempel \u201dRex Olavus\u201d, \u201dJohannesd\u00f8ger\u201d, \u201dSom en rose, som en lilje\u201d og \u201dMistero Buffo\u201d. Hun arbeider ogs\u00e5 med sang som uttrykksform gjennom konserter, undervisning, kor, teater og folkemusikalske forestillinger. Anne kommer til Klangfestivalen for f\u00f8rste gang, og leder Schola Sanctae Sunnivae i Henning Sommerros konsert l\u00f8rdag kl 18, og i avslutningskonserten s\u00f8ndag kl 14.<\/p>\n<p><strong><a href=\"https:\/\/www.facebook.com\/Arild.Hammero\/\" target=\"_blank\">Arild Hammer\u00f8<\/a><br \/>\n(f 1982) gitarist, vokalist, komponist, fra Hustad<br \/>\n<\/strong>Arild og gitaren har fartstid fra hovedstadens vise- og poesimilj\u00f8, fra viddebluessensasjonen Atlanter med Jens Carelius, progbluesbandet Tenderton, og som soloartist. Han har jobbet med Siri Nilsen og elektronikaduoen Ost &amp; Kjex, platedebuterte i eget navn i 2008 med albumet \u201dDagen som Gryr\u201d, og skrev bestillingsverket \u201dBj\u00f8rnsound\u201d til Norsk Litteraturfestival i 2010. Duoen Hammer &amp; Hersk med Daniel Herskedal har v\u00e6rt aktive siden 2012. Arild spiller p\u00e5 Klangfestival for f\u00f8rste gang, og kan h\u00f8res fredag kl 20 i konserten Hammer &amp; Hersk.<\/p>\n<p><strong><a href=\"https:\/\/dagfilip.wordpress.com\/\" target=\"_blank\">Dag-Filip Roaldsnes<\/a><br \/>\n(f 1984) jazzpianist, komponist, fra Valder\u00f8y<br \/>\n<\/strong>Som unggutt fant Dag-Filip veien til Ungjazz i \u00c5lesund, og videre til jazzstudier ved Norges Musikkh\u00f8gskole. Han har jobbet med folk som Karl Seglem, Frode Haltli, Anja Skybakmoen og Hanna Paulsberg, spilt med The Margarets og \u00c5lesund Strykekvartett, Mats Eilertsen og K\u00e5re Nymark jr, Nils-\u00d8ivind Haagensen og Edvard Hoem, og i solo- og bandprosjekter i eget navn, inkludert to kritikerroste album. Med musikalsk bakgrunn fra bedehus og jazz til europeisk kunstmusikk maler Dag-Filip med mange farger i paletten. Han har spilt p\u00e5 Klangfestivalen siden starten i 2014, som solist, bandleder og komponist. P\u00e5 \u00e5rets festival h\u00f8rer vi ham som leder for stjernelaget Roaldsnes Fem, som spiller verkstedkonsert l\u00f8rdag kl 17, og konsertgudstjeneste s\u00f8ndag kl 12.<\/p>\n<p><strong><a href=\"http:\/\/www.danielherskedal.com\/Home.html\" target=\"_blank\">Daniel Herskedal<\/a><br \/>\n(f 1982) tubaist, komponist, fra Molde<br \/>\n<\/strong>Daniel gikk skole i hjembyens tradjazzband Dixi (med blant andre Hayden Powell), og p\u00e5 musikklinja p\u00e5 Molde videreg\u00e5ende, f\u00f8r det ble jazzutdanning i Trondheim og K\u00f8benhavn. Internasjonalt gjennombrudd kom i 2015 med kvartett i eget navn og albumet Slow Eastbound Train, framf\u00f8rt p\u00e5 Moldejazz samme \u00e5r, og siden i Europa og Asia. Daniel har samarbeidet med folk som Arve Henriksen, Django Bates, og Jens Carelius, f\u00e5tt T\u00e6l-stipend fra Sparebank1 og Gnist-stipend fra Sparebanken M\u00f8re, og skrevet bestillingsverk for Trondheim Jazzorkester, Moskvapatriarkatets Mannskor og BBC Concert Orchestra. De siste \u00e5rene har Daniel samarbeidet med arabiske musikere og v\u00e6rt p\u00e5 turn\u00e9er og studiereiser i Palestina, Syria og Libanon.\u00a0Duoen Hammer &amp; Hersk med makker Arild Hammer\u00f8 har v\u00e6rt i sving siden 2012. Daniel spiller p\u00e5 Klangfestival for f\u00f8rste gang, og vi h\u00f8rer ham i konserten Hammer &amp; Hersk fredag kl 20.<\/p>\n<p><strong><a href=\"http:\/\/www.oktober.no\/Forfattere\/Norske\/Hoem-Edvard\" target=\"_blank\">Edvard Hoem<\/a><br \/>\n(f 1949) forfatter, fra Hoem<br \/>\n<\/strong>Edvard er en av landets mest respekterte og leste forfattere. Oppvokst p\u00e5 Hoem, noen steinkast fra V\u00e5g\u00f8y kyrkje, m\u00f8tte han bibelen i barndomshjemmet, eksistensialismen og verdenslitteraturen som ten\u00e5ring i Molde, teatret og den politiske radikaliseringen som student i Oslo. Forfatterskapet begynte med poesi, gikk videre til romaner, skuespill, librettoer, sanger, salmer, gjendiktninger, ikke minst av Shakespeare, biografier, essays. Han er prisbel\u00f8nt, kritikerrost og etterspurt, og har bes\u00f8kt de fleste byer, tettsteder, veikryss, knauser og nes i landet. De siste \u00e5rene har han skrevet romaner om de som utvandret til Amerika og de som ble hjemme. Edvard har hatt ulike litter\u00e6re og musikalske programmer p\u00e5 Klangfestivalen siden starten i 2014. I \u00e5r tjuvstarter han festivalen med en f\u00f8rkveld p\u00e5 Grendahuset torsdag kl 18.<\/p>\n<p><strong>Festivalkoret<br \/>\n<\/strong>Festivalkoret best\u00e5r av lokale og litt mindre lokale sangere som til vanlig synger i noen av de mange dyktige amat\u00f8rkorene i regionen. Klangfestivalkoret har bidratt med stemmer, farger og liv ved konserter og konsertgudstjenester siden festivalstart i 2014. I \u00e5r ledes koret av V\u00e5g\u00f8y kyrkjes egen kantor Gunn Sissel Bakken H\u00e5seth, og kan h\u00f8res p\u00e5 verkstedkonserten l\u00f8rdag kl 17, p\u00e5 konsertgudstjenesten s\u00f8ndag kl 12, og under treplantingen umiddelbart etterp\u00e5.<\/p>\n<p><strong>Frelsesarmeen<\/strong><br \/>\nTil f\u00f8rkvelden p\u00e5 Hoem Grendahus kommer en sangertrio fra Frelsesarmeen for \u00e5 synge de gamle bedehussangene og lede allsangen. I spissen for trioen st\u00e5r <a href=\"https:\/\/www.youtube.com\/channel\/UC-mCH_won-APPBinQleiVoA\" target=\"_blank\">Marit Selb\u00e6k<\/a>, som til daglig jobber i Frelsesarmeen i Trondheim, og som frilans vokalist i ulike sammenhenger.<\/p>\n<p><strong><a href=\"https:\/\/www.facebook.com\/gunnsisselbakken.haseth\" target=\"_blank\">Gunn Sissel Bakken H\u00e5seth<\/a><br \/>\n(f 1967) kantor, dirigent, fra Kvernes<br \/>\n<\/strong>Gunn Sissel har studert kirkemusikk ved Musikkonservatoriet i Trondheim. Hun har v\u00e6rt kantor i V\u00e5g\u00f8y og Fr\u00e6na siden 1997. Gunn Sissel har trukket i festivaltr\u00e5dene siden starten i 2014, i \u00e5r dirigerer hun Festivalkoret p\u00e5 verkstedkonserten l\u00f8rdag kl 17, konsertgudstjenesten s\u00f8ndag kl 12, og under treplantingen umiddelbart etterp\u00e5.<\/p>\n<p><strong><a href=\"http:\/\/haydenpowell.com\/\" target=\"_blank\">Hayden Powell<\/a><br \/>\n(f 1983) trompeter, komponist, engelskmann fra Molde<br \/>\n<\/strong>Hayden tr\u00e5dte sine musikerbarnesko i korpsmilj\u00f8et i hjembyen, og tradjazz-bandet Dixi (med blant andre Daniel Herskedal). Siden ble det jazzlinjer i Trondheim og Oslo, kritikerroste prosjekter og plater, mange jern i ilden og stor suksess i inn- og utland. Med original, leken og dynamisk kammerjazz har Hayden Powell Trio spilt konserter og p\u00e5 festivaler over hele landet, samtidig som Hayden har v\u00e6rt sidemann i prosjekter med Ola Kvernberg, Albatrosh, Trondheim Jazzorkester og Valkyrien Allstars, og spilt med folk som Natacha Atlas og Solfrid Molland. Hayden var p\u00e5 Klangfestival f\u00f8rste gang i fjor, i uforglemmelig samspill med Andr\u00e9 Roligheten. I \u00e5r er de to makkerne \u00e5 h\u00f8re i jazzmannfolkrekka Roaldsnes Fem, i verkstedkonserten l\u00f8rdag kl 17, og konsertgudstjenesten s\u00f8ndag kl 12.<a href=\"http:\/\/haydenpowell.com\/\" target=\"_blank\"><br \/>\n<\/a><\/p>\n<p><strong><a href=\"https:\/\/no.wikipedia.org\/wiki\/Henning_Sommerro\" target=\"_blank\">Henning Sommerro<\/a><br \/>\n(f 1952) komponist, artist, multiinstrumentalist, fra Surnadal<br \/>\n<\/strong>Siden gjennombruddet med V\u00e5rs\u00f8g i 1977 har Henning f\u00f8ket inn- og utland rundt i alle slags konstellasjoner og p\u00e5 egen h\u00e5nd. Han har spilt med de fleste, kjente og ukjente, Erik Bye og Sigmund Groven, John P\u00e5l Inderberg og Bj\u00f8rn Alterhaug, Arve Tellefsen og Palle Mikkelborg, \u00c5ge Alexandersen og Trondheimsolistene for \u00e5 nevne noen. Han har skrevet en lang rekke verk for teater, film, kor og ulike ensembler, messer, salmer \u2013 mange med Edvard Hoem &#8211; og en samling sanger som for lengst har blitt allemannseie. Henning lager musikkfest med b\u00e5de h\u00f8ytid og fyrverkeri hvor han enn viser seg, og er ikke lei av landeveien enn\u00e5. Han spiller p\u00e5 Klangfestival for tredje gang, etter fjor\u00e5rets \u201dHennings beste\u201d kommer han denne gangen med Sommerro-musikk litt utenom allfarvei og i samarbeid med det gregorianske koret Schola Sanctae Sunnivae, l\u00f8rdag kl 18 og s\u00f8ndag kl 14.<\/p>\n<p><strong><a href=\"http:\/\/www.hildebrunsvik.no\/\" target=\"_blank\">Hilde Brunsvik<\/a><br \/>\n(f 1959) sanger, l\u00e5tskriver, forfatter, fra Moss<br \/>\n<\/strong>Hilde synger egne og andres l\u00e5ter, i et veikryss hvor jazz m\u00f8ter soul og blues. Hun er utdannet idehistoriker fra Universitet i Oslo og sanger fra Complete Vocal Institute i K\u00f8benhavn, har publisert noveller, romaner og en musikerbiografi. Hilde er Klangfestivalens grunnlegger, sjef og bakkemannskap.<\/p>\n<p><strong><a href=\"https:\/\/www.youtube.com\/watch?v=1GdwlIplkgY\" target=\"_blank\">H\u00e5var Svergja<\/a><br \/>\n(f 1998) gitarist, fra Fr\u00e6na<br \/>\n<\/strong>H\u00e5var har g\u00e5tt p\u00e5 Fr\u00e6na kulturskole og er nettopp ferdig med musikklinja p\u00e5 Molde videreg\u00e5ende. Han har deltatt p\u00e5 UKM Norges fylkesm\u00f8nstring, og ble tidligere i sommer tildelt \u00e5rets Dr\u00f8mmestipend fra Norsk kulturskoler\u00e5d. H\u00e5var spiller elgitar med tydelig innflytelse fra jazz og blues. Han er festivalens yngste deltaker og spiller p\u00e5 Klangfestival for f\u00f8rste gang. H\u00f8r ham p\u00e5 festival\u00e5pningen fredag 11. august kl 1800.<\/p>\n<p><strong><a href=\"https:\/\/no.wikipedia.org\/wiki\/Knut_Anders_Vestad\" target=\"_blank\">Knut Anders Vestad<\/a><br \/>\n(f 1969) komponist, organist, fra Aureosen<br \/>\n<\/strong>Knut Anders m\u00f8tte orgelmusikken som barn i V\u00e5g\u00f8y kyrkje. Han er utdannet organist og komponist fra Tr\u00f8ndelag Musikkonservatorium og er ansatt ved Institutt for musikk p\u00e5 NTNU. Han har skrevet verk til Nidarosdomens Guttekor, Hamsundagene, Trondheim Jazzfestival og Molde domkirke. Med Edvard Hoem skrev han barneoperaen \u201dFiskaren Rasmus og felemusikken\u201d til V\u00e5g\u00f8y kyrkjes 100-\u00e5rsjubileum, og to operaer p\u00e5 Den Norske Opera &amp; Ballett. Knut Anders har arrangert for Trondheimsolistene og deres samarbeid med artister som Ole Paus, Moddi, Jonas Alaska, Katzenjammer, Knut Reiersrud og Henning Sommerro. Han har ogs\u00e5 skrevet kammermusikk, teatermusikk og musikaler. Knut Anders er grunnlegger og kunstnerisk leder for Kibnebfestivalen, og har spilt p\u00e5 Klangfestivalen siden starten i 2014. I \u00e5r h\u00f8rer vi ham sammen med Edvard Hoem p\u00e5 Grendahuset torsdag kl 18, og p\u00e5 konsertgudstjenesten s\u00f8ndag kl 12.<\/p>\n<p><strong><a href=\"https:\/\/no.wikipedia.org\/wiki\/K%C3%A5re_Nordstoga\" target=\"_blank\">K\u00e5re Nordstoga<\/a><br \/>\n(f 1954) organist, komponist, arrang\u00f8r, fra Notodden<br \/>\n<\/strong>K\u00e5re fant veien til orgelkrakken i tidlig barndom og har siden holdt seg der. Han har studert ved Norges Musikkh\u00f8gskole og i England, og har v\u00e6rt domorganist i Oslo domkirke siden 1984. K\u00e5re er etterspurt over hele Europa og har tett kalender, spiller konsert i Notre Dame og begravelse for en bostedsl\u00f8s i Oslo med samme innsats, har f\u00e5tt Spellemannpris og Lindemannpris og er sl\u00e5tt til ridder av St. Olavs orden, er en av samtidens betydeligste Bach-tolkere b\u00e5de p\u00e5 plate og konsert, samarbeider med eliten i norsk musikkliv og utallige amat\u00f8rkor og \u2013musikere landet rundt, b\u00e5de i den klassiske tradisjonen og innen folkemusikken. K\u00e5re er p\u00e5 Klangfestival for tredje gang og har tidligere spilt b\u00e5de Bach og Seglem p\u00e5 festivalen. Han var ogs\u00e5 med i operaen \u201dFiskaren Rasmus og felemusikken\u201d av Knut Anders Vestad, til V\u00e5g\u00f8y kyrkjes 100-\u00e5rsjubileum i 2004. Samarbeidet med Sinikka Langeland g\u00e5r tilbake til 2004. K\u00e5re forteller om instrumentet sitt, orgelet, p\u00e5 festival\u00e5pningen fredag kl 18, og spiller \u00e5pningskonsert sammen med Sinikka etterp\u00e5, kl 19.<a href=\"https:\/\/no.wikipedia.org\/wiki\/K%C3%A5re_Nordstoga\" target=\"_blank\"><br \/>\n<\/a><\/p>\n<p><strong><a href=\"https:\/\/www.facebook.com\/maria.v.gjaere?fref=ts\" target=\"_blank\">Maria Vassli Gj\u00e6re<\/a><br \/>\n(f 1983) prest, fra Kongsberg<br \/>\n<\/strong>Maria er utdannet fra Det Teologiske Menighetsfakultet, og ble ordinert i 2011. Hun har v\u00e6rt prest i V\u00e5g\u00f8y og Myrbostad sokn siden 2012. Maria har deltatt p\u00e5 Klangfestival siden 2015, b\u00e5de som korsanger og liturg. Vi h\u00f8rer henne p\u00e5 konsertgudstjenesten s\u00f8ndag kl 12.<\/p>\n<p><strong><a href=\"https:\/\/www.facebook.com\/nella.penjin\" target=\"_blank\">Nella Penjin<\/a><br \/>\n(f 1991) fiolinist, fra Elnesv\u00e5gen<br \/>\n<\/strong>Nella vokste mer eller mindre opp p\u00e5 Fr\u00e6na kulturskole i Elnesv\u00e5gen, hvor foreldrene har undervist i en mannsalder. I ungdoms\u00e5rene vant hun priser i Ungdommens Musikkmesterskap, fikk Dr\u00f8mmestipend fra Kulturskoler\u00e5det, T\u00e6l-stipend fra Sparebank1 og hederspris fra BFH Sparebank. Hun ble tatt ut i Statens Talent- og utviklingsprogram ved NTNU i Trondheim, og har siden fullf\u00f8rt en master i klassisk fiolin p\u00e5 samme sted.\u00a0Hun spiller ofte med TrondheimSolistene, og er en engasjert kammermusiker p\u00e5 stadig\u00a0leting etter nye\u00a0uttrykk med instrumentet. Under mastergraden holdt hun to konserter med fokus p\u00e5 musikk i samspill med andre kunstarter, og dette er et prosjekt hun \u00f8nsker \u00e5 bygge videre p\u00e5. \u00a0Samarbeidet med Henning Sommerro startet med konsert p\u00e5 Hemne i mai 2017. Nella spiller p\u00e5 Klangfestival for f\u00f8rste gang, og du kan h\u00f8re henne l\u00f8rdag kl 18 sammen med Henning\u00a0og Schola Sanctae Sunnivae.<\/p>\n<p><strong><a href=\"https:\/\/no.wikipedia.org\/wiki\/Olav_Dag_Hauge\" target=\"_blank\">Olav Dag Hauge<\/a><br \/>\n(f 1943) prest, fra Oslo<br \/>\n<\/strong>Olav Dag er Oslogutt og prestes\u00f8nn, og har v\u00e6rt i prestetjeneste siden han var 26, f\u00f8rst p\u00e5 Sola flystasjon, siden blant annet som feltprest med UNIFIL i Libanon, og som feltprost i Forsvarets Overkommando. Fra 1998 til han gikk av med pensjon var han domprost i Oslo. Under 22. juli-terroren var han sentral i Domkirkens arbeid som m\u00f8teplass og offentlig rom for en s\u00f8rgende nasjon. Mange kjenner ham ogs\u00e5 fra utallige radioandakter. I 2013 ble han utnevn til Kommand\u00f8r av St. Olavs orden for sitt brede samfunnsengasjement. Olav Dag har v\u00e6rt i festivalkulissene siden festivalen startet, i fjor var han liturg i konsertgudstjenesten. Det er han ogs\u00e5 i \u00e5r, s\u00f8ndag kl 12.<\/p>\n<p><strong><a href=\"http:\/\/www.sunnivae.com\/\" target=\"_blank\">Schola Sanctae Sunnivae<\/a><br \/>\n<\/strong>Schola Sanctae Sunnivae er et vokalensemble med 12-18 kvinnelige sangere p\u00e5 h\u00f8yt niv\u00e5, til daglig basert i Trondheim. Ensemblet ble startet i 1992 av Anne Kleivset, som siden har v\u00e6rt ensemblets dirigent og kunstnerisk leder. I 2009 ble ensemblet utnevnt til pilegrimskor knyttet til Nidaros Pilegrimsg\u00e5rd. Ensemblet formidler den gamle gregorianske middelaldersangen, men samarbeider ogs\u00e5 med jazzmusikere, folkemusikere, symfoniorkester, skuespillere og dansere, i egne forestillinger og utallige konserter p\u00e5 ulike arenaer. Ensemblet har en omfattende kompetanse innen gregoriansk sang, b\u00e5de n\u00e5r det gjelder teori, formidling og framf\u00f8ring, samarbeider med Europas fremste ekspertise innen feltet, og h\u00f8ster stor anerkjennelse for sin virksomhet i inn- og utland. Schola Sanctae Sunnivae kommer til Klangfestivalen for f\u00f8rste gang, og vi h\u00f8rer dem i Henning Sommerros konsert l\u00f8rdag kl 18, og i avslutningskonserten s\u00f8ndag kl 14.\u00a0<a href=\"http:\/\/www.sunnivae.com\/\" target=\"_blank\"><br \/>\n<\/a><\/p>\n<p><strong><a href=\"http:\/\/www.sinikka.no\/\" target=\"_blank\">Sinikka Langeland<\/a><br \/>\n(f 1961) kveder, kantelespiller, komponist, fra Kirken\u00e6r<br \/>\n<\/strong>Sinikka studerte piano, gitar og folkesang f\u00f8r hun oppdaget kantelen, det finske nasjonalinstrumentet, som 20-\u00e5ring \u2013 Sinikkas mor er finsk. Siden ble det musikkstudier i Paris og Oslo, og et omfattende forskningsprosjekt rundt tradisjonsmusikken fra Finnskogen og barndommens musikalske landskap. Sinikkas unike sang og kantelespill har tatt henne Norge, Europa og verden rundt i de forskjelligste konstellasjoner og som soloartist, ofte med musikk og tekster med utspring i skogfinske tradisjoner. Hun har spilt inn utallige plater med egne og andres prosjekter, har mottatt en rekke priser for sitt arbeid, som Edvardprisen, Gammlengprisen og Sibeliusprisen, og har v\u00e6rt nominert til Spellemannprisen flere ganger. Hun har samarbeidet innenfor mange sjangere med folk som Sinead O\u2019Connor, Trygve Seim og Arve Henriksen, og danske Savage Rose. Samarbeidet med K\u00e5re Nordstoga g\u00e5r tilbake til 2004. Sinikka kommer til Klangfestivalen for f\u00f8rste gang, og vi h\u00f8rer henne fortelle om instrumentet sitt, kantelen, p\u00e5 festival\u00e5pningen fredag kl 18, i \u00e5pningskonsert med K\u00e5re samme kveld kl 19, og solo i intimformat p\u00e5 Grendahuset l\u00f8rdag kl 15.<\/p>\n<p><strong><a href=\"http:\/\/www.toresandbakken.com\/\" target=\"_blank\">Tore Sandbakken<\/a><br \/>\n(f 1985) perkusjonist, komponist, fra Trondheim<br \/>\n<\/strong>Tores f\u00f8rste musikalske kj\u00e6rlighet var Steely Dan og The Beatles, f\u00f8r han fant fram til jazzen og den improviserte musikken. Han er utdannet ved Norges Musikkh\u00f8gskole og Rytmisk Musikkonservatorium i K\u00f8benhavn, og er en allsidig og etterspurt perkusjonist med konserter i Norge, Europa, Japan og USA, med band som Mapping Oceans, Dag-Filip Roaldsnes Ensemble, Odd Steinar Albrigtsen Quintet, Speakeasy, Aphrodisiac og Bergljot. Han har jobbet med musikere som Jens Carelius, Jan Vard\u00f8en, Nils Petter Molv\u00e6r, Arrigo Cappelletti og Stein Bull-Hansen, en Spellemann-nominasjon har det ogs\u00e5 blitt. Tore har spilt p\u00e5 Klangfestivalen siden starten i 2014, i \u00e5r h\u00f8rer vi ham i stjernerekka Roaldsnes Fem, som spiller verkstedkonsert l\u00f8rdag kl 17, og konsertgudstjeneste s\u00f8ndag kl 12.<a href=\"http:\/\/www.toresandbakken.com\/\" target=\"_blank\"><br \/>\n<\/a><\/p>\n<p><strong><a href=\"https:\/\/no.wikipedia.org\/wiki\/Trygve_Waldemar_Fiske\" target=\"_blank\">Trygve Waldemar Fiske<\/a><br \/>\n(f 1987) bassist, fra Frei <\/strong><br \/>\nTrygve fant en elbass i kjelleren i barndomshjemmet, siden har det v\u00e6rt han og bassen. Han har g\u00e5tt jazzlinja i Trondheim og Oslo, f\u00e5tt Shellstipend og jobbet med folk som John P\u00e5 Inderberg, Heidi Skjerve og Ine Hoem, og er fast medlem i Hanna Paulsberg Concept. Siden 2014 har han ledet den kritikerroste kvartetten Waldemar 4. Trygve spiller med groove, oppfinnsomhet og varme, f\u00f8rste gang vi h\u00f8rte ham p\u00e5 Klangfestivalen var i 2015, blant annet i en minneverdig konsert med Karl Seglem som bandleder. I \u00e5r st\u00e5r han i jazzmannfolkrekka Roaldsnes Fem, og spiller verkstedkonsert l\u00f8rdag kl 17 og konsertgudstjeneste s\u00f8ndag kl 12.<\/p>\n<p><a href=\"https:\/\/no.wikipedia.org\/wiki\/Trygve_Waldemar_Fiske\" target=\"_blank\">\u00a0<\/a><\/p>\n","protected":false},"excerpt":{"rendered":"<p>Andr\u00e9 Roligheten (f 1985) saksofonist, komponist, fra Skien Andr\u00e9 har spilt saksofon siden [&hellip;]<\/p>\n","protected":false},"author":1,"featured_media":0,"parent":0,"menu_order":0,"comment_status":"closed","ping_status":"closed","template":"","meta":{"footnotes":""},"class_list":["post-728","page","type-page","status-publish","hentry"],"_links":{"self":[{"href":"https:\/\/klangfestivalen.no\/index.php?rest_route=\/wp\/v2\/pages\/728","targetHints":{"allow":["GET"]}}],"collection":[{"href":"https:\/\/klangfestivalen.no\/index.php?rest_route=\/wp\/v2\/pages"}],"about":[{"href":"https:\/\/klangfestivalen.no\/index.php?rest_route=\/wp\/v2\/types\/page"}],"author":[{"embeddable":true,"href":"https:\/\/klangfestivalen.no\/index.php?rest_route=\/wp\/v2\/users\/1"}],"replies":[{"embeddable":true,"href":"https:\/\/klangfestivalen.no\/index.php?rest_route=%2Fwp%2Fv2%2Fcomments&post=728"}],"version-history":[{"count":13,"href":"https:\/\/klangfestivalen.no\/index.php?rest_route=\/wp\/v2\/pages\/728\/revisions"}],"predecessor-version":[{"id":884,"href":"https:\/\/klangfestivalen.no\/index.php?rest_route=\/wp\/v2\/pages\/728\/revisions\/884"}],"wp:attachment":[{"href":"https:\/\/klangfestivalen.no\/index.php?rest_route=%2Fwp%2Fv2%2Fmedia&parent=728"}],"curies":[{"name":"wp","href":"https:\/\/api.w.org\/{rel}","templated":true}]}}