{"id":818,"date":"2017-04-15T14:48:54","date_gmt":"2017-04-15T14:48:54","guid":{"rendered":"http:\/\/klangfestivalen.no\/?page_id=818"},"modified":"2021-12-27T18:13:26","modified_gmt":"2021-12-27T18:13:26","slug":"klangfestivalen-2016","status":"publish","type":"page","link":"https:\/\/klangfestivalen.no\/?page_id=818","title":{"rendered":"Klangfestivalen 2016"},"content":{"rendered":"<p><a href=\"http:\/\/klangfestivalen.no\/wp-content\/uploads\/2017\/04\/Klang2016_1.jpg\"><img loading=\"lazy\" decoding=\"async\" class=\"alignnone wp-image-822\" src=\"http:\/\/klangfestivalen.no\/wp-content\/uploads\/2017\/04\/Klang2016_1-768x1024.jpg\" alt=\"Klang2016_1\" width=\"489\" height=\"652\" srcset=\"https:\/\/klangfestivalen.no\/wp-content\/uploads\/2017\/04\/Klang2016_1-768x1024.jpg 768w, https:\/\/klangfestivalen.no\/wp-content\/uploads\/2017\/04\/Klang2016_1-225x300.jpg 225w, https:\/\/klangfestivalen.no\/wp-content\/uploads\/2017\/04\/Klang2016_1.jpg 1536w\" sizes=\"auto, (max-width: 489px) 100vw, 489px\" \/><\/a><\/p>\n<p>Den tredje Klangfestivalen 12-14. august 2016, ble den f\u00f8rste i regn! Vi m\u00e5tte flykte under tak, og oppdaget at kirkerommet er en like fin myldreplass som kirkebakken, at Grendahuset er en s\u00e5 god n\u00f8dl\u00f8sning at vi vil bruke den igjen, og at musikken ikke blir d\u00e5rligere med et bakgrunnskomp av vind og regn.<\/p>\n<p>Jorun Marie og Ola Kvernberg, Ellen Andrea Wang, Hanna Paulsberg, Henning Sommerro, Hayden Powell, Andr\u00e9 Roligheten og mange fler sto p\u00e5 \u00e5rets artistliste.<\/p>\n<p>Se <a href=\"http:\/\/klangfestivalen.no\/?page_id=586\">program<\/a> og <a href=\"http:\/\/klangfestivalen.no\/?page_id=592\">artistliste<\/a> her.<\/p>\n<p><a href=\"http:\/\/klangfestivalen.no\/wp-content\/uploads\/2017\/04\/Klang2016_2.jpg\"><img loading=\"lazy\" decoding=\"async\" class=\"alignnone wp-image-821\" src=\"http:\/\/klangfestivalen.no\/wp-content\/uploads\/2017\/04\/Klang2016_2-225x300.jpg\" alt=\"Klang2016_2\" width=\"313\" height=\"417\" srcset=\"https:\/\/klangfestivalen.no\/wp-content\/uploads\/2017\/04\/Klang2016_2-225x300.jpg 225w, https:\/\/klangfestivalen.no\/wp-content\/uploads\/2017\/04\/Klang2016_2-768x1024.jpg 768w, https:\/\/klangfestivalen.no\/wp-content\/uploads\/2017\/04\/Klang2016_2.jpg 1536w\" sizes=\"auto, (max-width: 313px) 100vw, 313px\" \/><br \/>\n<\/a><a href=\"http:\/\/klangfestivalen.no\/wp-content\/uploads\/2017\/04\/Klang2016_3.jpg\"><img loading=\"lazy\" decoding=\"async\" class=\"alignnone wp-image-820\" src=\"http:\/\/klangfestivalen.no\/wp-content\/uploads\/2017\/04\/Klang2016_3-300x225.jpg\" alt=\"Klang2016_3\" width=\"315\" height=\"236\" srcset=\"https:\/\/klangfestivalen.no\/wp-content\/uploads\/2017\/04\/Klang2016_3-300x225.jpg 300w, https:\/\/klangfestivalen.no\/wp-content\/uploads\/2017\/04\/Klang2016_3-768x576.jpg 768w, https:\/\/klangfestivalen.no\/wp-content\/uploads\/2017\/04\/Klang2016_3-1024x768.jpg 1024w, https:\/\/klangfestivalen.no\/wp-content\/uploads\/2017\/04\/Klang2016_3.jpg 2048w\" sizes=\"auto, (max-width: 315px) 100vw, 315px\" \/><\/a><a href=\"http:\/\/klangfestivalen.no\/wp-content\/uploads\/2017\/04\/Klang2016_4.jpg\"><br \/>\n<\/a><a href=\"http:\/\/klangfestivalen.no\/wp-content\/uploads\/2017\/04\/2016-08-12-19.16.20.jpg\"><img loading=\"lazy\" decoding=\"async\" class=\"wp-image-845 alignnone\" src=\"http:\/\/klangfestivalen.no\/wp-content\/uploads\/2017\/04\/2016-08-12-19.16.20-225x300.jpg\" alt=\"2016-08-12 19.16.20\" width=\"302\" height=\"402\" srcset=\"https:\/\/klangfestivalen.no\/wp-content\/uploads\/2017\/04\/2016-08-12-19.16.20-225x300.jpg 225w, https:\/\/klangfestivalen.no\/wp-content\/uploads\/2017\/04\/2016-08-12-19.16.20-768x1024.jpg 768w\" sizes=\"auto, (max-width: 302px) 100vw, 302px\" \/><br \/>\n<\/a><a href=\"http:\/\/klangfestivalen.no\/wp-content\/uploads\/2017\/04\/2016-08-13-16.37.19.jpg\"><img loading=\"lazy\" decoding=\"async\" class=\" wp-image-846 alignnone\" src=\"http:\/\/klangfestivalen.no\/wp-content\/uploads\/2017\/04\/2016-08-13-16.37.19-300x225.jpg\" alt=\"2016-08-13 16.37.19\" width=\"343\" height=\"257\" srcset=\"https:\/\/klangfestivalen.no\/wp-content\/uploads\/2017\/04\/2016-08-13-16.37.19-300x225.jpg 300w, https:\/\/klangfestivalen.no\/wp-content\/uploads\/2017\/04\/2016-08-13-16.37.19-768x576.jpg 768w, https:\/\/klangfestivalen.no\/wp-content\/uploads\/2017\/04\/2016-08-13-16.37.19-1024x768.jpg 1024w\" sizes=\"auto, (max-width: 343px) 100vw, 343px\" \/><br \/>\n<\/a><a href=\"http:\/\/klangfestivalen.no\/wp-content\/uploads\/2017\/04\/2016-08-14-14.47.43.jpg\"><img loading=\"lazy\" decoding=\"async\" class=\" wp-image-847 alignnone\" src=\"http:\/\/klangfestivalen.no\/wp-content\/uploads\/2017\/04\/2016-08-14-11.30.02-300x225.jpg\" alt=\"2016-08-14 11.30.02\" width=\"343\" height=\"257\" srcset=\"https:\/\/klangfestivalen.no\/wp-content\/uploads\/2017\/04\/2016-08-14-11.30.02-300x225.jpg 300w, https:\/\/klangfestivalen.no\/wp-content\/uploads\/2017\/04\/2016-08-14-11.30.02-768x576.jpg 768w, https:\/\/klangfestivalen.no\/wp-content\/uploads\/2017\/04\/2016-08-14-11.30.02-1024x768.jpg 1024w\" sizes=\"auto, (max-width: 343px) 100vw, 343px\" \/><br \/>\n<\/a><a href=\"http:\/\/klangfestivalen.no\/wp-content\/uploads\/2017\/04\/2016-08-14-14.47.43.jpg\"><img loading=\"lazy\" decoding=\"async\" class=\"alignnone wp-image-848\" src=\"http:\/\/klangfestivalen.no\/wp-content\/uploads\/2017\/04\/2016-08-14-14.47.43-225x300.jpg\" alt=\"2016-08-14 14.47.43\" width=\"294\" height=\"392\" srcset=\"https:\/\/klangfestivalen.no\/wp-content\/uploads\/2017\/04\/2016-08-14-14.47.43-225x300.jpg 225w, https:\/\/klangfestivalen.no\/wp-content\/uploads\/2017\/04\/2016-08-14-14.47.43-768x1024.jpg 768w\" sizes=\"auto, (max-width: 294px) 100vw, 294px\" \/><\/a><\/p>\n","protected":false},"excerpt":{"rendered":"<p>Den tredje Klangfestivalen 12-14. august 2016, ble den f\u00f8rste i regn! Vi m\u00e5tte [&hellip;]<\/p>\n","protected":false},"author":1,"featured_media":0,"parent":0,"menu_order":0,"comment_status":"closed","ping_status":"closed","template":"","meta":{"footnotes":""},"class_list":["post-818","page","type-page","status-publish","hentry"],"_links":{"self":[{"href":"https:\/\/klangfestivalen.no\/index.php?rest_route=\/wp\/v2\/pages\/818","targetHints":{"allow":["GET"]}}],"collection":[{"href":"https:\/\/klangfestivalen.no\/index.php?rest_route=\/wp\/v2\/pages"}],"about":[{"href":"https:\/\/klangfestivalen.no\/index.php?rest_route=\/wp\/v2\/types\/page"}],"author":[{"embeddable":true,"href":"https:\/\/klangfestivalen.no\/index.php?rest_route=\/wp\/v2\/users\/1"}],"replies":[{"embeddable":true,"href":"https:\/\/klangfestivalen.no\/index.php?rest_route=%2Fwp%2Fv2%2Fcomments&post=818"}],"version-history":[{"count":9,"href":"https:\/\/klangfestivalen.no\/index.php?rest_route=\/wp\/v2\/pages\/818\/revisions"}],"predecessor-version":[{"id":1378,"href":"https:\/\/klangfestivalen.no\/index.php?rest_route=\/wp\/v2\/pages\/818\/revisions\/1378"}],"wp:attachment":[{"href":"https:\/\/klangfestivalen.no\/index.php?rest_route=%2Fwp%2Fv2%2Fmedia&parent=818"}],"curies":[{"name":"wp","href":"https:\/\/api.w.org\/{rel}","templated":true}]}}