{"id":831,"date":"2017-04-16T12:44:10","date_gmt":"2017-04-16T12:44:10","guid":{"rendered":"http:\/\/klangfestivalen.no\/?page_id=831"},"modified":"2026-04-18T07:16:45","modified_gmt":"2026-04-18T05:16:45","slug":"fra-festivalsjefen","status":"publish","type":"page","link":"https:\/\/klangfestivalen.no\/?page_id=831","title":{"rendered":"Velkommen"},"content":{"rendered":"<div class=\"wp-block-image\">\n<figure class=\"aligncenter size-full\"><a href=\"https:\/\/klangfestivalen.no\/wp-content\/uploads\/2026\/04\/Mooya.png\"><img loading=\"lazy\" decoding=\"async\" width=\"703\" height=\"532\" src=\"https:\/\/klangfestivalen.no\/wp-content\/uploads\/2026\/04\/Mooya.png\" alt=\"\" class=\"wp-image-2816\" srcset=\"https:\/\/klangfestivalen.no\/wp-content\/uploads\/2026\/04\/Mooya.png 703w, https:\/\/klangfestivalen.no\/wp-content\/uploads\/2026\/04\/Mooya-300x227.png 300w\" sizes=\"auto, (max-width: 703px) 100vw, 703px\" \/><\/a><\/figure>\n<\/div>\n\n<p style=\"text-align: center;\">Mellom bakkar og berg utmed havet <br \/>heve nordmannen fenge sin heim, <br \/>der han sj\u00f8lv heve tuftene grave <br \/>og sett sj\u00f8lv sine hus opp\u00e5 deim.<\/p>\n<p>Kj\u00e6re publikum!<\/p>\n<p>Velkommen til seinsommarens vakraste eventyr; Klangfestivalen i V\u00e5g\u00f8y kyrkje og Hoem grendahus!<\/p>\n<p>\u00c5rets tema er HAVET.<\/p>\n<p>Det blir bygdekino med framsyning av publikumssuksessen \u00abHavfolket\u00bb &#8211; ei perle av ein film som er ei heilhjarta kj\u00e6rleikserkl\u00e6ring til kysten og kystfolket.<\/p>\n<p>Ine Hoem kjem med sine songar. Hanne Marit Mordal Iversen og Revaz Abramia blir gjennomg\u00e5ande musikarar i \u00e5r.<\/p>\n<p>Havet gjev, og havet tek. Laurdag f\u00e5r vi h\u00f8yre om det dramatiske Rokta-forliset som hende p\u00e5 Hustadvika i 1938. Ein skodespelar les historia fr\u00e5 ein av dei overlevande, saman med TrondheimSolistene.<\/p>\n<p>P\u00e5 kvelden blir det allsong: \u00abS\u00e5 lenge skutan kan g\u00e5\u00bb. Det blir songar av Evert Taube og ikkje minst 100-\u00e5rsjubilanten Erik Bye.<\/p>\n<p>S\u00f8ndag blir den tradisjonelle konsertgudstenesta halden, med kor og solistar.<\/p>\n<p>Etter gudstenesta blir det nedlegging av krans p\u00e5 minnesmerket over omkomne sj\u00f8folk og fiskarar fr\u00e5 V\u00e5g\u00f8y sokn, f\u00f8r vi rundar av med kyrkjekaffi.<\/p>\n<p>&nbsp;<\/p>\n<p>Velkomne skal de vera!<\/p>\n\n\n<hr class=\"wp-block-separator has-alpha-channel-opacity\"\/>\n\n\n\n<p><\/p>\n","protected":false},"excerpt":{"rendered":"<p>Mellom bakkar og berg utmed havet heve nordmannen fenge sin heim, der han [&hellip;]<\/p>\n","protected":false},"author":1,"featured_media":0,"parent":0,"menu_order":0,"comment_status":"closed","ping_status":"closed","template":"","meta":{"footnotes":""},"class_list":["post-831","page","type-page","status-publish","hentry"],"_links":{"self":[{"href":"https:\/\/klangfestivalen.no\/index.php?rest_route=\/wp\/v2\/pages\/831","targetHints":{"allow":["GET"]}}],"collection":[{"href":"https:\/\/klangfestivalen.no\/index.php?rest_route=\/wp\/v2\/pages"}],"about":[{"href":"https:\/\/klangfestivalen.no\/index.php?rest_route=\/wp\/v2\/types\/page"}],"author":[{"embeddable":true,"href":"https:\/\/klangfestivalen.no\/index.php?rest_route=\/wp\/v2\/users\/1"}],"replies":[{"embeddable":true,"href":"https:\/\/klangfestivalen.no\/index.php?rest_route=%2Fwp%2Fv2%2Fcomments&post=831"}],"version-history":[{"count":54,"href":"https:\/\/klangfestivalen.no\/index.php?rest_route=\/wp\/v2\/pages\/831\/revisions"}],"predecessor-version":[{"id":2819,"href":"https:\/\/klangfestivalen.no\/index.php?rest_route=\/wp\/v2\/pages\/831\/revisions\/2819"}],"wp:attachment":[{"href":"https:\/\/klangfestivalen.no\/index.php?rest_route=%2Fwp%2Fv2%2Fmedia&parent=831"}],"curies":[{"name":"wp","href":"https:\/\/api.w.org\/{rel}","templated":true}]}}