{"id":889,"date":"2017-08-30T18:08:38","date_gmt":"2017-08-30T18:08:38","guid":{"rendered":"http:\/\/klangfestivalen.no\/?page_id=889"},"modified":"2024-01-12T21:06:32","modified_gmt":"2024-01-12T21:06:32","slug":"klangturne-2017","status":"publish","type":"page","link":"https:\/\/klangfestivalen.no\/?page_id=889","title":{"rendered":"Klangturn\u00e9en 2017"},"content":{"rendered":"<p><a href=\"https:\/\/klangfestivalen.no\/wp-content\/uploads\/2019\/09\/edvard_hoem_paal_audestad_.jpeg\"><img loading=\"lazy\" decoding=\"async\" class=\"alignnone size-medium wp-image-1379\" src=\"https:\/\/klangfestivalen.no\/wp-content\/uploads\/2019\/09\/edvard_hoem_paal_audestad_-300x200.jpeg\" alt=\"edvard_hoem_paal_audestad_\" width=\"300\" height=\"200\" srcset=\"https:\/\/klangfestivalen.no\/wp-content\/uploads\/2019\/09\/edvard_hoem_paal_audestad_-300x200.jpeg 300w, https:\/\/klangfestivalen.no\/wp-content\/uploads\/2019\/09\/edvard_hoem_paal_audestad_-768x512.jpeg 768w, https:\/\/klangfestivalen.no\/wp-content\/uploads\/2019\/09\/edvard_hoem_paal_audestad_-1024x683.jpeg 1024w\" sizes=\"auto, (max-width: 300px) 100vw, 300px\" \/><\/a><\/p>\n<p><strong>Edvard Hoems LIVET<\/strong><\/p>\n<p>20-24. september 2017 turnerte Edvard Hoem i M\u00f8re og Romsdal sammen med musikerne <a href=\"http:\/\/www.jorunkvernberg.com\/#\/\" target=\"_blank\">Jorun Marie Kvernberg<\/a> p\u00e5 fele, <a href=\"http:\/\/www.hildebrunsvik.no\/\" target=\"_blank\">Hilde Brunsvik<\/a> p\u00e5 vokal og <a href=\"https:\/\/dagfilip.wordpress.com\/\" target=\"_blank\">Dag-Filip Roaldsnes<\/a> p\u00e5 piano. P\u00e5 repertoaret sto forfatterens upubliserte dikt, ny og gammel musikk, og litt til.<\/p>\n<p>Edvard Hoem debuterte som poet. Romanene, skuespillene, gjendiktningene, artiklene, biografiene, salmene osv kom etterp\u00e5.<\/p>\n<p>I denne konserten, som litt uh\u00f8ytidelig fikk tittelen Edvard Hoems LIVET, vendte han tilbake til sitt f\u00f8rste litter\u00e6re uttrykk.<\/p>\n<p><strong>Turn\u00e9datoer<\/strong><br \/>\n20. september kl. 1900: Ivar Aasen-tunet, \u00d8rsta<br \/>\n21. september kl. 1900: Valder\u00f8y kyrkje, Johanneskapellet<br \/>\n22. september kl. 1900: Bud kyrkje<br \/>\n24. september kl. 1900: Vestnes kyrkje<\/p>\n","protected":false},"excerpt":{"rendered":"<p>Edvard Hoems LIVET 20-24. september 2017 turnerte Edvard Hoem i M\u00f8re og Romsdal [&hellip;]<\/p>\n","protected":false},"author":1,"featured_media":0,"parent":0,"menu_order":0,"comment_status":"closed","ping_status":"closed","template":"","meta":{"footnotes":""},"class_list":["post-889","page","type-page","status-publish","hentry"],"_links":{"self":[{"href":"https:\/\/klangfestivalen.no\/index.php?rest_route=\/wp\/v2\/pages\/889","targetHints":{"allow":["GET"]}}],"collection":[{"href":"https:\/\/klangfestivalen.no\/index.php?rest_route=\/wp\/v2\/pages"}],"about":[{"href":"https:\/\/klangfestivalen.no\/index.php?rest_route=\/wp\/v2\/types\/page"}],"author":[{"embeddable":true,"href":"https:\/\/klangfestivalen.no\/index.php?rest_route=\/wp\/v2\/users\/1"}],"replies":[{"embeddable":true,"href":"https:\/\/klangfestivalen.no\/index.php?rest_route=%2Fwp%2Fv2%2Fcomments&post=889"}],"version-history":[{"count":15,"href":"https:\/\/klangfestivalen.no\/index.php?rest_route=\/wp\/v2\/pages\/889\/revisions"}],"predecessor-version":[{"id":2046,"href":"https:\/\/klangfestivalen.no\/index.php?rest_route=\/wp\/v2\/pages\/889\/revisions\/2046"}],"wp:attachment":[{"href":"https:\/\/klangfestivalen.no\/index.php?rest_route=%2Fwp%2Fv2%2Fmedia&parent=889"}],"curies":[{"name":"wp","href":"https:\/\/api.w.org\/{rel}","templated":true}]}}