{"id":905,"date":"2018-03-01T19:21:56","date_gmt":"2018-03-01T19:21:56","guid":{"rendered":"http:\/\/klangfestivalen.no\/?page_id=905"},"modified":"2018-08-01T08:22:20","modified_gmt":"2018-08-01T08:22:20","slug":"artister-2018","status":"publish","type":"page","link":"https:\/\/klangfestivalen.no\/?page_id=905","title":{"rendered":"Artister 2018"},"content":{"rendered":"<p><strong><a href=\"https:\/\/roligheten.com\/\" target=\"_blank\">Andr\u00e9 Roligheten<\/a> (1985), saksofonist, komponist, fra Skien\u00a0<\/strong><br \/>\nAndr\u00e9 har g\u00e5tt p\u00e5 jazzlinja i Trondheim og Oslo, spilt i band som Albatrosh, Waldemar 4 (med Trygve Fiske), Team Hegdal, Trondheim Jazzorkester og Gard Nilssen\u2019s Acoustic Unity, jobbet med Theo Bleckmann, Django Bates, Bugge Wesseltoft, Per Zanussi og Ola Kvernberg, for \u00e5 nevne noen, og har f\u00e5tt mye oppmerksomhet for h\u00f8stens album \u201dHomegrown\u201d med eget materiale og kvartett i eget navn. Andr\u00e9 spiller i inn- og utland og p\u00e5 mange plater, f\u00e5r priser, blir rost av kritikere og tatt i mot av publikum for sitt tighte, overraskende, varme og s\u00e6rpregede spill. Andr\u00e9s kommer til Klangfestivalen for tredje gang, i \u00e5r h\u00f8rer vi ham i jazzmannfolkrekka Roaldsnes Fem p\u00e5 Henning Sommerros konsert l\u00f8rdag kl 1830, og p\u00e5 konsertgudstjenesten s\u00f8ndag kl 1200.<\/p>\n<p><strong><a href=\"http:\/\/www.nordicartistsmanagement.com\/artists\/ann-helen-moen-soprano\" target=\"_blank\">Ann Helen Moen<\/a>\u00a0(1969), sopran, fra Molde<br \/>\n<\/strong>Ann Helen er utdannet fra Griegakademiet i Bergen og Operaakademiet i K\u00f8benhavn\u00a0f\u00f8r hun ble ansatt ved operaen i Graz, \u00d8sterrike. Hun har sunget over hele Europa og i USA, hvor hun hadde sin debut i Carnegie Hall med bl.a. Leif Ove Andsnes. Med stor stemme, sterk tilstedev\u00e6relse og overbevisende musikalitet har hun sunget mange av operaverdens store kvinneroller, som Donna Anna, Donna Elvira og Zerlina i \u201d<em>Don Giovanni\u201d<\/em><em>,<\/em> Grevinnen i\u00a0\u201d<em>Figaros bryllup\u201d<\/em>, Pamina i\u00a0\u201d<em>Tryllefl\u00f8yten\u201d<\/em>, Mimi i\u00a0\u201d<em>La boh\u00e8me\u201d<\/em>, Lauretta i\u00a0\u201d<em>Gianni Schicchi\u201d<\/em><em>\u00a0<\/em>og Madama Butterfly. Hun har sunget p\u00e5 operascener i Oslo, Hannover, Z\u00fcrich, K\u00f8benhavn og Paris for \u00e5 nevne noen, og konsertscener verden rundt, som Japan, Leipzig og Bergen. Til Klangfestivalen kommer hun for andre gang, etter en forrykende innsats p\u00e5 den f\u00f8rste festivalen i 2014. Hun sang ogs\u00e5 i operaen \u201dFiskaren Rasmus og felemusikken\u201d av Knut Anders Vestad til V\u00e5g\u00f8y kyrkjes 100-\u00e5rsjubileum i 2004. Denne gangen h\u00f8rer vi Ann Helen i verkstedkonserten STEMMER! p\u00e5 Hoem grendahus l\u00f8rdag kl 15, med Karl Seglem, Jorun Marie Kvernberg og Hilde Brunsvik, i Henning Sommerros konsert samme dag kl 1830, og i avslutningskonserten Haugtussa s\u00f8ndag kl 1200, med K\u00e5re Nordstoga, Atle Sponberg, Henning Sommerro og Edvard Hoem.<\/p>\n<p><strong><a href=\"http:\/\/atlesponberg.com\/\" target=\"_blank\">Atle Sponberg<\/a>\u00a0(1964), fiolinist, fra Gj\u00f8vik<br \/>\n<\/strong>Atle studerte ved Norges Musikkh\u00f8gskole f\u00f8r turen gikk videre til Amsterdam og Salzburg. Han er en av de mest profilerte fiolinister i sin generasjon med en milelang merittliste som inkluderer konserter, turneer, plater og priser. Han har v\u00e6rt solist med Oslo Filharmoniske orkester, Kringkastingsorkesteret, Bergen Filharmoniske, Kristiansand symfoniorkester, Troms\u00f8 kammerorkester og Pori Sinfonietta i Finland, har gjestet festivaler i England, Irland, Finland, Italia, Tyskland, Danmark, Sverige, Nederland, Australia og Norge og spilt med navn som Adrian Brendel, Prya Mitchell, Christian Poltera, Kathryn Stott, Jan Erik Gustavson, Alexander Sitkovetski, Piers Lane, Henning Kraggerud, Arvid Engeg\u00e5rd, H\u00e5vard Gimse, \u00d8ystein Birkeland og Helge Iberg fra den klassiske verden, i ensembler som Vertavokvartetten, Engg\u00e5rdkvartetten og Tango for 3, og som sidemann med s\u00e5 ulike musikere som Wenche Myhre, Tine Ting Helseth, Dimmu Borgir, Vidar Busk og deLillos! Atle har ogs\u00e5 en stor lidenskap for argentinsk tango, som han har studert i Buenos Aires med fiolinlegenden Soares Paz og spilt i flere \u00e5r med akkordeonisten Frode Haltli. Atle spiller p\u00e5 en fiolin laget av Giovanni Battista Guadagnini i Milano i 1752, utl\u00e5nt av Sparebankstiftelsen. Han kommer til Klangfestivalen for f\u00f8rste gang og vi h\u00f8rer ham i konserten Tango! med bandoneonist \u00c5sbj\u00f8rg Ryeng l\u00f8rdag kl 1700, og avslutningskonserten Haugtussa s\u00f8ndag kl 1400 med Ann Helen Moen, K\u00e5re Nordstoga, Henning Sommerro og Edvard Hoem.<\/p>\n<p><strong><a href=\"https:\/\/dagfilip.wordpress.com\/\" target=\"_blank\">Dag-Filip Roaldsnes<\/a>\u00a0(1984), pianist, komponist, fra Valder\u00f8ya<\/strong><br \/>\nDag-Filip fant tidlig veien til Ungjazz i \u00c5lesund, og videre til jazzstudier ved Norges Musikkh\u00f8gskole. Han har jobbet med folk som Karl Seglem, Frode Haltli, Anja Skybakmoen og Hanna Paulsberg, spilt med The Margarets og \u00c5lesund Strykekvartett, Mats Eilertsen og K\u00e5re Nymark jr, Nils-\u00d8ivind Haagensen og Edvard Hoem, og i solo- og bandprosjekter i eget navn, inkludert to kritikerroste album. Med musikalsk bakgrunn fra bedehus og jazz til europeisk kunstmusikk maler Dag-Filip med mange farger i paletten. Han har spilt p\u00e5 Klangfestivalen siden starten i 2014, som solist, bandleder og komponist. P\u00e5 \u00e5rets festival h\u00f8rer vi ham i \u00e5pningskonserten Raudan gull fredag kl 1900, og som leder for jazzstjernelaget Roaldsnes Fem, som spiller med Henning Sommerro l\u00f8rdag kl 1830, og konsertgudstjeneste s\u00f8ndag kl 1200.<\/p>\n<p><strong><a href=\"http:\/\/www.oktober.no\/Forfattere\/Norske\/Hoem-Edvard\" target=\"_blank\">Edvard Hoem<\/a>\u00a0(1949), forfatter, fra Hoem<br \/>\n<\/strong>Edvard er en av landets mest respekterte og leste forfattere. Oppvokst p\u00e5 Hoem, noen steinkast fra V\u00e5g\u00f8y kyrkje, m\u00f8tte han bibelen i barndomshjemmet, eksistensialismen og verdenslitteraturen som ten\u00e5ring i Molde, teatret og den politiske radikaliseringen som student i Oslo. Forfatterskapet begynte med poesi, gikk videre til romaner, skuespill, librettoer, sanger, salmer, gjendiktninger, ikke minst av Shakespeare, biografier, artikler og essays. Han er prisbel\u00f8nt, kritikerrost og etterspurt, og har bes\u00f8kt de fleste byer, tettsteder, veikryss, knauser og nes i landet. De siste \u00e5rene har han skrevet romaner om de som utvandret til Amerika og de som ble hjemme. Edvard har hatt ulike litter\u00e6re og musikalske programmer p\u00e5 Klangfestivalen siden starten i 2014. I \u00e5r deltar han p\u00e5 avslutningskonserten Haugtussa s\u00f8ndag kl 1400.<\/p>\n<p><strong>Gunn Sissel Bakken H\u00e5seth (1967), kantor, fra Kvernes<br \/>\n<\/strong>Gunn Sissel studerte kirkemusikk ved Musikkonservatoriet i Trondheim og har v\u00e6rt kantor i V\u00e5g\u00f8y og Fr\u00e6na siden 1997. Gunn Sissel har trukket i festivaltr\u00e5dene siden starten i 2014, i \u00e5r dirigerer hun festivalens eget Klangkor p\u00e5 konsertgudstjenesten s\u00f8ndag kl 1200.<\/p>\n<p><strong><a href=\"https:\/\/haydenpowell.com\/\" target=\"_blank\">Hayden Powell<\/a>\u00a0(1983), trompeter, komponist, engelskmann fra Molde<\/strong><br \/>\nHayden tr\u00e5dte sine musikerbarnesko i korpsmilj\u00f8et i Molde og tradjazz-bandet Dixi. Siden ble det jazzlinjer i Trondheim og Oslo, kritikerroste prosjekter og plater, mange jern i ilden og stor suksess i inn- og utland. Med original, leken og dynamisk kammerjazz har Hayden Powell Trio spilt konserter og p\u00e5 festivaler over hele landet, og utgitt kritikerroste plater, sist \u00e5rets \u201dSix Comissions\u201d. Samtidig har Hayden spilt i prosjekter med Ola Kvernberg, Albatrosh (med Andr\u00e9 Roligheten), Trondheim Jazzorkester og Valkyrien Allstars, og med folk som Natacha Atlas og Solfrid Molland. Hayden kommer til Klangfestivalen for tredje gang, sammen med makker Andr\u00e9 utgj\u00f8r han bl\u00e5serekka i Roaldsnes Fem, som spiller med Henning Sommerro l\u00f8rdag kl 1830, og konsertgudstjeneste s\u00f8ndag kl 1200.<\/p>\n<p><strong><a href=\"https:\/\/no.wikipedia.org\/wiki\/Henning_Sommerro\" target=\"_blank\">Henning Sommerro<\/a>\u00a0(1952), komponist, artist, fra Surnadal\u00a0\u00a0<\/strong><br \/>\nSiden gjennombruddet med V\u00e5rs\u00f8g i 1977 har Henning f\u00f8ket inn- og utland rundt i alle slags konstellasjoner og p\u00e5 egen h\u00e5nd. Han har spilt med de fleste, kjente og ukjente, Erik Bye og Sigmund Groven, John P\u00e5l Inderberg og Bj\u00f8rn Alterhaug, Arve Tellefsen og Palle Mikkelborg, \u00c5ge Alexandersen og Trondheimsolistene for \u00e5 nevne noen. Han har skrevet en lang rekke verk for teater, film, kor og ulike ensembler, messer, salmer \u2013 mange med Edvard Hoem &#8211; og en samling sanger som for lengst har blitt allemannseie. Henning lager musikkfest med b\u00e5de h\u00f8ytid og fyrverkeri hvor han enn viser seg, og er ikke lei av landeveien enn\u00e5. Han spiller p\u00e5 Klangfestival for fjerde gang, denne gangen synger han noen av sine mest folkekj\u00e6re sanger i arrangement av jazzlaget Roaldsnes Fem l\u00f8rdag kl 1830. Vi h\u00f8rer ham ogs\u00e5 i avslutningskonserten Haugtussa sammen med Ann Helen Moen, K\u00e5re Nordstoga, Atle Sponberg og Edvard Hoem.<\/p>\n<p><strong><a href=\"http:\/\/www.hildebrunsvik.no\/\" target=\"_blank\">Hilde Brunsvik<\/a>\u00a0(1959), sanger, l\u00e5tskriver, forfatter, fra Moss<\/strong><br \/>\nHilde synger egne og andres l\u00e5ter, i et veikryss hvor jazz m\u00f8ter soul og blues. Hun er utdannet idehistoriker fra Universitet i Oslo og sanger fra Complete Vocal Institute i K\u00f8benhavn, har publisert noveller, romaner og en musikerbiografi. Hilde er Klangfestivalens grunnlegger, sjef og bakkemannskap. Vi h\u00f8rer henne i verkstedkonserten STEMMER! p\u00e5 Hoem grendahus l\u00f8rdag kl 1500, med Ann Helen Moen, Jorun Marie Kvernberg og Karl Seglem.<\/p>\n<p><strong>Ihne Sm\u00e5ge Hunnes (2001), gitarist, fra Aukra<br \/>\n<\/strong>Ihne g\u00e5r p\u00e5 musikklinja p\u00e5 Molde vgs. Hun har tatt gitartimer i tre \u00e5r, men har spilt siden ungdomsskolen. Duoen med vokalist Julie L\u00f8seth Bergset startet opp i begynnelsen av skole\u00e5ret. Ihne spiller p\u00e5 Klangfestival for f\u00f8rste gang, vi h\u00f8rer henne sammen med Julie p\u00e5 \u00e5pningen fredag kl 1800.<br \/>\n<a href=\"http:\/\/www.hildebrunsvik.no\/\" target=\"_blank\"><br \/>\n<\/a><strong><a href=\"https:\/\/www.nrk.no\/mr\/jarle-sanden-er-_arets-i_-1.13156542\" target=\"_blank\">Jarle Sanden<\/a>\u00a0(1951), direkt\u00f8r p\u00e5 Romsdalsmuseet, fra Molde<br \/>\n<\/strong>Jarle danset i Romsdalsmuseets leikarring fra han var \u00e5tte, under Mali Furunes sin ledelse, en magisk dame, forteller Jarle, som var med og stiftet Det norske teatret i Oslo, og i milj\u00f8et rundt Hulda Garborg. Jarles museumsinteresse var tent, han var sommeromviser p\u00e5 museet, tok magistergrad i etnologi ved universitetet i Oslo med en avhandling om landnotfiske p\u00e5 Gossen, og ble fast ansatt ved museet i 1980, da som avdelingsleder p\u00e5 fiskerimuseet p\u00e5 Hjert\u00f8ya. Direkt\u00f8rjobben fikk han i 1994. Som leder av museet i snart tjuefem \u00e5r har han arbeidet med \u00e5 samle fylkets museer fra Ona til Eikesdalen i en helhet under Romsdalsmuseet, \u00e5pne opp museet med utstillinger med bred publikumsappell, og ikke minst med byggingen av \u201dKrona\u201d, det markante nye utstillings- og magasinbygget som ble \u00e5pnet i 2016. Jarle kommer til Klangfestivalen for f\u00f8rste gang, vi h\u00f8rer ham fortelle om Romsdalskultur og andre morsomme ting under \u00e5pningen fredag kl 1800.<\/p>\n<p><strong><a href=\"http:\/\/www.jorunkvernberg.com\/#\/\" target=\"_blank\">Jorun Marie Kvernberg<\/a>\u00a0(1979) folkemusiker, fra Elnesv\u00e5gen<br \/>\n<\/strong>Jorun Marie vokste opp med b\u00e5de folkemusikk og klassisk musikk og spilte fele hjemme og piano p\u00e5 Fr\u00e6na kulturskole. Hun har studert hardingfele p\u00e5 folkeh\u00f8gskolen p\u00e5 Voss og folkemusikk p\u00e5 Norges Musikkh\u00f8gskole og spiller i ensembler som Majorstuen, Tindra, Unni Boksasp Ensemble og Gabriel Fliflets Valseria. Som soloartist jobber hun s\u00e6rlig med folkemusikken fra M\u00f8re og Romsdal og materiale fra bestefaren Peter L. Rypdal. Jorun Marie kommer til Klangfestivalen for fjerde gang, denne gangen st\u00e5r hun sammen med Karl Seglem i front for Romsdalsstrykerne og elever fra omr\u00e5dets kulturskuler i \u00e5pningskonserten fredag kl 1900. Vi h\u00f8rer henne ogs\u00e5 i verkstedkonserten STEMMER! i Hoem grendahus l\u00f8rdag kl 1500.<\/p>\n<p><strong>Julie L\u00f8seth Bergset (2001), vokalist, fra Fr\u00e6na<br \/>\n<\/strong>Julie g\u00e5r p\u00e5 musikklinja p\u00e5 Molde vgs. Hun har tatt sangtimer i fire \u00e5r, men har sunget siden f\u00f8rste klasse p\u00e5 barneskolen. Duoen med Ihne Sm\u00e5ge Hunnes har vart et skole\u00e5r. Julie er p\u00e5 Klangfestival for f\u00f8rste gang og spiller p\u00e5 \u00e5pningen av festivalen fredag kl 1800, sammen med makker Ihne.<\/p>\n<p><strong><a href=\"https:\/\/www.karlseglem.no\/\" target=\"_blank\">Karl Seglem<\/a>\u00a0(1961), saksofonist, komponist, poet, fra \u00c5rdalstangen<br \/>\n<\/strong>Karl fikk overlevert en saksofon p\u00e5 en korps\u00f8ving, med greptabell og beskjed om \u00e5 g\u00e5 hjem og finne ut hvordan man lager lyd i dette instrumentet. Det fant han ut, siden har han skapt sitt eget s\u00e6regne musikalske landskap med impulser fra frijazz, nordiske folketoner og noe som\u00a0renner i dypet og kanskje ikke har noe sjangernavn. Musikken har f\u00f8rt ham til samarbeid med\u00a0en lang rekke framst\u00e5ende musikere, som H\u00e5kon H\u00f8gemo, Andreas Ulvo, K\u00e5re Opheim, Arve Henriksen, Berit Opheim, Terje Isungset, Jon Eberson og Daniel Herskedal. Han platedebuterte i 1983 med medelev fra Voss Folkeh\u00f8gskule, n\u00e5 avd\u00f8de Kenneth Sivertsen, siden har det blitt\u00a0en lang rekke kritikerroste plater,\u00a0konserter over store deler av verden,\u00a0diverse Spellemann-nominasjoner, eget plateselskap, det velrenommerte NorCD, i tillegg til flere diktsamlinger og barneb\u00f8ker. Tretti \u00e5r etter at saksofonen ble stukket i hendene hans, kom et nytt instrument. Etter en konsert ga en mann ham et bukkehorn med ordene &laquo;ditta ska du ha&raquo;. S\u00e5 var det \u00e5 g\u00e5 i gang igjen. Karl spiller p\u00e5 Klangfestival for tredje gang, sist vi h\u00f8rte ham var i bestillingsverket \u201dI Karls rike\u201d i 2015. I \u00e5r h\u00f8rer vi ham i \u00e5pningskonserten Raudan gull fredag kl 1900, med Jorun Marie Kvernberg og kulturskoleelever fra omr\u00e5det, og i verkstedkonserten STEMMER! p\u00e5 Hoem grendahus l\u00f8rdag kl 1500, med Ann Helen Moen, Jorun Marie Kvernberg og Hilde Brunsvik.<\/p>\n<p><strong>Klangkoret<br \/>\n<\/strong>Klangkoret best\u00e5r av lokale og litt mindre lokale sangere som til vanlig synger i noen av de mange dyktige amat\u00f8rkorene i regionen. Klangfestivalkoret har bidratt med stemmer, farger og liv ved konserter og konsertgudstjenester siden festivalstart i 2014. I \u00e5r ledes koret av V\u00e5g\u00f8y kyrkjes egen kantor Gunn Sissel Bakken H\u00e5seth, og kan h\u00f8res p\u00e5 konsertgudstjenesten s\u00f8ndag kl 1200.<\/p>\n<p><strong><a href=\"https:\/\/no.wikipedia.org\/wiki\/K%C3%A5re_Nordstoga\" target=\"_blank\">K\u00e5re Nordstoga<\/a>\u00a0(1954), organist, komponist, fra Notodden<br \/>\n<\/strong>K\u00e5re fant veien til orgelkrakken i tidlig barndom og har siden holdt seg der. Han har studert ved Norges Musikkh\u00f8gskole og i England, og har v\u00e6rt domorganist i Oslo domkirke siden 1984. K\u00e5re er etterspurt over hele Europa og har tett kalender, spiller konsert i Notre Dame og begravelse for en bostedsl\u00f8s i Oslo med samme innsats, har f\u00e5tt Spellemannpris og Lindemannpris og er sl\u00e5tt til ridder av St. Olavs orden, er en av samtidens betydeligste Bach-tolkere b\u00e5de p\u00e5 plate og konsert, samarbeider med eliten i norsk musikkliv og utallige amat\u00f8rkor og \u2013musikere landet rundt, b\u00e5de i den klassiske tradisjonen og innen folkemusikken. K\u00e5re er p\u00e5 Klangfestival for fjerde gang og har tidligere spilt b\u00e5de Bach og Seglem p\u00e5 festivalen. Han var ogs\u00e5 med i operaen \u201dFiskaren Rasmus og felemusikken\u201d av Knut Anders Vestad, til V\u00e5g\u00f8y kyrkjes 100-\u00e5rsjubileum i 2004. Vi h\u00f8rer K\u00e5re p\u00e5 konsertgudstjenesten s\u00f8ndag kl 1200, og p\u00e5 avslutningskonserten Haugtussa samme dag kl 1400, med Ann Helen Moen, Atle Sponberg, Henning Sommerro og Edvard Hoem.<\/p>\n<p><strong><a href=\"http:\/\/www.franaposten.no\/nr012012\/kirke.html\" target=\"_blank\">Maria Vassli Gj\u00e6re<\/a>\u00a0(1983), prest, fra Kongsberg<br \/>\n<\/strong>Maria er utdannet fra Det Teologiske Menighetsfakultet, og ble ordinert i 2011. Hun har v\u00e6rt prest i V\u00e5g\u00f8y og Myrbostad sokn siden 2012. Maria har deltatt p\u00e5 Klangfestival siden 2015, b\u00e5de som korsanger og liturg. Vi h\u00f8rer henne p\u00e5 konsertgudstjenesten s\u00f8ndag kl 1200, den siste jobben hun gj\u00f8r som kapellan i soknet f\u00f8r hun reiser til Kr\u00e5ker\u00f8y utenfor Fredrikstad for \u00e5 bli sokneprest.<\/p>\n<p><strong><a href=\"https:\/\/www.facebook.com\/search\/top\/?q=Romsdalsstrykerne\" target=\"_blank\">Romsdalsstrykerne<br \/>\n<\/a><\/strong>Romsdalsstrykerne er et samarbeidsprosjekt for strykeoppl\u00e6ring i Romsdalskommunene. Orkesteret best\u00e5r av elever fra regionens kulturskoler og har en utstrakt seminar- og konsertvirksomhet. Det er f\u00f8rste gang orkesteret spiller p\u00e5 Klangfestivalen, og f\u00f8rste gang festivalen har s\u00e5 mange unge musikere p\u00e5 scenen. Vi h\u00f8rer dem i \u00e5pningskonserten Raudan gull fredag kl 1900, med Jorun Marie Kvernberg og Karl Seglem. Konserten er et samarbeid med Fr\u00e6na kulturskule.<\/p>\n<p><strong><a href=\"http:\/\/www.kirkeniaveroy.no\/Om-oss\/Medarbeidere\" target=\"_blank\">Sigurd Widvey Haugen <\/a>(1986), prest, fra Karm\u00f8y<br \/>\n<\/strong>Sigurd er rogalending med oldemor fra Gjemnes og slekt rundt forbi i Fr\u00e6na. Han er utdannet ved Menighetsfakultetet i Oslo, ble ordinert i 2012 i Oslo domkirke og kom til Aver\u00f8ya som sokneprest i Bremnes samme \u00e5r, 25 \u00e5r gammel. Han har sunget i kor det meste av livet, dirigert kor, spiller diverse instrumenter p\u00e5 hobbybasis og er opptatt av rikdommen som ligger i liturgi og tradisjon. Sigurd kommer til Klangfestivalen for f\u00f8rste gang og vi h\u00f8rer ham som liturg p\u00e5 konsertgudstjenesten s\u00f8ndag kl 1200 sammen med Maria Vassli Gj\u00e6re.<\/p>\n<p><strong><a href=\"http:\/\/www.toresandbakken.com\/\" target=\"_blank\">Tore Sandbakken<\/a>\u00a0(1985), perkusjonist, fra Trondheim\u00a0<\/strong><br \/>\nTores f\u00f8rste musikalske kj\u00e6rlighet var Steely Dan og The Beatles f\u00f8r han fant fram til jazzen og den improviserte musikken. Han er utdannet ved Norges Musikkh\u00f8gskole og Rytmisk Musikkonservatorium i K\u00f8benhavn, og er en allsidig og etterspurt perkusjonist med konserter i Norge, Europa, Japan og USA, med band som Mapping Oceans, Dag-Filip Roaldsnes Ensemble, Odd Steinar Albrigtsen Quintet, Speakeasy, Aphrodisiac og Bergljot. Han har jobbet med musikere som Jens Carelius, Jan Vard\u00f8en, Nils Petter Molv\u00e6r, Arrigo Cappelletti og Stein Bull-Hansen, en Spellemann-nominasjon har det ogs\u00e5 blitt. Tore har spilt p\u00e5 Klangfestivalen siden starten i 2014, vi h\u00f8rer ham i stjernerekka Roaldsnes Fem, som spiller med Henning Sommerro l\u00f8rdag kl 1830, og konsertgudstjeneste s\u00f8ndag kl 1200.<\/p>\n<p><strong><a href=\"https:\/\/no.wikipedia.org\/wiki\/Trygve_Waldemar_Fiske\" target=\"_blank\">Trygve Waldemar Fiske<\/a>\u00a0(1987), bassist, fra Frei<\/strong><br \/>\nTrygve fant en elbass i kjelleren i barndomshjemmet, siden har det v\u00e6rt ham og bassen. Han har g\u00e5tt jazzlinja i Trondheim og Oslo, f\u00e5tt Shellstipend og jobbet med folk som John P\u00e5 Inderberg, Heidi Skjerve og Ine Hoem, og er fast medlem i Hanna Paulsberg Concept. Siden 2014 har han ledet den kritikerroste kvartetten Waldemar 4, med blant andre Andr\u00e9 Roligheten. Trygve spiller med groove, oppfinnsomhet og varme, f\u00f8rste gang vi h\u00f8rte ham p\u00e5 Klangfestivalen var i 2015, i \u00e5r st\u00e5r han i jazzmannfolkrekka Roaldsnes Fem og spiller med Henning Sommerro l\u00f8rdag kl 1830, og konsertgudstjeneste s\u00f8ndag kl 1200.<\/p>\n<p><strong><a href=\"http:\/\/www.realentertainment.no\/aasbjoerg-ryeng-real-entertainment\/\" target=\"_blank\">\u00c5sbj\u00f8rg Ryeng<\/a>\u00a0(1992), bandoneonist, fra Trondheim<br \/>\n<\/strong>\u00c5sbj\u00f8rg begynte \u00e5 spille det argentinske trekkspillet bandoneon p\u00e5 kulturskolen i Trondheim som 10-\u00e5ring da K\u00e5re Jostein Simonsen startet et undervisningstilbud p\u00e5 instrumentet. Siden ble det studier p\u00e5 Norges Musikkh\u00f8gskole hos Per Arne Glorvigen, en av v\u00e5re fremste ut\u00f8vere p\u00e5 instrumentet. \u00c5sbj\u00f8rg har v\u00e6rt med i prosjekter med bl.a. Kringkastingsorkesteret, Nordnorsk Opera- og Symfoniorkester og Trondheim symfoniorkester. 2012-2013 spilte hun i musikalen \u201dEvita\u201d p\u00e5 Det Norske Teatret. Hun er for tiden aktuell med tangobandet El Muro som gir ut sin f\u00f8rste plate h\u00f8sten 2018. Med denne gruppa har hun de siste \u00e5rene turnert i Europa og Argentina. Hun har ogs\u00e5 utgitt plater med gruppene Tangueros del Norte, Los Osos Polares og Gl\u00f8d, og medvirket p\u00e5 plater med andre artister. Hun har hatt flere studieopphold i Buenos Aires hvor hun har hun tatt timer med noen av verdens fremste bandoneonister som Juan Jos\u00e9 Mosalini, Julio Pane og Pablo Mainetti. \u00c5sbj\u00f8rg kommer til Klangfestivalen for f\u00f8rste gang, vi h\u00f8rer henne sammen med fiolinist Atle Sponberg i konserten Tango! l\u00f8rdag kl 1700, og i Henning Sommerros konsert samme kveld kl 1830.<\/p>\n<p>&nbsp;<\/p>\n","protected":false},"excerpt":{"rendered":"<p>Andr\u00e9 Roligheten (1985), saksofonist, komponist, fra Skien\u00a0 Andr\u00e9 har g\u00e5tt p\u00e5 jazzlinja i [&hellip;]<\/p>\n","protected":false},"author":1,"featured_media":0,"parent":0,"menu_order":0,"comment_status":"closed","ping_status":"closed","template":"","meta":{"footnotes":""},"class_list":["post-905","page","type-page","status-publish","hentry"],"_links":{"self":[{"href":"https:\/\/klangfestivalen.no\/index.php?rest_route=\/wp\/v2\/pages\/905","targetHints":{"allow":["GET"]}}],"collection":[{"href":"https:\/\/klangfestivalen.no\/index.php?rest_route=\/wp\/v2\/pages"}],"about":[{"href":"https:\/\/klangfestivalen.no\/index.php?rest_route=\/wp\/v2\/types\/page"}],"author":[{"embeddable":true,"href":"https:\/\/klangfestivalen.no\/index.php?rest_route=\/wp\/v2\/users\/1"}],"replies":[{"embeddable":true,"href":"https:\/\/klangfestivalen.no\/index.php?rest_route=%2Fwp%2Fv2%2Fcomments&post=905"}],"version-history":[{"count":23,"href":"https:\/\/klangfestivalen.no\/index.php?rest_route=\/wp\/v2\/pages\/905\/revisions"}],"predecessor-version":[{"id":1043,"href":"https:\/\/klangfestivalen.no\/index.php?rest_route=\/wp\/v2\/pages\/905\/revisions\/1043"}],"wp:attachment":[{"href":"https:\/\/klangfestivalen.no\/index.php?rest_route=%2Fwp%2Fv2%2Fmedia&parent=905"}],"curies":[{"name":"wp","href":"https:\/\/api.w.org\/{rel}","templated":true}]}}